{"id":4672,"date":"2019-12-03T10:09:40","date_gmt":"2019-12-03T10:09:40","guid":{"rendered":"https:\/\/bookhut.pt\/produto\/las-columnas-de-hierro-de-la-cocina-del-monasterio-de-alcobaca-hipotesis-para-solucionar-un-enigma-aun-sin-resolver\/"},"modified":"2021-01-08T10:45:13","modified_gmt":"2021-01-08T10:45:13","slug":"las-columnas-de-hierro-de-la-cocina-del-monasterio-de-alcobaca-hipotesis-para-solucionar-un-enigma-aun-sin-resolver","status":"publish","type":"product","link":"https:\/\/bookhut.pt\/es\/produto\/las-columnas-de-hierro-de-la-cocina-del-monasterio-de-alcobaca-hipotesis-para-solucionar-un-enigma-aun-sin-resolver\/","title":{"rendered":"Las columnas de hierro de la cocina del monasterio de Alcoba\u00e7a | Hip\u00f3tesis para solucionar un enigma a\u00fan sin resolver"},"content":{"rendered":"<p>[vc_row][vc_column][vc_column_text]La cocina del Monasterio de Santa Mar\u00eda de Alcoba\u00e7a fue pionera en el uso del hierro en la construcci\u00f3n civil. Aunque a\u00fan existen algunos problemas sin resolver, de esta investigaci\u00f3n deriv\u00f3 esta obra que presenta varias hip\u00f3tesis. Una cocina que es un hito importante en la arqueolog\u00eda industrial, tanto nacional como internacional.[\/vc_column_text][\/vc_column][\/vc_row]<\/p>\n","protected":false},"excerpt":{"rendered":"<p>La cocina del Monasterio de Santa Mar\u00eda de Alcoba\u00e7a fue pionera en el uso del hierro en la construcci\u00f3n civil. Aunque a\u00fan existen algunos problemas sin resolver, de esta investigaci\u00f3n deriv\u00f3 esta obra que presenta varias hip\u00f3tesis. Una cocina que es un hito importante en la arqueolog\u00eda industrial, tanto nacional como internacional.<\/p>\n","protected":false},"featured_media":2053,"template":"","meta":[],"yoast_head":"<!-- This site is optimized with the Yoast SEO plugin v15.6 - https:\/\/yoast.com\/wordpress\/plugins\/seo\/ -->\n<title>Las columnas de hierro de la cocina del monasterio de Alcoba\u00e7a | Hip\u00f3tesis para solucionar un enigma a\u00fan sin resolver - Book Hut Editores<\/title>\n<meta name=\"robots\" content=\"index, follow, max-snippet:-1, max-image-preview:large, max-video-preview:-1\" \/>\n<link rel=\"canonical\" href=\"https:\/\/bookhut.pt\/es\/produto\/las-columnas-de-hierro-de-la-cocina-del-monasterio-de-alcobaca-hipotesis-para-solucionar-un-enigma-aun-sin-resolver\/\" \/>\n<meta property=\"og:locale\" content=\"es_ES\" \/>\n<meta property=\"og:type\" content=\"article\" \/>\n<meta property=\"og:title\" content=\"Las columnas de hierro de la cocina del monasterio de Alcoba\u00e7a | Hip\u00f3tesis para solucionar un enigma a\u00fan sin resolver - Book Hut Editores\" \/>\n<meta property=\"og:description\" content=\"La cocina del Monasterio de Santa Mar\u00eda de Alcoba\u00e7a fue pionera en el uso del hierro en la construcci\u00f3n civil. Aunque a\u00fan existen algunos problemas sin resolver, de esta investigaci\u00f3n deriv\u00f3 esta obra que presenta varias hip\u00f3tesis. Una cocina que es un hito importante en la arqueolog\u00eda industrial, tanto nacional como internacional.\" \/>\n<meta property=\"og:url\" content=\"https:\/\/bookhut.pt\/es\/produto\/las-columnas-de-hierro-de-la-cocina-del-monasterio-de-alcobaca-hipotesis-para-solucionar-un-enigma-aun-sin-resolver\/\" \/>\n<meta property=\"og:site_name\" content=\"Book Hut Editores\" \/>\n<meta property=\"article:publisher\" content=\"https:\/\/www.facebook.com\/thebookhuteditora\/\" \/>\n<meta property=\"article:modified_time\" content=\"2021-01-08T10:45:13+00:00\" \/>\n<meta property=\"og:image\" content=\"https:\/\/bookhut.pt\/wp-content\/uploads\/2019\/12\/2004-Capa-Colunas-de-Ferro.jpg\" \/>\n\t<meta property=\"og:image:width\" content=\"595\" \/>\n\t<meta property=\"og:image:height\" content=\"796\" \/>\n<meta name=\"twitter:card\" content=\"summary_large_image\" \/>\n<meta name=\"twitter:site\" content=\"@bookhut_editora\" \/>\n<script type=\"application\/ld+json\" class=\"yoast-schema-graph\">{\"@context\":\"https:\/\/schema.org\",\"@graph\":[{\"@type\":\"WebSite\",\"@id\":\"https:\/\/bookhut.pt\/#website\",\"url\":\"https:\/\/bookhut.pt\/\",\"name\":\"Book Hut Editores\",\"description\":\"\",\"potentialAction\":[{\"@type\":\"SearchAction\",\"target\":\"https:\/\/bookhut.pt\/?s={search_term_string}\",\"query-input\":\"required name=search_term_string\"}],\"inLanguage\":\"es\"},{\"@type\":\"ImageObject\",\"@id\":\"https:\/\/bookhut.pt\/es\/produto\/las-columnas-de-hierro-de-la-cocina-del-monasterio-de-alcobaca-hipotesis-para-solucionar-un-enigma-aun-sin-resolver\/#primaryimage\",\"inLanguage\":\"es\",\"url\":\"https:\/\/bookhut.pt\/wp-content\/uploads\/2019\/12\/2004-Capa-Colunas-de-Ferro.jpg\",\"width\":595,\"height\":796},{\"@type\":\"WebPage\",\"@id\":\"https:\/\/bookhut.pt\/es\/produto\/las-columnas-de-hierro-de-la-cocina-del-monasterio-de-alcobaca-hipotesis-para-solucionar-un-enigma-aun-sin-resolver\/#webpage\",\"url\":\"https:\/\/bookhut.pt\/es\/produto\/las-columnas-de-hierro-de-la-cocina-del-monasterio-de-alcobaca-hipotesis-para-solucionar-un-enigma-aun-sin-resolver\/\",\"name\":\"Las columnas de hierro de la cocina del monasterio de Alcoba\\u00e7a | Hip\\u00f3tesis para solucionar un enigma a\\u00fan sin resolver - Book Hut Editores\",\"isPartOf\":{\"@id\":\"https:\/\/bookhut.pt\/#website\"},\"primaryImageOfPage\":{\"@id\":\"https:\/\/bookhut.pt\/es\/produto\/las-columnas-de-hierro-de-la-cocina-del-monasterio-de-alcobaca-hipotesis-para-solucionar-un-enigma-aun-sin-resolver\/#primaryimage\"},\"datePublished\":\"2019-12-03T10:09:40+00:00\",\"dateModified\":\"2021-01-08T10:45:13+00:00\",\"inLanguage\":\"es\",\"potentialAction\":[{\"@type\":\"ReadAction\",\"target\":[\"https:\/\/bookhut.pt\/es\/produto\/las-columnas-de-hierro-de-la-cocina-del-monasterio-de-alcobaca-hipotesis-para-solucionar-un-enigma-aun-sin-resolver\/\"]}]}]}<\/script>\n<!-- \/ Yoast SEO plugin. -->","_links":{"self":[{"href":"https:\/\/bookhut.pt\/es\/wp-json\/wp\/v2\/product\/4672"}],"collection":[{"href":"https:\/\/bookhut.pt\/es\/wp-json\/wp\/v2\/product"}],"about":[{"href":"https:\/\/bookhut.pt\/es\/wp-json\/wp\/v2\/types\/product"}],"wp:featuredmedia":[{"embeddable":true,"href":"https:\/\/bookhut.pt\/es\/wp-json\/wp\/v2\/media\/2053"}],"wp:attachment":[{"href":"https:\/\/bookhut.pt\/es\/wp-json\/wp\/v2\/media?parent=4672"}],"curies":[{"name":"wp","href":"https:\/\/api.w.org\/{rel}","templated":true}]}}