{"id":4671,"date":"2019-12-03T10:06:46","date_gmt":"2019-12-03T10:06:46","guid":{"rendered":"https:\/\/bookhut.pt\/produto\/dibujar-el-tiempo-dibujos-de-domingos-oliveira\/"},"modified":"2021-01-08T10:43:21","modified_gmt":"2021-01-08T10:43:21","slug":"dibujar-el-tiempo-dibujos-de-domingos-oliveira","status":"publish","type":"product","link":"https:\/\/bookhut.pt\/es\/produto\/dibujar-el-tiempo-dibujos-de-domingos-oliveira\/","title":{"rendered":"Dibujar el tiempo | Dibujos de Domingos Oliveira"},"content":{"rendered":"<p>[vc_row][vc_column][vc_column_text]Un \u00e1lbum ilustrado con los dibujos de Domingos Monteiro de los s\u00edmbolos del zodiaco acompa\u00f1ados de peque\u00f1os textos po\u00e9ticos relacionados con el dibujo, el signo y la correspondiente personalidad portuguesa.[\/vc_column_text][\/vc_column][\/vc_row]<\/p>\n","protected":false},"excerpt":{"rendered":"<p>Un \u00e1lbum ilustrado con los dibujos de Domingos Monteiro de los s\u00edmbolos del zodiaco acompa\u00f1ados de peque\u00f1os textos po\u00e9ticos relacionados con el dibujo, el signo y la correspondiente personalidad portuguesa.<\/p>\n","protected":false},"featured_media":2221,"template":"","meta":[],"yoast_head":"<!-- This site is optimized with the Yoast SEO plugin v15.6 - https:\/\/yoast.com\/wordpress\/plugins\/seo\/ -->\n<title>Dibujar el tiempo | Dibujos de Domingos Oliveira - Book Hut Editores<\/title>\n<meta name=\"robots\" content=\"index, follow, max-snippet:-1, max-image-preview:large, max-video-preview:-1\" \/>\n<link rel=\"canonical\" href=\"https:\/\/bookhut.pt\/es\/produto\/dibujar-el-tiempo-dibujos-de-domingos-oliveira\/\" \/>\n<meta property=\"og:locale\" content=\"es_ES\" \/>\n<meta property=\"og:type\" content=\"article\" \/>\n<meta property=\"og:title\" content=\"Dibujar el tiempo | Dibujos de Domingos Oliveira - Book Hut Editores\" \/>\n<meta property=\"og:description\" content=\"Un \u00e1lbum ilustrado con los dibujos de Domingos Monteiro de los s\u00edmbolos del zodiaco acompa\u00f1ados de peque\u00f1os textos po\u00e9ticos relacionados con el dibujo, el signo y la correspondiente personalidad portuguesa.\" \/>\n<meta property=\"og:url\" content=\"https:\/\/bookhut.pt\/es\/produto\/dibujar-el-tiempo-dibujos-de-domingos-oliveira\/\" \/>\n<meta property=\"og:site_name\" content=\"Book Hut Editores\" \/>\n<meta property=\"article:publisher\" content=\"https:\/\/www.facebook.com\/thebookhuteditora\/\" \/>\n<meta property=\"article:modified_time\" content=\"2021-01-08T10:43:21+00:00\" \/>\n<meta property=\"og:image\" content=\"https:\/\/bookhut.pt\/wp-content\/uploads\/2019\/12\/2004-Capa-Desenhar-o-Tempo-2.jpg\" \/>\n\t<meta property=\"og:image:width\" content=\"1280\" \/>\n\t<meta property=\"og:image:height\" content=\"927\" \/>\n<meta name=\"twitter:card\" content=\"summary_large_image\" \/>\n<meta name=\"twitter:site\" content=\"@bookhut_editora\" \/>\n<script type=\"application\/ld+json\" class=\"yoast-schema-graph\">{\"@context\":\"https:\/\/schema.org\",\"@graph\":[{\"@type\":\"WebSite\",\"@id\":\"https:\/\/bookhut.pt\/#website\",\"url\":\"https:\/\/bookhut.pt\/\",\"name\":\"Book Hut Editores\",\"description\":\"\",\"potentialAction\":[{\"@type\":\"SearchAction\",\"target\":\"https:\/\/bookhut.pt\/?s={search_term_string}\",\"query-input\":\"required name=search_term_string\"}],\"inLanguage\":\"es\"},{\"@type\":\"ImageObject\",\"@id\":\"https:\/\/bookhut.pt\/es\/produto\/dibujar-el-tiempo-dibujos-de-domingos-oliveira\/#primaryimage\",\"inLanguage\":\"es\",\"url\":\"https:\/\/bookhut.pt\/wp-content\/uploads\/2019\/12\/2004-Capa-Desenhar-o-Tempo-2.jpg\",\"width\":1280,\"height\":927},{\"@type\":\"WebPage\",\"@id\":\"https:\/\/bookhut.pt\/es\/produto\/dibujar-el-tiempo-dibujos-de-domingos-oliveira\/#webpage\",\"url\":\"https:\/\/bookhut.pt\/es\/produto\/dibujar-el-tiempo-dibujos-de-domingos-oliveira\/\",\"name\":\"Dibujar el tiempo | Dibujos de Domingos Oliveira - Book Hut Editores\",\"isPartOf\":{\"@id\":\"https:\/\/bookhut.pt\/#website\"},\"primaryImageOfPage\":{\"@id\":\"https:\/\/bookhut.pt\/es\/produto\/dibujar-el-tiempo-dibujos-de-domingos-oliveira\/#primaryimage\"},\"datePublished\":\"2019-12-03T10:06:46+00:00\",\"dateModified\":\"2021-01-08T10:43:21+00:00\",\"inLanguage\":\"es\",\"potentialAction\":[{\"@type\":\"ReadAction\",\"target\":[\"https:\/\/bookhut.pt\/es\/produto\/dibujar-el-tiempo-dibujos-de-domingos-oliveira\/\"]}]}]}<\/script>\n<!-- \/ Yoast SEO plugin. -->","_links":{"self":[{"href":"https:\/\/bookhut.pt\/es\/wp-json\/wp\/v2\/product\/4671"}],"collection":[{"href":"https:\/\/bookhut.pt\/es\/wp-json\/wp\/v2\/product"}],"about":[{"href":"https:\/\/bookhut.pt\/es\/wp-json\/wp\/v2\/types\/product"}],"wp:featuredmedia":[{"embeddable":true,"href":"https:\/\/bookhut.pt\/es\/wp-json\/wp\/v2\/media\/2221"}],"wp:attachment":[{"href":"https:\/\/bookhut.pt\/es\/wp-json\/wp\/v2\/media?parent=4671"}],"curies":[{"name":"wp","href":"https:\/\/api.w.org\/{rel}","templated":true}]}}