{"id":4661,"date":"2019-12-03T09:37:51","date_gmt":"2019-12-03T09:37:51","guid":{"rendered":"https:\/\/bookhut.pt\/produto\/mi-nombre-es-madalena-iglesia\/"},"modified":"2021-01-08T10:24:02","modified_gmt":"2021-01-08T10:24:02","slug":"mi-nombre-es-madalena-iglesia","status":"publish","type":"product","link":"https:\/\/bookhut.pt\/es\/produto\/mi-nombre-es-madalena-iglesia\/","title":{"rendered":"Mi nombre es Madalena Igl\u00e9sia"},"content":{"rendered":"<p>[vc_row][vc_column][vc_column_text]Fotobiograf\u00eda de la famosa artista Madalena Igl\u00e9sias, desde el comienzo de su carrera en Portugal, pasando por sus \u00e9xitos como cantante en el extranjero. Libro in\u00e9dito que representa toda una carrera art\u00edstica de Madalena Igl\u00e9sias, int\u00e9rprete del famoso tema musical &#8220;Eles e Elas&#8221;.[\/vc_column_text][\/vc_column][\/vc_row]<\/p>\n","protected":false},"excerpt":{"rendered":"<p>Fotobiograf\u00eda de la famosa artista Madalena Igl\u00e9sias, desde el comienzo de su carrera en Portugal, pasando por sus \u00e9xitos como cantante en el extranjero. Libro in\u00e9dito que representa toda una carrera art\u00edstica de Madalena Igl\u00e9sias, int\u00e9rprete del famoso tema musical &#8220;Eles e Elas&#8221;.<\/p>\n","protected":false},"featured_media":2241,"template":"","meta":[],"yoast_head":"<!-- This site is optimized with the Yoast SEO plugin v15.6 - https:\/\/yoast.com\/wordpress\/plugins\/seo\/ -->\n<title>Mi nombre es Madalena Igl\u00e9sia - Book Hut Editores<\/title>\n<meta name=\"robots\" content=\"index, follow, max-snippet:-1, max-image-preview:large, max-video-preview:-1\" \/>\n<link rel=\"canonical\" href=\"https:\/\/bookhut.pt\/es\/produto\/mi-nombre-es-madalena-iglesia\/\" \/>\n<meta property=\"og:locale\" content=\"es_ES\" \/>\n<meta property=\"og:type\" content=\"article\" \/>\n<meta property=\"og:title\" content=\"Mi nombre es Madalena Igl\u00e9sia - Book Hut Editores\" \/>\n<meta property=\"og:description\" content=\"Fotobiograf\u00eda de la famosa artista Madalena Igl\u00e9sias, desde el comienzo de su carrera en Portugal, pasando por sus \u00e9xitos como cantante en el extranjero. Libro in\u00e9dito que representa toda una carrera art\u00edstica de Madalena Igl\u00e9sias, int\u00e9rprete del famoso tema musical &quot;Eles e Elas&quot;.\" \/>\n<meta property=\"og:url\" content=\"https:\/\/bookhut.pt\/es\/produto\/mi-nombre-es-madalena-iglesia\/\" \/>\n<meta property=\"og:site_name\" content=\"Book Hut Editores\" \/>\n<meta property=\"article:publisher\" content=\"https:\/\/www.facebook.com\/thebookhuteditora\/\" \/>\n<meta property=\"article:modified_time\" content=\"2021-01-08T10:24:02+00:00\" \/>\n<meta property=\"og:image\" content=\"https:\/\/bookhut.pt\/wp-content\/uploads\/2019\/12\/2008_Capa-Madalena-Iglesias.jpg\" \/>\n\t<meta property=\"og:image:width\" content=\"2764\" \/>\n\t<meta property=\"og:image:height\" content=\"2858\" \/>\n<meta name=\"twitter:card\" content=\"summary_large_image\" \/>\n<meta name=\"twitter:site\" content=\"@bookhut_editora\" \/>\n<script type=\"application\/ld+json\" class=\"yoast-schema-graph\">{\"@context\":\"https:\/\/schema.org\",\"@graph\":[{\"@type\":\"WebSite\",\"@id\":\"https:\/\/bookhut.pt\/#website\",\"url\":\"https:\/\/bookhut.pt\/\",\"name\":\"Book Hut Editores\",\"description\":\"\",\"potentialAction\":[{\"@type\":\"SearchAction\",\"target\":\"https:\/\/bookhut.pt\/?s={search_term_string}\",\"query-input\":\"required name=search_term_string\"}],\"inLanguage\":\"es\"},{\"@type\":\"ImageObject\",\"@id\":\"https:\/\/bookhut.pt\/es\/produto\/mi-nombre-es-madalena-iglesia\/#primaryimage\",\"inLanguage\":\"es\",\"url\":\"https:\/\/bookhut.pt\/wp-content\/uploads\/2019\/12\/2008_Capa-Madalena-Iglesias.jpg\",\"width\":2764,\"height\":2858},{\"@type\":\"WebPage\",\"@id\":\"https:\/\/bookhut.pt\/es\/produto\/mi-nombre-es-madalena-iglesia\/#webpage\",\"url\":\"https:\/\/bookhut.pt\/es\/produto\/mi-nombre-es-madalena-iglesia\/\",\"name\":\"Mi nombre es Madalena Igl\\u00e9sia - Book Hut Editores\",\"isPartOf\":{\"@id\":\"https:\/\/bookhut.pt\/#website\"},\"primaryImageOfPage\":{\"@id\":\"https:\/\/bookhut.pt\/es\/produto\/mi-nombre-es-madalena-iglesia\/#primaryimage\"},\"datePublished\":\"2019-12-03T09:37:51+00:00\",\"dateModified\":\"2021-01-08T10:24:02+00:00\",\"inLanguage\":\"es\",\"potentialAction\":[{\"@type\":\"ReadAction\",\"target\":[\"https:\/\/bookhut.pt\/es\/produto\/mi-nombre-es-madalena-iglesia\/\"]}]}]}<\/script>\n<!-- \/ Yoast SEO plugin. -->","_links":{"self":[{"href":"https:\/\/bookhut.pt\/es\/wp-json\/wp\/v2\/product\/4661"}],"collection":[{"href":"https:\/\/bookhut.pt\/es\/wp-json\/wp\/v2\/product"}],"about":[{"href":"https:\/\/bookhut.pt\/es\/wp-json\/wp\/v2\/types\/product"}],"wp:featuredmedia":[{"embeddable":true,"href":"https:\/\/bookhut.pt\/es\/wp-json\/wp\/v2\/media\/2241"}],"wp:attachment":[{"href":"https:\/\/bookhut.pt\/es\/wp-json\/wp\/v2\/media?parent=4661"}],"curies":[{"name":"wp","href":"https:\/\/api.w.org\/{rel}","templated":true}]}}