{"id":4660,"date":"2019-12-03T09:34:49","date_gmt":"2019-12-03T09:34:49","guid":{"rendered":"https:\/\/bookhut.pt\/produto\/roque-gameiro-man-and-work\/"},"modified":"2021-01-08T10:22:18","modified_gmt":"2021-01-08T10:22:18","slug":"roque-gameiro-man-and-work","status":"publish","type":"product","link":"https:\/\/bookhut.pt\/es\/produto\/roque-gameiro-man-and-work\/","title":{"rendered":"Roque Gameiro &#8211; El hombre y la obra"},"content":{"rendered":"<p>[vc_row][vc_column][vc_column_text]El libro re\u00fane obras del gran pintor contempor\u00e1neo Roque Gameiro (1864-1935), disc\u00edpulo de Manuel de Macedo, Henrique Casanova, Niepper y la Escuela de Artes y Oficios de Leipzig, donde fue como pensionista del estado en 1893. Gameiro se hizo famoso como lit\u00f3grafo e ilustrador, pero fue como artista de la acuarela que su trabajo se hizo conocido y admirado en el pa\u00eds, con reflexiones m\u00e1s all\u00e1 de las fronteras. De hecho, desde muy temprana edad, los cr\u00edticos lo identificaron como el mejor artista de la acuarela portuguesa. Pintor de barrios pobres, de paisajes inclinados y edificios quinientistas.[\/vc_column_text][\/vc_column][\/vc_row]<\/p>\n","protected":false},"excerpt":{"rendered":"<p>El libro re\u00fane obras del gran pintor contempor\u00e1neo Roque Gameiro (1864-1935), disc\u00edpulo de Manuel de Macedo, Henrique Casanova, Niepper y la Escuela de Artes y Oficios de Leipzig, donde fue como pensionista del estado en 1893. Gameiro se hizo famoso como lit\u00f3grafo e ilustrador, pero fue como artista de la acuarela que su trabajo se hizo conocido y admirado en el pa\u00eds, con reflexiones m\u00e1s all\u00e1 de las fronteras. De hecho, desde muy temprana edad, los cr\u00edticos lo identificaron como el mejor artista de la acuarela portuguesa. Pintor de barrios pobres, de paisajes inclinados y edificios quinientistas.<\/p>\n","protected":false},"featured_media":2097,"template":"","meta":[],"yoast_head":"<!-- This site is optimized with the Yoast SEO plugin v15.6 - https:\/\/yoast.com\/wordpress\/plugins\/seo\/ -->\n<title>Roque Gameiro - El hombre y la obra - Book Hut Editores<\/title>\n<meta name=\"robots\" content=\"index, follow, max-snippet:-1, max-image-preview:large, max-video-preview:-1\" \/>\n<link rel=\"canonical\" href=\"https:\/\/bookhut.pt\/es\/produto\/roque-gameiro-man-and-work\/\" \/>\n<meta property=\"og:locale\" content=\"es_ES\" \/>\n<meta property=\"og:type\" content=\"article\" \/>\n<meta property=\"og:title\" content=\"Roque Gameiro - El hombre y la obra - Book Hut Editores\" \/>\n<meta property=\"og:description\" content=\"El libro re\u00fane obras del gran pintor contempor\u00e1neo Roque Gameiro (1864-1935), disc\u00edpulo de Manuel de Macedo, Henrique Casanova, Niepper y la Escuela de Artes y Oficios de Leipzig, donde fue como pensionista del estado en 1893. Gameiro se hizo famoso como lit\u00f3grafo e ilustrador, pero fue como artista de la acuarela que su trabajo se hizo conocido y admirado en el pa\u00eds, con reflexiones m\u00e1s all\u00e1 de las fronteras. De hecho, desde muy temprana edad, los cr\u00edticos lo identificaron como el mejor artista de la acuarela portuguesa. Pintor de barrios pobres, de paisajes inclinados y edificios quinientistas.\" \/>\n<meta property=\"og:url\" content=\"https:\/\/bookhut.pt\/es\/produto\/roque-gameiro-man-and-work\/\" \/>\n<meta property=\"og:site_name\" content=\"Book Hut Editores\" \/>\n<meta property=\"article:publisher\" content=\"https:\/\/www.facebook.com\/thebookhuteditora\/\" \/>\n<meta property=\"article:modified_time\" content=\"2021-01-08T10:22:18+00:00\" \/>\n<meta property=\"og:image\" content=\"https:\/\/bookhut.pt\/wp-content\/uploads\/2019\/12\/2005-Capa-ROQUE-GAMEIRO.jpg\" \/>\n\t<meta property=\"og:image:width\" content=\"595\" \/>\n\t<meta property=\"og:image:height\" content=\"842\" \/>\n<meta name=\"twitter:card\" content=\"summary_large_image\" \/>\n<meta name=\"twitter:site\" content=\"@bookhut_editora\" \/>\n<script type=\"application\/ld+json\" class=\"yoast-schema-graph\">{\"@context\":\"https:\/\/schema.org\",\"@graph\":[{\"@type\":\"WebSite\",\"@id\":\"https:\/\/bookhut.pt\/#website\",\"url\":\"https:\/\/bookhut.pt\/\",\"name\":\"Book Hut Editores\",\"description\":\"\",\"potentialAction\":[{\"@type\":\"SearchAction\",\"target\":\"https:\/\/bookhut.pt\/?s={search_term_string}\",\"query-input\":\"required name=search_term_string\"}],\"inLanguage\":\"es\"},{\"@type\":\"ImageObject\",\"@id\":\"https:\/\/bookhut.pt\/es\/produto\/roque-gameiro-man-and-work\/#primaryimage\",\"inLanguage\":\"es\",\"url\":\"https:\/\/bookhut.pt\/wp-content\/uploads\/2019\/12\/2005-Capa-ROQUE-GAMEIRO.jpg\",\"width\":595,\"height\":842},{\"@type\":\"WebPage\",\"@id\":\"https:\/\/bookhut.pt\/es\/produto\/roque-gameiro-man-and-work\/#webpage\",\"url\":\"https:\/\/bookhut.pt\/es\/produto\/roque-gameiro-man-and-work\/\",\"name\":\"Roque Gameiro - El hombre y la obra - Book Hut Editores\",\"isPartOf\":{\"@id\":\"https:\/\/bookhut.pt\/#website\"},\"primaryImageOfPage\":{\"@id\":\"https:\/\/bookhut.pt\/es\/produto\/roque-gameiro-man-and-work\/#primaryimage\"},\"datePublished\":\"2019-12-03T09:34:49+00:00\",\"dateModified\":\"2021-01-08T10:22:18+00:00\",\"inLanguage\":\"es\",\"potentialAction\":[{\"@type\":\"ReadAction\",\"target\":[\"https:\/\/bookhut.pt\/es\/produto\/roque-gameiro-man-and-work\/\"]}]}]}<\/script>\n<!-- \/ Yoast SEO plugin. -->","_links":{"self":[{"href":"https:\/\/bookhut.pt\/es\/wp-json\/wp\/v2\/product\/4660"}],"collection":[{"href":"https:\/\/bookhut.pt\/es\/wp-json\/wp\/v2\/product"}],"about":[{"href":"https:\/\/bookhut.pt\/es\/wp-json\/wp\/v2\/types\/product"}],"wp:featuredmedia":[{"embeddable":true,"href":"https:\/\/bookhut.pt\/es\/wp-json\/wp\/v2\/media\/2097"}],"wp:attachment":[{"href":"https:\/\/bookhut.pt\/es\/wp-json\/wp\/v2\/media?parent=4660"}],"curies":[{"name":"wp","href":"https:\/\/api.w.org\/{rel}","templated":true}]}}