{"id":4656,"date":"2019-12-03T09:25:01","date_gmt":"2019-12-03T09:25:01","guid":{"rendered":"https:\/\/bookhut.pt\/produto\/una-vida-para-el-mundo-compartido-mosaico-de-recuerdos\/"},"modified":"2021-01-08T10:10:15","modified_gmt":"2021-01-08T10:10:15","slug":"una-vida-para-el-mundo-compartido-mosaico-de-recuerdos","status":"publish","type":"product","link":"https:\/\/bookhut.pt\/es\/produto\/una-vida-para-el-mundo-compartido-mosaico-de-recuerdos\/","title":{"rendered":"Una vida para el mundo compartido &#8211; Mosaico de recuerdos"},"content":{"rendered":"<p>[vc_row][vc_column][vc_column_text]Fotobiografia do padre Delmar Barreiros. Pelas suas m\u00e3os passaram um n\u00famero infinito de pessoas \u00e0 procura de uma voz amiga e conselheira. Delmar Barreiros, natural de Trancoso, distrito da Guarda, descobre a voca\u00e7\u00e3o aquando p\u00e1rocos e professores da aldeia frequentavam a sua casa enquanto jovem.<br \/>\nAo longo da vida, o padre viajou pelo mundo e acumulou hist\u00f3rias que nunca mais esquecer\u00e1. Escrito por um amigo, o historiador Santos Costa, Delmar aceitou o convite e hoje v\u00ea retratada a sua vida atrav\u00e9s de uma fotobiografia. Alcunhas como o Padre R\u00e1dio, Padre Motard, Padre dos Emigrantes, ou at\u00e9 mesmo o Padre do Benfica e o seu gosto pelo fado como um momento de nostalgia.[\/vc_column_text][\/vc_column][\/vc_row]<\/p>\n","protected":false},"excerpt":{"rendered":"<p>[vc_row][vc_column][vc_column_text]Fotobiografia do padre Delmar Barreiros. Pelas suas m\u00e3os passaram um n\u00famero infinito de pessoas \u00e0 procura de uma voz amiga e conselheira. Delmar Barreiros, natural de Trancoso, distrito da Guarda, descobre a voca\u00e7\u00e3o aquando p\u00e1rocos e professores da aldeia frequentavam a sua casa enquanto jovem. Ao longo da vida, o padre viajou pelo mundo e [&hellip;]<\/p>\n","protected":false},"featured_media":4930,"template":"","meta":[],"yoast_head":"<!-- This site is optimized with the Yoast SEO plugin v15.6 - https:\/\/yoast.com\/wordpress\/plugins\/seo\/ -->\n<title>Una vida para el mundo compartido - Mosaico de recuerdos - Book Hut Editores<\/title>\n<meta name=\"robots\" content=\"index, follow, max-snippet:-1, max-image-preview:large, max-video-preview:-1\" \/>\n<link rel=\"canonical\" href=\"https:\/\/bookhut.pt\/es\/produto\/una-vida-para-el-mundo-compartido-mosaico-de-recuerdos\/\" \/>\n<meta property=\"og:locale\" content=\"es_ES\" \/>\n<meta property=\"og:type\" content=\"article\" \/>\n<meta property=\"og:title\" content=\"Una vida para el mundo compartido - Mosaico de recuerdos - Book Hut Editores\" \/>\n<meta property=\"og:description\" content=\"[vc_row][vc_column][vc_column_text]Fotobiografia do padre Delmar Barreiros. Pelas suas m\u00e3os passaram um n\u00famero infinito de pessoas \u00e0 procura de uma voz amiga e conselheira. Delmar Barreiros, natural de Trancoso, distrito da Guarda, descobre a voca\u00e7\u00e3o aquando p\u00e1rocos e professores da aldeia frequentavam a sua casa enquanto jovem. Ao longo da vida, o padre viajou pelo mundo e [&hellip;]\" \/>\n<meta property=\"og:url\" content=\"https:\/\/bookhut.pt\/es\/produto\/una-vida-para-el-mundo-compartido-mosaico-de-recuerdos\/\" \/>\n<meta property=\"og:site_name\" content=\"Book Hut Editores\" \/>\n<meta property=\"article:publisher\" content=\"https:\/\/www.facebook.com\/thebookhuteditora\/\" \/>\n<meta property=\"article:modified_time\" content=\"2021-01-08T10:10:15+00:00\" \/>\n<meta property=\"og:image\" content=\"https:\/\/bookhut.pt\/wp-content\/uploads\/2019\/12\/CapaCarlosHargreaves-1-1.jpg\" \/>\n\t<meta property=\"og:image:width\" content=\"663\" \/>\n\t<meta property=\"og:image:height\" content=\"964\" \/>\n<meta name=\"twitter:card\" content=\"summary_large_image\" \/>\n<meta name=\"twitter:site\" content=\"@bookhut_editora\" \/>\n<script type=\"application\/ld+json\" class=\"yoast-schema-graph\">{\"@context\":\"https:\/\/schema.org\",\"@graph\":[{\"@type\":\"WebSite\",\"@id\":\"https:\/\/bookhut.pt\/#website\",\"url\":\"https:\/\/bookhut.pt\/\",\"name\":\"Book Hut Editores\",\"description\":\"\",\"potentialAction\":[{\"@type\":\"SearchAction\",\"target\":\"https:\/\/bookhut.pt\/?s={search_term_string}\",\"query-input\":\"required name=search_term_string\"}],\"inLanguage\":\"es\"},{\"@type\":\"ImageObject\",\"@id\":\"https:\/\/bookhut.pt\/es\/produto\/una-vida-para-el-mundo-compartido-mosaico-de-recuerdos\/#primaryimage\",\"inLanguage\":\"es\",\"url\":\"https:\/\/bookhut.pt\/wp-content\/uploads\/2019\/12\/Capa_Uma-vida-pelo-mundo-repartida.jpg\",\"width\":820,\"height\":1107},{\"@type\":\"WebPage\",\"@id\":\"https:\/\/bookhut.pt\/es\/produto\/una-vida-para-el-mundo-compartido-mosaico-de-recuerdos\/#webpage\",\"url\":\"https:\/\/bookhut.pt\/es\/produto\/una-vida-para-el-mundo-compartido-mosaico-de-recuerdos\/\",\"name\":\"Una vida para el mundo compartido - Mosaico de recuerdos - Book Hut Editores\",\"isPartOf\":{\"@id\":\"https:\/\/bookhut.pt\/#website\"},\"primaryImageOfPage\":{\"@id\":\"https:\/\/bookhut.pt\/es\/produto\/una-vida-para-el-mundo-compartido-mosaico-de-recuerdos\/#primaryimage\"},\"datePublished\":\"2019-12-03T09:25:01+00:00\",\"dateModified\":\"2021-01-08T10:10:15+00:00\",\"inLanguage\":\"es\",\"potentialAction\":[{\"@type\":\"ReadAction\",\"target\":[\"https:\/\/bookhut.pt\/es\/produto\/una-vida-para-el-mundo-compartido-mosaico-de-recuerdos\/\"]}]}]}<\/script>\n<!-- \/ Yoast SEO plugin. -->","_links":{"self":[{"href":"https:\/\/bookhut.pt\/es\/wp-json\/wp\/v2\/product\/4656"}],"collection":[{"href":"https:\/\/bookhut.pt\/es\/wp-json\/wp\/v2\/product"}],"about":[{"href":"https:\/\/bookhut.pt\/es\/wp-json\/wp\/v2\/types\/product"}],"wp:featuredmedia":[{"embeddable":true,"href":"https:\/\/bookhut.pt\/es\/wp-json\/wp\/v2\/media\/4930"}],"wp:attachment":[{"href":"https:\/\/bookhut.pt\/es\/wp-json\/wp\/v2\/media?parent=4656"}],"curies":[{"name":"wp","href":"https:\/\/api.w.org\/{rel}","templated":true}]}}