{"id":4655,"date":"2019-12-03T09:14:24","date_gmt":"2019-12-03T09:14:24","guid":{"rendered":"https:\/\/bookhut.pt\/produto\/el-puerto-de-nadir\/"},"modified":"2021-01-08T10:08:33","modified_gmt":"2021-01-08T10:08:33","slug":"el-puerto-de-nadir","status":"publish","type":"product","link":"https:\/\/bookhut.pt\/es\/produto\/el-puerto-de-nadir\/","title":{"rendered":"El puerto de Nadir"},"content":{"rendered":"<p>[vc_row][vc_column][vc_column_text]Libro con obras ic\u00f3nicas del pintor. Toda diligencia est\u00e9tica tiene como objetivo definir este factor que, en la creaci\u00f3n art\u00edstica, trasciende la representaci\u00f3n pura del objeto. Es decir: la teor\u00eda busca palabras para una imagen que en la pr\u00e1ctica solo se puede traducir a formas necesariamente pl\u00e1sticas. Mencionemos algunas de estas frases claves, a las que estamos acostumbrados desde la escuela: &#8220;En esencia, el arte no es la representaci\u00f3n sino la revelaci\u00f3n del objeto&#8221;; &#8220;La revelaci\u00f3n reemplaza la imagen del signo&#8221;. &#8220;No es suficiente representar seres o cosas, debemos saber c\u00f3mo expresarlo a trav\u00e9s del dinamismo de los signos&#8221;. Es necesario hacer &#8220;visible lo invisible&#8221; (Paul Klee); &#8220;reemplazar el objeto con la necesidad interna&#8221; (Kandinsky). &#8220;El arte es el lenguaje del alma&#8221; (Ren\u00e9 Huyghe); &#8220;Lo espiritual hecho sensible&#8221; (Hegel).[\/vc_column_text][\/vc_column][\/vc_row]<\/p>\n","protected":false},"excerpt":{"rendered":"<p>Libro con obras ic\u00f3nicas del pintor. Toda diligencia est\u00e9tica tiene como objetivo definir este factor que, en la creaci\u00f3n art\u00edstica, trasciende la representaci\u00f3n pura del objeto. Es decir: la teor\u00eda busca palabras para una imagen que en la pr\u00e1ctica solo se puede traducir a formas necesariamente pl\u00e1sticas. Mencionemos algunas de estas frases claves, a las que estamos acostumbrados desde la escuela: &#8220;En esencia, el arte no es la representaci\u00f3n sino la revelaci\u00f3n del objeto&#8221;; &#8220;La revelaci\u00f3n reemplaza la imagen del signo&#8221;. &#8220;No es suficiente representar seres o cosas, debemos saber c\u00f3mo expresarlo a trav\u00e9s del dinamismo de los signos&#8221;. Es necesario hacer &#8220;visible lo invisible&#8221; (Paul Klee); &#8220;reemplazar el objeto con la necesidad interna&#8221; (Kandinsky). &#8220;El arte es el lenguaje del alma&#8221; (Ren\u00e9 Huyghe); &#8220;Lo espiritual hecho sensible&#8221; (Hegel).<\/p>\n","protected":false},"featured_media":2025,"template":"","meta":[],"yoast_head":"<!-- This site is optimized with the Yoast SEO plugin v15.6 - https:\/\/yoast.com\/wordpress\/plugins\/seo\/ -->\n<title>El puerto de Nadir - Book Hut Editores<\/title>\n<meta name=\"robots\" content=\"index, follow, max-snippet:-1, max-image-preview:large, max-video-preview:-1\" \/>\n<link rel=\"canonical\" href=\"https:\/\/bookhut.pt\/es\/produto\/el-puerto-de-nadir\/\" \/>\n<meta property=\"og:locale\" content=\"es_ES\" \/>\n<meta property=\"og:type\" content=\"article\" \/>\n<meta property=\"og:title\" content=\"El puerto de Nadir - Book Hut Editores\" \/>\n<meta property=\"og:description\" content=\"Libro con obras ic\u00f3nicas del pintor. Toda diligencia est\u00e9tica tiene como objetivo definir este factor que, en la creaci\u00f3n art\u00edstica, trasciende la representaci\u00f3n pura del objeto. Es decir: la teor\u00eda busca palabras para una imagen que en la pr\u00e1ctica solo se puede traducir a formas necesariamente pl\u00e1sticas. Mencionemos algunas de estas frases claves, a las que estamos acostumbrados desde la escuela: &quot;En esencia, el arte no es la representaci\u00f3n sino la revelaci\u00f3n del objeto&quot;; &quot;La revelaci\u00f3n reemplaza la imagen del signo&quot;. &quot;No es suficiente representar seres o cosas, debemos saber c\u00f3mo expresarlo a trav\u00e9s del dinamismo de los signos&quot;. Es necesario hacer &quot;visible lo invisible&quot; (Paul Klee); &quot;reemplazar el objeto con la necesidad interna&quot; (Kandinsky). &quot;El arte es el lenguaje del alma&quot; (Ren\u00e9 Huyghe); &quot;Lo espiritual hecho sensible&quot; (Hegel).\" \/>\n<meta property=\"og:url\" content=\"https:\/\/bookhut.pt\/es\/produto\/el-puerto-de-nadir\/\" \/>\n<meta property=\"og:site_name\" content=\"Book Hut Editores\" \/>\n<meta property=\"article:publisher\" content=\"https:\/\/www.facebook.com\/thebookhuteditora\/\" \/>\n<meta property=\"article:modified_time\" content=\"2021-01-08T10:08:33+00:00\" \/>\n<meta property=\"og:image\" content=\"https:\/\/bookhut.pt\/wp-content\/uploads\/2019\/12\/2000-O-Porto-de-Nadir.jpg\" \/>\n\t<meta property=\"og:image:width\" content=\"595\" \/>\n\t<meta property=\"og:image:height\" content=\"836\" \/>\n<meta name=\"twitter:card\" content=\"summary_large_image\" \/>\n<meta name=\"twitter:site\" content=\"@bookhut_editora\" \/>\n<script type=\"application\/ld+json\" class=\"yoast-schema-graph\">{\"@context\":\"https:\/\/schema.org\",\"@graph\":[{\"@type\":\"WebSite\",\"@id\":\"https:\/\/bookhut.pt\/#website\",\"url\":\"https:\/\/bookhut.pt\/\",\"name\":\"Book Hut Editores\",\"description\":\"\",\"potentialAction\":[{\"@type\":\"SearchAction\",\"target\":\"https:\/\/bookhut.pt\/?s={search_term_string}\",\"query-input\":\"required name=search_term_string\"}],\"inLanguage\":\"es\"},{\"@type\":\"ImageObject\",\"@id\":\"https:\/\/bookhut.pt\/es\/produto\/el-puerto-de-nadir\/#primaryimage\",\"inLanguage\":\"es\",\"url\":\"https:\/\/bookhut.pt\/wp-content\/uploads\/2019\/12\/2000-O-Porto-de-Nadir.jpg\",\"width\":595,\"height\":836},{\"@type\":\"WebPage\",\"@id\":\"https:\/\/bookhut.pt\/es\/produto\/el-puerto-de-nadir\/#webpage\",\"url\":\"https:\/\/bookhut.pt\/es\/produto\/el-puerto-de-nadir\/\",\"name\":\"El puerto de Nadir - Book Hut Editores\",\"isPartOf\":{\"@id\":\"https:\/\/bookhut.pt\/#website\"},\"primaryImageOfPage\":{\"@id\":\"https:\/\/bookhut.pt\/es\/produto\/el-puerto-de-nadir\/#primaryimage\"},\"datePublished\":\"2019-12-03T09:14:24+00:00\",\"dateModified\":\"2021-01-08T10:08:33+00:00\",\"inLanguage\":\"es\",\"potentialAction\":[{\"@type\":\"ReadAction\",\"target\":[\"https:\/\/bookhut.pt\/es\/produto\/el-puerto-de-nadir\/\"]}]}]}<\/script>\n<!-- \/ Yoast SEO plugin. -->","_links":{"self":[{"href":"https:\/\/bookhut.pt\/es\/wp-json\/wp\/v2\/product\/4655"}],"collection":[{"href":"https:\/\/bookhut.pt\/es\/wp-json\/wp\/v2\/product"}],"about":[{"href":"https:\/\/bookhut.pt\/es\/wp-json\/wp\/v2\/types\/product"}],"wp:featuredmedia":[{"embeddable":true,"href":"https:\/\/bookhut.pt\/es\/wp-json\/wp\/v2\/media\/2025"}],"wp:attachment":[{"href":"https:\/\/bookhut.pt\/es\/wp-json\/wp\/v2\/media?parent=4655"}],"curies":[{"name":"wp","href":"https:\/\/api.w.org\/{rel}","templated":true}]}}