{"id":4653,"date":"2019-12-03T10:55:17","date_gmt":"2019-12-03T10:55:17","guid":{"rendered":"https:\/\/bookhut.pt\/produto\/manuel-cargaleiro-obra-grabada-1957-2003\/"},"modified":"2021-01-08T11:37:01","modified_gmt":"2021-01-08T11:37:01","slug":"manuel-cargaleiro-obra-grabada-1957-2003","status":"publish","type":"product","link":"https:\/\/bookhut.pt\/es\/produto\/manuel-cargaleiro-obra-grabada-1957-2003\/","title":{"rendered":"Manuel Cargaleiro -Obra grabada 1957-2003"},"content":{"rendered":"<p>[vc_row][vc_column][vc_column_text]Manuel Cargaleiro es una figura esencial en el panorama de la pintura contempor\u00e1nea. Con una extensa obra, es una personalidad reconocida cuyo valor art\u00edstico es reconocido internacionalmente. La obra de Manuel Cargaleiro transmite una inmensa alegr\u00eda de vivir que, a trav\u00e9s de m\u00faltiples combinaciones de colores y su poder comunicativo, nos lleva a descubrir la armon\u00eda crom\u00e1tica de la naturaleza. Musicalidad, comunicaci\u00f3n, luminosidad son palabras clave en la pintura de Manuel Cargaleiro. Este libro, cuyo t\u00edtulo es &#8220;Cargaleiro Obra Gravada 1957-2003&#8221;, re\u00fane obras del pintor y representa la colecci\u00f3n m\u00e1s reciente de todas las obras de pintura (despu\u00e9s del grabado) del autor Manuel Cargaleiro, y su edici\u00f3n fue cuidadosamente preparada para estar disponible al p\u00fablico en Navidad 2009.[\/vc_column_text][\/vc_column][\/vc_row]<\/p>\n","protected":false},"excerpt":{"rendered":"<p>Manuel Cargaleiro es una figura esencial en el panorama de la pintura contempor\u00e1nea. Con una extensa obra, es una personalidad reconocida cuyo valor art\u00edstico es reconocido internacionalmente.<\/p>\n<p>La obra de Manuel Cargaleiro transmite una inmensa alegr\u00eda de vivir que, a trav\u00e9s de m\u00faltiples combinaciones de colores y su poder comunicativo, nos lleva a descubrir la armon\u00eda crom\u00e1tica de la naturaleza.<\/p>\n<p>Musicalidad, comunicaci\u00f3n, luminosidad son palabras clave en la pintura de Manuel Cargaleiro.<\/p>\n<p>Este libro, cuyo t\u00edtulo es &#8220;Cargaleiro Obra Gravada 1957-2003&#8221;, re\u00fane obras del pintor y representa la colecci\u00f3n m\u00e1s reciente de todas las obras de pintura (despu\u00e9s del grabado) del autor Manuel Cargaleiro, y su edici\u00f3n fue cuidadosamente preparada para estar disponible al p\u00fablico en Navidad 2009.<\/p>\n","protected":false},"featured_media":2049,"template":"","meta":[],"yoast_head":"<!-- This site is optimized with the Yoast SEO plugin v15.6 - https:\/\/yoast.com\/wordpress\/plugins\/seo\/ -->\n<title>Manuel Cargaleiro -Obra grabada 1957-2003 - Book Hut Editores<\/title>\n<meta name=\"robots\" content=\"index, follow, max-snippet:-1, max-image-preview:large, max-video-preview:-1\" \/>\n<link rel=\"canonical\" href=\"https:\/\/bookhut.pt\/es\/produto\/manuel-cargaleiro-obra-grabada-1957-2003\/\" \/>\n<meta property=\"og:locale\" content=\"es_ES\" \/>\n<meta property=\"og:type\" content=\"article\" \/>\n<meta property=\"og:title\" content=\"Manuel Cargaleiro -Obra grabada 1957-2003 - Book Hut Editores\" \/>\n<meta property=\"og:description\" content=\"Manuel Cargaleiro es una figura esencial en el panorama de la pintura contempor\u00e1nea. Con una extensa obra, es una personalidad reconocida cuyo valor art\u00edstico es reconocido internacionalmente.  La obra de Manuel Cargaleiro transmite una inmensa alegr\u00eda de vivir que, a trav\u00e9s de m\u00faltiples combinaciones de colores y su poder comunicativo, nos lleva a descubrir la armon\u00eda crom\u00e1tica de la naturaleza.  Musicalidad, comunicaci\u00f3n, luminosidad son palabras clave en la pintura de Manuel Cargaleiro.  Este libro, cuyo t\u00edtulo es &quot;Cargaleiro Obra Gravada 1957-2003&quot;, re\u00fane obras del pintor y representa la colecci\u00f3n m\u00e1s reciente de todas las obras de pintura (despu\u00e9s del grabado) del autor Manuel Cargaleiro, y su edici\u00f3n fue cuidadosamente preparada para estar disponible al p\u00fablico en Navidad 2009.\" \/>\n<meta property=\"og:url\" content=\"https:\/\/bookhut.pt\/es\/produto\/manuel-cargaleiro-obra-grabada-1957-2003\/\" \/>\n<meta property=\"og:site_name\" content=\"Book Hut Editores\" \/>\n<meta property=\"article:publisher\" content=\"https:\/\/www.facebook.com\/thebookhuteditora\/\" \/>\n<meta property=\"article:modified_time\" content=\"2021-01-08T11:37:01+00:00\" \/>\n<meta property=\"og:image\" content=\"https:\/\/bookhut.pt\/wp-content\/uploads\/2019\/12\/2003-capa-cargaleiro-verde.jpg\" \/>\n\t<meta property=\"og:image:width\" content=\"595\" \/>\n\t<meta property=\"og:image:height\" content=\"842\" \/>\n<meta name=\"twitter:card\" content=\"summary_large_image\" \/>\n<meta name=\"twitter:site\" content=\"@bookhut_editora\" \/>\n<script type=\"application\/ld+json\" class=\"yoast-schema-graph\">{\"@context\":\"https:\/\/schema.org\",\"@graph\":[{\"@type\":\"WebSite\",\"@id\":\"https:\/\/bookhut.pt\/#website\",\"url\":\"https:\/\/bookhut.pt\/\",\"name\":\"Book Hut Editores\",\"description\":\"\",\"potentialAction\":[{\"@type\":\"SearchAction\",\"target\":\"https:\/\/bookhut.pt\/?s={search_term_string}\",\"query-input\":\"required name=search_term_string\"}],\"inLanguage\":\"es\"},{\"@type\":\"ImageObject\",\"@id\":\"https:\/\/bookhut.pt\/es\/produto\/manuel-cargaleiro-obra-grabada-1957-2003\/#primaryimage\",\"inLanguage\":\"es\",\"url\":\"https:\/\/bookhut.pt\/wp-content\/uploads\/2019\/12\/2003-capa-cargaleiro-verde.jpg\",\"width\":595,\"height\":842},{\"@type\":\"WebPage\",\"@id\":\"https:\/\/bookhut.pt\/es\/produto\/manuel-cargaleiro-obra-grabada-1957-2003\/#webpage\",\"url\":\"https:\/\/bookhut.pt\/es\/produto\/manuel-cargaleiro-obra-grabada-1957-2003\/\",\"name\":\"Manuel Cargaleiro -Obra grabada 1957-2003 - Book Hut Editores\",\"isPartOf\":{\"@id\":\"https:\/\/bookhut.pt\/#website\"},\"primaryImageOfPage\":{\"@id\":\"https:\/\/bookhut.pt\/es\/produto\/manuel-cargaleiro-obra-grabada-1957-2003\/#primaryimage\"},\"datePublished\":\"2019-12-03T10:55:17+00:00\",\"dateModified\":\"2021-01-08T11:37:01+00:00\",\"inLanguage\":\"es\",\"potentialAction\":[{\"@type\":\"ReadAction\",\"target\":[\"https:\/\/bookhut.pt\/es\/produto\/manuel-cargaleiro-obra-grabada-1957-2003\/\"]}]}]}<\/script>\n<!-- \/ Yoast SEO plugin. -->","_links":{"self":[{"href":"https:\/\/bookhut.pt\/es\/wp-json\/wp\/v2\/product\/4653"}],"collection":[{"href":"https:\/\/bookhut.pt\/es\/wp-json\/wp\/v2\/product"}],"about":[{"href":"https:\/\/bookhut.pt\/es\/wp-json\/wp\/v2\/types\/product"}],"wp:featuredmedia":[{"embeddable":true,"href":"https:\/\/bookhut.pt\/es\/wp-json\/wp\/v2\/media\/2049"}],"wp:attachment":[{"href":"https:\/\/bookhut.pt\/es\/wp-json\/wp\/v2\/media?parent=4653"}],"curies":[{"name":"wp","href":"https:\/\/api.w.org\/{rel}","templated":true}]}}