{"id":4652,"date":"2019-12-03T09:07:49","date_gmt":"2019-12-03T09:07:49","guid":{"rendered":"https:\/\/bookhut.pt\/produto\/gasparinho-y-el-copo-de-nieve\/"},"modified":"2021-01-08T10:02:18","modified_gmt":"2021-01-08T10:02:18","slug":"gasparinho-y-el-copo-de-nieve","status":"publish","type":"product","link":"https:\/\/bookhut.pt\/es\/produto\/gasparinho-y-el-copo-de-nieve\/","title":{"rendered":"Gasparinho y el copo de nieve"},"content":{"rendered":"<p>[vc_row][vc_column][vc_column_text]Era uma vez um pap\u00e1 urso e uma mam\u00e3 ursa que moravam numa linda casinha de madeira no meio da floresta&#8230; Um conto infantil cheio de gra\u00e7a e ternura para os mais novos. O que o Gasparinho n\u00e3o viu foi o Alvinho a escrever feliz natal no vidro da janela&#8230;[\/vc_column_text][\/vc_column][\/vc_row]<\/p>\n","protected":false},"excerpt":{"rendered":"<p>[vc_row][vc_column][vc_column_text]Era uma vez um pap\u00e1 urso e uma mam\u00e3 ursa que moravam numa linda casinha de madeira no meio da floresta&#8230; Um conto infantil cheio de gra\u00e7a e ternura para os mais novos. O que o Gasparinho n\u00e3o viu foi o Alvinho a escrever feliz natal no vidro da janela&#8230;[\/vc_column_text][\/vc_column][\/vc_row]<\/p>\n","protected":false},"featured_media":2021,"template":"","meta":[],"yoast_head":"<!-- This site is optimized with the Yoast SEO plugin v15.6 - https:\/\/yoast.com\/wordpress\/plugins\/seo\/ -->\n<title>Gasparinho y el copo de nieve - Book Hut Editores<\/title>\n<meta name=\"robots\" content=\"index, follow, max-snippet:-1, max-image-preview:large, max-video-preview:-1\" \/>\n<link rel=\"canonical\" href=\"https:\/\/bookhut.pt\/es\/produto\/gasparinho-y-el-copo-de-nieve\/\" \/>\n<meta property=\"og:locale\" content=\"es_ES\" \/>\n<meta property=\"og:type\" content=\"article\" \/>\n<meta property=\"og:title\" content=\"Gasparinho y el copo de nieve - Book Hut Editores\" \/>\n<meta property=\"og:description\" content=\"[vc_row][vc_column][vc_column_text]Era uma vez um pap\u00e1 urso e uma mam\u00e3 ursa que moravam numa linda casinha de madeira no meio da floresta&#8230; Um conto infantil cheio de gra\u00e7a e ternura para os mais novos. O que o Gasparinho n\u00e3o viu foi o Alvinho a escrever feliz natal no vidro da janela&#8230;[\/vc_column_text][\/vc_column][\/vc_row]\" \/>\n<meta property=\"og:url\" content=\"https:\/\/bookhut.pt\/es\/produto\/gasparinho-y-el-copo-de-nieve\/\" \/>\n<meta property=\"og:site_name\" content=\"Book Hut Editores\" \/>\n<meta property=\"article:publisher\" content=\"https:\/\/www.facebook.com\/thebookhuteditora\/\" \/>\n<meta property=\"article:modified_time\" content=\"2021-01-08T10:02:18+00:00\" \/>\n<meta property=\"og:image\" content=\"https:\/\/bookhut.pt\/wp-content\/uploads\/2019\/12\/2000-Capa-Gasparinho.jpg\" \/>\n\t<meta property=\"og:image:width\" content=\"594\" \/>\n\t<meta property=\"og:image:height\" content=\"815\" \/>\n<meta name=\"twitter:card\" content=\"summary_large_image\" \/>\n<meta name=\"twitter:site\" content=\"@bookhut_editora\" \/>\n<script type=\"application\/ld+json\" class=\"yoast-schema-graph\">{\"@context\":\"https:\/\/schema.org\",\"@graph\":[{\"@type\":\"WebSite\",\"@id\":\"https:\/\/bookhut.pt\/#website\",\"url\":\"https:\/\/bookhut.pt\/\",\"name\":\"Book Hut Editores\",\"description\":\"\",\"potentialAction\":[{\"@type\":\"SearchAction\",\"target\":\"https:\/\/bookhut.pt\/?s={search_term_string}\",\"query-input\":\"required name=search_term_string\"}],\"inLanguage\":\"es\"},{\"@type\":\"ImageObject\",\"@id\":\"https:\/\/bookhut.pt\/es\/produto\/gasparinho-y-el-copo-de-nieve\/#primaryimage\",\"inLanguage\":\"es\",\"url\":\"https:\/\/bookhut.pt\/wp-content\/uploads\/2019\/12\/2000-Capa-Gasparinho.jpg\",\"width\":594,\"height\":815},{\"@type\":\"WebPage\",\"@id\":\"https:\/\/bookhut.pt\/es\/produto\/gasparinho-y-el-copo-de-nieve\/#webpage\",\"url\":\"https:\/\/bookhut.pt\/es\/produto\/gasparinho-y-el-copo-de-nieve\/\",\"name\":\"Gasparinho y el copo de nieve - Book Hut Editores\",\"isPartOf\":{\"@id\":\"https:\/\/bookhut.pt\/#website\"},\"primaryImageOfPage\":{\"@id\":\"https:\/\/bookhut.pt\/es\/produto\/gasparinho-y-el-copo-de-nieve\/#primaryimage\"},\"datePublished\":\"2019-12-03T09:07:49+00:00\",\"dateModified\":\"2021-01-08T10:02:18+00:00\",\"inLanguage\":\"es\",\"potentialAction\":[{\"@type\":\"ReadAction\",\"target\":[\"https:\/\/bookhut.pt\/es\/produto\/gasparinho-y-el-copo-de-nieve\/\"]}]}]}<\/script>\n<!-- \/ Yoast SEO plugin. -->","_links":{"self":[{"href":"https:\/\/bookhut.pt\/es\/wp-json\/wp\/v2\/product\/4652"}],"collection":[{"href":"https:\/\/bookhut.pt\/es\/wp-json\/wp\/v2\/product"}],"about":[{"href":"https:\/\/bookhut.pt\/es\/wp-json\/wp\/v2\/types\/product"}],"wp:featuredmedia":[{"embeddable":true,"href":"https:\/\/bookhut.pt\/es\/wp-json\/wp\/v2\/media\/2021"}],"wp:attachment":[{"href":"https:\/\/bookhut.pt\/es\/wp-json\/wp\/v2\/media?parent=4652"}],"curies":[{"name":"wp","href":"https:\/\/api.w.org\/{rel}","templated":true}]}}