{"id":4650,"date":"2019-12-03T09:01:50","date_gmt":"2019-12-03T09:01:50","guid":{"rendered":"https:\/\/bookhut.pt\/produto\/homenaje-a-justino-mendes-de-almeida\/"},"modified":"2021-01-08T09:58:41","modified_gmt":"2021-01-08T09:58:41","slug":"homenaje-a-justino-mendes-de-almeida","status":"publish","type":"product","link":"https:\/\/bookhut.pt\/es\/produto\/homenaje-a-justino-mendes-de-almeida\/","title":{"rendered":"Homenaje a Justino Mendes de Almeida"},"content":{"rendered":"<p>[vc_row][vc_column][vc_column_text]Homenaje a Justino Mendes de Almeida es un volumen de homenaje a un gran humanista portugu\u00e9s, un verdadero hombre de letras, con un camino que dej\u00f3 huella en la historia de la educaci\u00f3n en Portugal.<\/p>\n<p>Este libro dedicado al rector em\u00e9rito de la Universidad Aut\u00f3noma de Lisboa, adem\u00e1s de testimonios personales, contiene cap\u00edtulos sobre arqueolog\u00eda y epigraf\u00eda, historia medieval, moderna, empresarial, historia del libro, historia del arte y, tambi\u00e9n, una secci\u00f3n de varios.<\/p>\n<p>Las contribuciones est\u00e1n firmadas por un elenco ecl\u00e9ctico de los m\u00e1s diversos antecedentes acad\u00e9micos: Agostinho Ara\u00fajo, Aline Gallash-Hall de Beauvink, Ant\u00f3nio de Lencastre Bernardo, Ant\u00f3nio Pedro A. Ferreira, Armando Lu\u00eds de Carvalho Homem, Diogo Leite de Campos, Eduardo Costa, Isabel Pestana Moser, Jo\u00e3o Pancada Correia, Jo\u00e3o Silva de Sousa, Jos\u00e9 Amado da Silva, Jos\u00e9 Amado Mendes, Jos\u00e9 d\u2019Encarna\u00e7\u00e3o, Madalena Rom\u00e3o Mira, Margarida Leme, Maria Isabel Mingu\u00e9ns, Miguel Figueira de Faria, Reginaldo Rodrigues de Almeida y Ricardo Gaid\u00e3o.<\/p>\n<p>La abundancia y diversidad del conocimiento refleja una de las caracter\u00edsticas del homenajeado, como ciudadano e investigador de la cultura portuguesa.[\/vc_column_text][\/vc_column][\/vc_row]<\/p>\n","protected":false},"excerpt":{"rendered":"<p>[vc_row][vc_column][vc_column_text]Homenaje a Justino Mendes de Almeida es un volumen de homenaje a un gran humanista portugu\u00e9s, un verdadero hombre de letras, con un camino que dej\u00f3 huella en la historia de la educaci\u00f3n en Portugal. Este libro dedicado al rector em\u00e9rito de la Universidad Aut\u00f3noma de Lisboa, adem\u00e1s de testimonios personales, contiene cap\u00edtulos sobre arqueolog\u00eda [&hellip;]<\/p>\n","protected":false},"featured_media":4918,"template":"","meta":[],"yoast_head":"<!-- This site is optimized with the Yoast SEO plugin v15.6 - https:\/\/yoast.com\/wordpress\/plugins\/seo\/ -->\n<title>Homenaje a Justino Mendes de Almeida - Book Hut Editores<\/title>\n<meta name=\"robots\" content=\"index, follow, max-snippet:-1, max-image-preview:large, max-video-preview:-1\" \/>\n<link rel=\"canonical\" href=\"https:\/\/bookhut.pt\/es\/produto\/homenaje-a-justino-mendes-de-almeida\/\" \/>\n<meta property=\"og:locale\" content=\"es_ES\" \/>\n<meta property=\"og:type\" content=\"article\" \/>\n<meta property=\"og:title\" content=\"Homenaje a Justino Mendes de Almeida - Book Hut Editores\" \/>\n<meta property=\"og:description\" content=\"[vc_row][vc_column][vc_column_text]Homenaje a Justino Mendes de Almeida es un volumen de homenaje a un gran humanista portugu\u00e9s, un verdadero hombre de letras, con un camino que dej\u00f3 huella en la historia de la educaci\u00f3n en Portugal. Este libro dedicado al rector em\u00e9rito de la Universidad Aut\u00f3noma de Lisboa, adem\u00e1s de testimonios personales, contiene cap\u00edtulos sobre arqueolog\u00eda [&hellip;]\" \/>\n<meta property=\"og:url\" content=\"https:\/\/bookhut.pt\/es\/produto\/homenaje-a-justino-mendes-de-almeida\/\" \/>\n<meta property=\"og:site_name\" content=\"Book Hut Editores\" \/>\n<meta property=\"article:publisher\" content=\"https:\/\/www.facebook.com\/thebookhuteditora\/\" \/>\n<meta property=\"article:modified_time\" content=\"2021-01-08T09:58:41+00:00\" \/>\n<meta property=\"og:image\" content=\"https:\/\/bookhut.pt\/wp-content\/uploads\/2019\/12\/CapaCarlosHargreaves-1-1.jpg\" \/>\n\t<meta property=\"og:image:width\" content=\"663\" \/>\n\t<meta property=\"og:image:height\" content=\"964\" \/>\n<meta name=\"twitter:card\" content=\"summary_large_image\" \/>\n<meta name=\"twitter:site\" content=\"@bookhut_editora\" \/>\n<script type=\"application\/ld+json\" class=\"yoast-schema-graph\">{\"@context\":\"https:\/\/schema.org\",\"@graph\":[{\"@type\":\"WebSite\",\"@id\":\"https:\/\/bookhut.pt\/#website\",\"url\":\"https:\/\/bookhut.pt\/\",\"name\":\"Book Hut Editores\",\"description\":\"\",\"potentialAction\":[{\"@type\":\"SearchAction\",\"target\":\"https:\/\/bookhut.pt\/?s={search_term_string}\",\"query-input\":\"required name=search_term_string\"}],\"inLanguage\":\"es\"},{\"@type\":\"ImageObject\",\"@id\":\"https:\/\/bookhut.pt\/es\/produto\/homenaje-a-justino-mendes-de-almeida\/#primaryimage\",\"inLanguage\":\"es\",\"url\":\"https:\/\/bookhut.pt\/wp-content\/uploads\/2019\/12\/Capa_Homenagem-a-Justino-Mendes-de-Almeida.jpg\",\"width\":654,\"height\":930},{\"@type\":\"WebPage\",\"@id\":\"https:\/\/bookhut.pt\/es\/produto\/homenaje-a-justino-mendes-de-almeida\/#webpage\",\"url\":\"https:\/\/bookhut.pt\/es\/produto\/homenaje-a-justino-mendes-de-almeida\/\",\"name\":\"Homenaje a Justino Mendes de Almeida - Book Hut Editores\",\"isPartOf\":{\"@id\":\"https:\/\/bookhut.pt\/#website\"},\"primaryImageOfPage\":{\"@id\":\"https:\/\/bookhut.pt\/es\/produto\/homenaje-a-justino-mendes-de-almeida\/#primaryimage\"},\"datePublished\":\"2019-12-03T09:01:50+00:00\",\"dateModified\":\"2021-01-08T09:58:41+00:00\",\"inLanguage\":\"es\",\"potentialAction\":[{\"@type\":\"ReadAction\",\"target\":[\"https:\/\/bookhut.pt\/es\/produto\/homenaje-a-justino-mendes-de-almeida\/\"]}]}]}<\/script>\n<!-- \/ Yoast SEO plugin. -->","_links":{"self":[{"href":"https:\/\/bookhut.pt\/es\/wp-json\/wp\/v2\/product\/4650"}],"collection":[{"href":"https:\/\/bookhut.pt\/es\/wp-json\/wp\/v2\/product"}],"about":[{"href":"https:\/\/bookhut.pt\/es\/wp-json\/wp\/v2\/types\/product"}],"wp:featuredmedia":[{"embeddable":true,"href":"https:\/\/bookhut.pt\/es\/wp-json\/wp\/v2\/media\/4918"}],"wp:attachment":[{"href":"https:\/\/bookhut.pt\/es\/wp-json\/wp\/v2\/media?parent=4650"}],"curies":[{"name":"wp","href":"https:\/\/api.w.org\/{rel}","templated":true}]}}