{"id":4649,"date":"2019-12-03T08:57:02","date_gmt":"2019-12-03T08:57:02","guid":{"rendered":"https:\/\/bookhut.pt\/produto\/nunes-da-cunha-botelho-de-lemos-y-buitrago\/"},"modified":"2021-01-08T09:56:46","modified_gmt":"2021-01-08T09:56:46","slug":"nunes-da-cunha-botelho-de-lemos-y-buitrago","status":"publish","type":"product","link":"https:\/\/bookhut.pt\/es\/produto\/nunes-da-cunha-botelho-de-lemos-y-buitrago\/","title":{"rendered":"Nunes da Cunha, Botelho de Lemos y Buitrago"},"content":{"rendered":"<p>[vc_row][vc_column][vc_column_text]Para que los Nunes da Cunha y los que vienen siempre sientan un gran orgullo por pertenecer a la nobleza torriense y de descender de la gran cantidad de caballeros nobles de la Casa Real y la Orden de Cristo que les dio origen, muchos de ellos con el sacrificio de su propia vida en el camino hacia India y en combates mar\u00edtimos, en Alc\u00e1cer-Quebir y en otras batallas, que lucharon en Brasil contra la ocupaci\u00f3n holandesa, en La Lyz en la Primera Guerra Mundial, en Angola, Guinea o en Mozambique, donde defendieron con orgullo las grandes causas de la patria portuguesa que la historia de Portugal nunca olvidar\u00e1. Como Armando de Mattos destac\u00f3 en 1934, \u00a1este trabajo tambi\u00e9n simboliza la recompensa de la naci\u00f3n por una familia que se distingui\u00f3 e hizo grande el nombre de Portugal![\/vc_column_text][\/vc_column][\/vc_row]<\/p>\n","protected":false},"excerpt":{"rendered":"<p>Para que los Nunes da Cunha y los que vienen siempre sientan un gran orgullo por pertenecer a la nobleza torriense y de descender de la gran cantidad de caballeros nobles de la Casa Real y la Orden de Cristo que les dio origen, muchos de ellos con el sacrificio de su propia vida en el camino hacia India y en combates mar\u00edtimos, en Alc\u00e1cer-Quebir y en otras batallas, que lucharon en Brasil contra la ocupaci\u00f3n holandesa, en La Lyz en la Primera Guerra Mundial, en Angola, Guinea o en Mozambique, donde defendieron con orgullo las grandes causas de la patria portuguesa que la historia de Portugal nunca olvidar\u00e1. Como Armando de Mattos destac\u00f3 en 1934, \u00a1este trabajo tambi\u00e9n simboliza la recompensa de la naci\u00f3n por una familia que se distingui\u00f3 e hizo grande el nombre de Portugal!<\/p>\n","protected":false},"featured_media":2173,"template":"","meta":[],"yoast_head":"<!-- This site is optimized with the Yoast SEO plugin v15.6 - https:\/\/yoast.com\/wordpress\/plugins\/seo\/ -->\n<title>Nunes da Cunha, Botelho de Lemos y Buitrago - Book Hut Editores<\/title>\n<meta name=\"robots\" content=\"index, follow, max-snippet:-1, max-image-preview:large, max-video-preview:-1\" \/>\n<link rel=\"canonical\" href=\"https:\/\/bookhut.pt\/es\/produto\/nunes-da-cunha-botelho-de-lemos-y-buitrago\/\" \/>\n<meta property=\"og:locale\" content=\"es_ES\" \/>\n<meta property=\"og:type\" content=\"article\" \/>\n<meta property=\"og:title\" content=\"Nunes da Cunha, Botelho de Lemos y Buitrago - Book Hut Editores\" \/>\n<meta property=\"og:description\" content=\"Para que los Nunes da Cunha y los que vienen siempre sientan un gran orgullo por pertenecer a la nobleza torriense y de descender de la gran cantidad de caballeros nobles de la Casa Real y la Orden de Cristo que les dio origen, muchos de ellos con el sacrificio de su propia vida en el camino hacia India y en combates mar\u00edtimos, en Alc\u00e1cer-Quebir y en otras batallas, que lucharon en Brasil contra la ocupaci\u00f3n holandesa, en La Lyz en la Primera Guerra Mundial, en Angola, Guinea o en Mozambique, donde defendieron con orgullo las grandes causas de la patria portuguesa que la historia de Portugal nunca olvidar\u00e1. Como Armando de Mattos destac\u00f3 en 1934, \u00a1este trabajo tambi\u00e9n simboliza la recompensa de la naci\u00f3n por una familia que se distingui\u00f3 e hizo grande el nombre de Portugal!\" \/>\n<meta property=\"og:url\" content=\"https:\/\/bookhut.pt\/es\/produto\/nunes-da-cunha-botelho-de-lemos-y-buitrago\/\" \/>\n<meta property=\"og:site_name\" content=\"Book Hut Editores\" \/>\n<meta property=\"article:publisher\" content=\"https:\/\/www.facebook.com\/thebookhuteditora\/\" \/>\n<meta property=\"article:modified_time\" content=\"2021-01-08T09:56:46+00:00\" \/>\n<meta property=\"og:image\" content=\"https:\/\/bookhut.pt\/wp-content\/uploads\/2019\/12\/2008-Capa-NUNES-DA-CUNHA.jpg\" \/>\n\t<meta property=\"og:image:width\" content=\"1985\" \/>\n\t<meta property=\"og:image:height\" content=\"2855\" \/>\n<meta name=\"twitter:card\" content=\"summary_large_image\" \/>\n<meta name=\"twitter:site\" content=\"@bookhut_editora\" \/>\n<script type=\"application\/ld+json\" class=\"yoast-schema-graph\">{\"@context\":\"https:\/\/schema.org\",\"@graph\":[{\"@type\":\"WebSite\",\"@id\":\"https:\/\/bookhut.pt\/#website\",\"url\":\"https:\/\/bookhut.pt\/\",\"name\":\"Book Hut Editores\",\"description\":\"\",\"potentialAction\":[{\"@type\":\"SearchAction\",\"target\":\"https:\/\/bookhut.pt\/?s={search_term_string}\",\"query-input\":\"required name=search_term_string\"}],\"inLanguage\":\"es\"},{\"@type\":\"ImageObject\",\"@id\":\"https:\/\/bookhut.pt\/es\/produto\/nunes-da-cunha-botelho-de-lemos-y-buitrago\/#primaryimage\",\"inLanguage\":\"es\",\"url\":\"https:\/\/bookhut.pt\/wp-content\/uploads\/2019\/12\/2008-Capa-NUNES-DA-CUNHA.jpg\",\"width\":1985,\"height\":2855},{\"@type\":\"WebPage\",\"@id\":\"https:\/\/bookhut.pt\/es\/produto\/nunes-da-cunha-botelho-de-lemos-y-buitrago\/#webpage\",\"url\":\"https:\/\/bookhut.pt\/es\/produto\/nunes-da-cunha-botelho-de-lemos-y-buitrago\/\",\"name\":\"Nunes da Cunha, Botelho de Lemos y Buitrago - Book Hut Editores\",\"isPartOf\":{\"@id\":\"https:\/\/bookhut.pt\/#website\"},\"primaryImageOfPage\":{\"@id\":\"https:\/\/bookhut.pt\/es\/produto\/nunes-da-cunha-botelho-de-lemos-y-buitrago\/#primaryimage\"},\"datePublished\":\"2019-12-03T08:57:02+00:00\",\"dateModified\":\"2021-01-08T09:56:46+00:00\",\"inLanguage\":\"es\",\"potentialAction\":[{\"@type\":\"ReadAction\",\"target\":[\"https:\/\/bookhut.pt\/es\/produto\/nunes-da-cunha-botelho-de-lemos-y-buitrago\/\"]}]}]}<\/script>\n<!-- \/ Yoast SEO plugin. -->","_links":{"self":[{"href":"https:\/\/bookhut.pt\/es\/wp-json\/wp\/v2\/product\/4649"}],"collection":[{"href":"https:\/\/bookhut.pt\/es\/wp-json\/wp\/v2\/product"}],"about":[{"href":"https:\/\/bookhut.pt\/es\/wp-json\/wp\/v2\/types\/product"}],"wp:featuredmedia":[{"embeddable":true,"href":"https:\/\/bookhut.pt\/es\/wp-json\/wp\/v2\/media\/2173"}],"wp:attachment":[{"href":"https:\/\/bookhut.pt\/es\/wp-json\/wp\/v2\/media?parent=4649"}],"curies":[{"name":"wp","href":"https:\/\/api.w.org\/{rel}","templated":true}]}}