{"id":4648,"date":"2019-12-03T08:53:16","date_gmt":"2019-12-03T08:53:16","guid":{"rendered":"https:\/\/bookhut.pt\/produto\/liderando-un-equipo-de-ventas-con-pnl\/"},"modified":"2021-01-08T09:54:05","modified_gmt":"2021-01-08T09:54:05","slug":"liderando-un-equipo-de-ventas-con-pnl","status":"publish","type":"product","link":"https:\/\/bookhut.pt\/es\/produto\/liderando-un-equipo-de-ventas-con-pnl\/","title":{"rendered":"Liderando un equipo de ventas con PNL"},"content":{"rendered":"<p>[vc_row][vc_column][vc_column_text]Libro t\u00e9cnico en el \u00e1rea de Marketing y Ventas, cuya lectura es esencial para todos los agentes en el \u00e1rea comercial de las empresas. El autor, Carlos Hargreaves, experto en estas \u00e1reas, tambi\u00e9n es autor de varios cursos y libros, de enorme \u00e9xito, en los que la PNL (Programaci\u00f3n Neuroling\u00fc\u00edstica) lidera como m\u00e9todo de ense\u00f1anza.[\/vc_column_text][\/vc_column][\/vc_row]<\/p>\n","protected":false},"excerpt":{"rendered":"<p>Libro t\u00e9cnico en el \u00e1rea de Marketing y Ventas, cuya lectura es esencial para todos los agentes en el \u00e1rea comercial de las empresas. El autor, Carlos Hargreaves, experto en estas \u00e1reas, tambi\u00e9n es autor de varios cursos y libros, de enorme \u00e9xito, en los que la PNL (Programaci\u00f3n Neuroling\u00fc\u00edstica) lidera como m\u00e9todo de ense\u00f1anza.<\/p>\n","protected":false},"featured_media":2189,"template":"","meta":[],"yoast_head":"<!-- This site is optimized with the Yoast SEO plugin v15.6 - https:\/\/yoast.com\/wordpress\/plugins\/seo\/ -->\n<title>Liderando un equipo de ventas con PNL - Book Hut Editores<\/title>\n<meta name=\"robots\" content=\"index, follow, max-snippet:-1, max-image-preview:large, max-video-preview:-1\" \/>\n<link rel=\"canonical\" href=\"https:\/\/bookhut.pt\/es\/produto\/liderando-un-equipo-de-ventas-con-pnl\/\" \/>\n<meta property=\"og:locale\" content=\"es_ES\" \/>\n<meta property=\"og:type\" content=\"article\" \/>\n<meta property=\"og:title\" content=\"Liderando un equipo de ventas con PNL - Book Hut Editores\" \/>\n<meta property=\"og:description\" content=\"Libro t\u00e9cnico en el \u00e1rea de Marketing y Ventas, cuya lectura es esencial para todos los agentes en el \u00e1rea comercial de las empresas. El autor, Carlos Hargreaves, experto en estas \u00e1reas, tambi\u00e9n es autor de varios cursos y libros, de enorme \u00e9xito, en los que la PNL (Programaci\u00f3n Neuroling\u00fc\u00edstica) lidera como m\u00e9todo de ense\u00f1anza.\" \/>\n<meta property=\"og:url\" content=\"https:\/\/bookhut.pt\/es\/produto\/liderando-un-equipo-de-ventas-con-pnl\/\" \/>\n<meta property=\"og:site_name\" content=\"Book Hut Editores\" \/>\n<meta property=\"article:publisher\" content=\"https:\/\/www.facebook.com\/thebookhuteditora\/\" \/>\n<meta property=\"article:modified_time\" content=\"2021-01-08T09:54:05+00:00\" \/>\n<meta property=\"og:image\" content=\"https:\/\/bookhut.pt\/wp-content\/uploads\/2019\/12\/2008-Liderar-uma-Equipa-de-Vendas.jpg\" \/>\n\t<meta property=\"og:image:width\" content=\"1747\" \/>\n\t<meta property=\"og:image:height\" content=\"2714\" \/>\n<meta name=\"twitter:card\" content=\"summary_large_image\" \/>\n<meta name=\"twitter:site\" content=\"@bookhut_editora\" \/>\n<script type=\"application\/ld+json\" class=\"yoast-schema-graph\">{\"@context\":\"https:\/\/schema.org\",\"@graph\":[{\"@type\":\"WebSite\",\"@id\":\"https:\/\/bookhut.pt\/#website\",\"url\":\"https:\/\/bookhut.pt\/\",\"name\":\"Book Hut Editores\",\"description\":\"\",\"potentialAction\":[{\"@type\":\"SearchAction\",\"target\":\"https:\/\/bookhut.pt\/?s={search_term_string}\",\"query-input\":\"required name=search_term_string\"}],\"inLanguage\":\"es\"},{\"@type\":\"ImageObject\",\"@id\":\"https:\/\/bookhut.pt\/es\/produto\/liderando-un-equipo-de-ventas-con-pnl\/#primaryimage\",\"inLanguage\":\"es\",\"url\":\"https:\/\/bookhut.pt\/wp-content\/uploads\/2019\/12\/2008-Liderar-uma-Equipa-de-Vendas.jpg\",\"width\":1747,\"height\":2714},{\"@type\":\"WebPage\",\"@id\":\"https:\/\/bookhut.pt\/es\/produto\/liderando-un-equipo-de-ventas-con-pnl\/#webpage\",\"url\":\"https:\/\/bookhut.pt\/es\/produto\/liderando-un-equipo-de-ventas-con-pnl\/\",\"name\":\"Liderando un equipo de ventas con PNL - Book Hut Editores\",\"isPartOf\":{\"@id\":\"https:\/\/bookhut.pt\/#website\"},\"primaryImageOfPage\":{\"@id\":\"https:\/\/bookhut.pt\/es\/produto\/liderando-un-equipo-de-ventas-con-pnl\/#primaryimage\"},\"datePublished\":\"2019-12-03T08:53:16+00:00\",\"dateModified\":\"2021-01-08T09:54:05+00:00\",\"inLanguage\":\"es\",\"potentialAction\":[{\"@type\":\"ReadAction\",\"target\":[\"https:\/\/bookhut.pt\/es\/produto\/liderando-un-equipo-de-ventas-con-pnl\/\"]}]}]}<\/script>\n<!-- \/ Yoast SEO plugin. -->","_links":{"self":[{"href":"https:\/\/bookhut.pt\/es\/wp-json\/wp\/v2\/product\/4648"}],"collection":[{"href":"https:\/\/bookhut.pt\/es\/wp-json\/wp\/v2\/product"}],"about":[{"href":"https:\/\/bookhut.pt\/es\/wp-json\/wp\/v2\/types\/product"}],"wp:featuredmedia":[{"embeddable":true,"href":"https:\/\/bookhut.pt\/es\/wp-json\/wp\/v2\/media\/2189"}],"wp:attachment":[{"href":"https:\/\/bookhut.pt\/es\/wp-json\/wp\/v2\/media?parent=4648"}],"curies":[{"name":"wp","href":"https:\/\/api.w.org\/{rel}","templated":true}]}}