{"id":4647,"date":"2019-12-03T08:49:47","date_gmt":"2019-12-03T08:49:47","guid":{"rendered":"https:\/\/bookhut.pt\/produto\/carretera-afuera\/"},"modified":"2021-01-08T09:51:45","modified_gmt":"2021-01-08T09:51:45","slug":"carretera-afuera","status":"publish","type":"product","link":"https:\/\/bookhut.pt\/es\/produto\/carretera-afuera\/","title":{"rendered":"Carretera afuera"},"content":{"rendered":"<p>[vc_row][vc_column][vc_column_text]Estrada Fora es una compilaci\u00f3n de algunos de los art\u00edculos escritos por Francisco Sande e Castro para los peri\u00f3dicos semanales &#8220;O Independente&#8221; y &#8220;Expresso&#8221; a finales de los a\u00f1os 80 y 90. Son art\u00edculos divertidos que, de manera ir\u00f3nica, analizan nuestra mentalidad y el comportamiento t\u00edpico de los portugueses en la carretera. El cap\u00edtulo final trata sobre algunos de los viajes en coche m\u00e1s notables realizados por el autor, principalmente en tierras africanas.[\/vc_column_text][\/vc_column][\/vc_row]<\/p>\n","protected":false},"excerpt":{"rendered":"<p>Estrada Fora es una compilaci\u00f3n de algunos de los art\u00edculos escritos por Francisco Sande e Castro para los peri\u00f3dicos semanales &#8220;O Independente&#8221; y &#8220;Expresso&#8221; a finales de los a\u00f1os 80 y 90. Son art\u00edculos divertidos que, de manera ir\u00f3nica, analizan nuestra mentalidad y el comportamiento t\u00edpico de los portugueses en la carretera. El cap\u00edtulo final trata sobre algunos de los viajes en coche m\u00e1s notables realizados por el autor, principalmente en tierras africanas.<\/p>\n","protected":false},"featured_media":4906,"template":"","meta":[],"yoast_head":"<!-- This site is optimized with the Yoast SEO plugin v15.6 - https:\/\/yoast.com\/wordpress\/plugins\/seo\/ -->\n<title>Carretera afuera - Book Hut Editores<\/title>\n<meta name=\"robots\" content=\"index, follow, max-snippet:-1, max-image-preview:large, max-video-preview:-1\" \/>\n<link rel=\"canonical\" href=\"https:\/\/bookhut.pt\/es\/produto\/carretera-afuera\/\" \/>\n<meta property=\"og:locale\" content=\"es_ES\" \/>\n<meta property=\"og:type\" content=\"article\" \/>\n<meta property=\"og:title\" content=\"Carretera afuera - Book Hut Editores\" \/>\n<meta property=\"og:description\" content=\"Estrada Fora es una compilaci\u00f3n de algunos de los art\u00edculos escritos por Francisco Sande e Castro para los peri\u00f3dicos semanales &quot;O Independente&quot; y &quot;Expresso&quot; a finales de los a\u00f1os 80 y 90. Son art\u00edculos divertidos que, de manera ir\u00f3nica, analizan nuestra mentalidad y el comportamiento t\u00edpico de los portugueses en la carretera. El cap\u00edtulo final trata sobre algunos de los viajes en coche m\u00e1s notables realizados por el autor, principalmente en tierras africanas.\" \/>\n<meta property=\"og:url\" content=\"https:\/\/bookhut.pt\/es\/produto\/carretera-afuera\/\" \/>\n<meta property=\"og:site_name\" content=\"Book Hut Editores\" \/>\n<meta property=\"article:publisher\" content=\"https:\/\/www.facebook.com\/thebookhuteditora\/\" \/>\n<meta property=\"article:modified_time\" content=\"2021-01-08T09:51:45+00:00\" \/>\n<meta property=\"og:image\" content=\"https:\/\/bookhut.pt\/wp-content\/uploads\/2019\/12\/CapaCarlosHargreaves-1-1.jpg\" \/>\n\t<meta property=\"og:image:width\" content=\"663\" \/>\n\t<meta property=\"og:image:height\" content=\"964\" \/>\n<meta name=\"twitter:card\" content=\"summary_large_image\" \/>\n<meta name=\"twitter:site\" content=\"@bookhut_editora\" \/>\n<script type=\"application\/ld+json\" class=\"yoast-schema-graph\">{\"@context\":\"https:\/\/schema.org\",\"@graph\":[{\"@type\":\"WebSite\",\"@id\":\"https:\/\/bookhut.pt\/#website\",\"url\":\"https:\/\/bookhut.pt\/\",\"name\":\"Book Hut Editores\",\"description\":\"\",\"potentialAction\":[{\"@type\":\"SearchAction\",\"target\":\"https:\/\/bookhut.pt\/?s={search_term_string}\",\"query-input\":\"required name=search_term_string\"}],\"inLanguage\":\"es\"},{\"@type\":\"ImageObject\",\"@id\":\"https:\/\/bookhut.pt\/es\/produto\/carretera-afuera\/#primaryimage\",\"inLanguage\":\"es\",\"url\":\"https:\/\/bookhut.pt\/wp-content\/uploads\/2019\/12\/Capa_Estrada-Fora.jpg\",\"width\":540,\"height\":794},{\"@type\":\"WebPage\",\"@id\":\"https:\/\/bookhut.pt\/es\/produto\/carretera-afuera\/#webpage\",\"url\":\"https:\/\/bookhut.pt\/es\/produto\/carretera-afuera\/\",\"name\":\"Carretera afuera - Book Hut Editores\",\"isPartOf\":{\"@id\":\"https:\/\/bookhut.pt\/#website\"},\"primaryImageOfPage\":{\"@id\":\"https:\/\/bookhut.pt\/es\/produto\/carretera-afuera\/#primaryimage\"},\"datePublished\":\"2019-12-03T08:49:47+00:00\",\"dateModified\":\"2021-01-08T09:51:45+00:00\",\"inLanguage\":\"es\",\"potentialAction\":[{\"@type\":\"ReadAction\",\"target\":[\"https:\/\/bookhut.pt\/es\/produto\/carretera-afuera\/\"]}]}]}<\/script>\n<!-- \/ Yoast SEO plugin. -->","_links":{"self":[{"href":"https:\/\/bookhut.pt\/es\/wp-json\/wp\/v2\/product\/4647"}],"collection":[{"href":"https:\/\/bookhut.pt\/es\/wp-json\/wp\/v2\/product"}],"about":[{"href":"https:\/\/bookhut.pt\/es\/wp-json\/wp\/v2\/types\/product"}],"wp:featuredmedia":[{"embeddable":true,"href":"https:\/\/bookhut.pt\/es\/wp-json\/wp\/v2\/media\/4906"}],"wp:attachment":[{"href":"https:\/\/bookhut.pt\/es\/wp-json\/wp\/v2\/media?parent=4647"}],"curies":[{"name":"wp","href":"https:\/\/api.w.org\/{rel}","templated":true}]}}