{"id":4646,"date":"2019-12-03T08:46:28","date_gmt":"2019-12-03T08:46:28","guid":{"rendered":"https:\/\/bookhut.pt\/produto\/10-semanas-para-una-comunicacion-de-excelencia\/"},"modified":"2021-01-08T09:50:06","modified_gmt":"2021-01-08T09:50:06","slug":"10-semanas-para-una-comunicacion-de-excelencia","status":"publish","type":"product","link":"https:\/\/bookhut.pt\/es\/produto\/10-semanas-para-una-comunicacion-de-excelencia\/","title":{"rendered":"10 semanas para una comunicaci\u00f3n de excelencia"},"content":{"rendered":"<p>[vc_row][vc_column][vc_column_text]Este es un libro sobre comunicaci\u00f3n y, sobre todo, c\u00f3mo puede cambiar nuestras vidas a trav\u00e9s de los resultados que obtenemos de esta.<br \/>\nEste libro tambi\u00e9n es pr\u00e1ctico. Por lo tanto, tiene un programa con ejercicios espec\u00edficos que el lector debe realizar durante un per\u00edodo de 10 semanas.<br \/>\nEstos ejercicios, que se describen y programan a lo largo de ese per\u00edodo, se basan en diversos temas, tales como: psicolog\u00eda cl\u00e1sica, programaci\u00f3n neuroling\u00fc\u00edstica (PNL), t\u00e9cnicas de concentraci\u00f3n, relajaci\u00f3n y visualizaci\u00f3n.<br \/>\nEl prop\u00f3sito de este libro es mejorar sustancialmente su comunicaci\u00f3n. Como tal, despu\u00e9s de leer y entrenar los ejercicios, notar\u00e1 y sentir\u00e1 el progreso realizado.<br \/>\nEl autor tambi\u00e9n busc\u00f3 que el camino, durante las 10 semanas de entrenamiento, sea enriquecedor, fruct\u00edfero y, por cierto &#8230; divertido.[\/vc_column_text][\/vc_column][\/vc_row]<\/p>\n","protected":false},"excerpt":{"rendered":"<p>Este es un libro sobre comunicaci\u00f3n y, sobre todo, c\u00f3mo puede cambiar nuestras vidas a trav\u00e9s de los resultados que obtenemos de esta.<\/p>\n<p>Este libro tambi\u00e9n es pr\u00e1ctico. Por lo tanto, tiene un programa con ejercicios espec\u00edficos que el lector debe realizar durante un per\u00edodo de 10 semanas.<\/p>\n<p>Estos ejercicios, que se describen y programan a lo largo de ese per\u00edodo, se basan en diversos temas, tales como: psicolog\u00eda cl\u00e1sica, programaci\u00f3n neuroling\u00fc\u00edstica (PNL), t\u00e9cnicas de concentraci\u00f3n, relajaci\u00f3n y visualizaci\u00f3n.<\/p>\n<p>El prop\u00f3sito de este libro es mejorar sustancialmente su comunicaci\u00f3n. Como tal, despu\u00e9s de leer y entrenar los ejercicios, notar\u00e1 y sentir\u00e1 el progreso realizado.<\/p>\n<p>El autor tambi\u00e9n busc\u00f3 que el camino, durante las 10 semanas de entrenamiento, sea enriquecedor, fruct\u00edfero y, por cierto &#8230; divertido.<\/p>\n","protected":false},"featured_media":1823,"template":"","meta":[],"yoast_head":"<!-- This site is optimized with the Yoast SEO plugin v15.6 - https:\/\/yoast.com\/wordpress\/plugins\/seo\/ -->\n<title>10 semanas para una comunicaci\u00f3n de excelencia - Book Hut Editores<\/title>\n<meta name=\"robots\" content=\"index, follow, max-snippet:-1, max-image-preview:large, max-video-preview:-1\" \/>\n<link rel=\"canonical\" href=\"https:\/\/bookhut.pt\/es\/produto\/10-semanas-para-una-comunicacion-de-excelencia\/\" \/>\n<meta property=\"og:locale\" content=\"es_ES\" \/>\n<meta property=\"og:type\" content=\"article\" \/>\n<meta property=\"og:title\" content=\"10 semanas para una comunicaci\u00f3n de excelencia - Book Hut Editores\" \/>\n<meta property=\"og:description\" content=\"Este es un libro sobre comunicaci\u00f3n y, sobre todo, c\u00f3mo puede cambiar nuestras vidas a trav\u00e9s de los resultados que obtenemos de esta.  Este libro tambi\u00e9n es pr\u00e1ctico. Por lo tanto, tiene un programa con ejercicios espec\u00edficos que el lector debe realizar durante un per\u00edodo de 10 semanas.  Estos ejercicios, que se describen y programan a lo largo de ese per\u00edodo, se basan en diversos temas, tales como: psicolog\u00eda cl\u00e1sica, programaci\u00f3n neuroling\u00fc\u00edstica (PNL), t\u00e9cnicas de concentraci\u00f3n, relajaci\u00f3n y visualizaci\u00f3n.  El prop\u00f3sito de este libro es mejorar sustancialmente su comunicaci\u00f3n. Como tal, despu\u00e9s de leer y entrenar los ejercicios, notar\u00e1 y sentir\u00e1 el progreso realizado.  El autor tambi\u00e9n busc\u00f3 que el camino, durante las 10 semanas de entrenamiento, sea enriquecedor, fruct\u00edfero y, por cierto ... divertido.\" \/>\n<meta property=\"og:url\" content=\"https:\/\/bookhut.pt\/es\/produto\/10-semanas-para-una-comunicacion-de-excelencia\/\" \/>\n<meta property=\"og:site_name\" content=\"Book Hut Editores\" \/>\n<meta property=\"article:publisher\" content=\"https:\/\/www.facebook.com\/thebookhuteditora\/\" \/>\n<meta property=\"article:modified_time\" content=\"2021-01-08T09:50:06+00:00\" \/>\n<meta property=\"og:image\" content=\"https:\/\/bookhut.pt\/wp-content\/uploads\/2019\/12\/CapaCarlosHargreaves-1.jpg\" \/>\n\t<meta property=\"og:image:width\" content=\"679\" \/>\n\t<meta property=\"og:image:height\" content=\"1090\" \/>\n<meta name=\"twitter:card\" content=\"summary_large_image\" \/>\n<meta name=\"twitter:site\" content=\"@bookhut_editora\" \/>\n<script type=\"application\/ld+json\" class=\"yoast-schema-graph\">{\"@context\":\"https:\/\/schema.org\",\"@graph\":[{\"@type\":\"WebSite\",\"@id\":\"https:\/\/bookhut.pt\/#website\",\"url\":\"https:\/\/bookhut.pt\/\",\"name\":\"Book Hut Editores\",\"description\":\"\",\"potentialAction\":[{\"@type\":\"SearchAction\",\"target\":\"https:\/\/bookhut.pt\/?s={search_term_string}\",\"query-input\":\"required name=search_term_string\"}],\"inLanguage\":\"es\"},{\"@type\":\"ImageObject\",\"@id\":\"https:\/\/bookhut.pt\/es\/produto\/10-semanas-para-una-comunicacion-de-excelencia\/#primaryimage\",\"inLanguage\":\"es\",\"url\":\"https:\/\/bookhut.pt\/wp-content\/uploads\/2019\/12\/CapaCarlosHargreaves-1.jpg\",\"width\":679,\"height\":1090},{\"@type\":\"WebPage\",\"@id\":\"https:\/\/bookhut.pt\/es\/produto\/10-semanas-para-una-comunicacion-de-excelencia\/#webpage\",\"url\":\"https:\/\/bookhut.pt\/es\/produto\/10-semanas-para-una-comunicacion-de-excelencia\/\",\"name\":\"10 semanas para una comunicaci\\u00f3n de excelencia - Book Hut Editores\",\"isPartOf\":{\"@id\":\"https:\/\/bookhut.pt\/#website\"},\"primaryImageOfPage\":{\"@id\":\"https:\/\/bookhut.pt\/es\/produto\/10-semanas-para-una-comunicacion-de-excelencia\/#primaryimage\"},\"datePublished\":\"2019-12-03T08:46:28+00:00\",\"dateModified\":\"2021-01-08T09:50:06+00:00\",\"inLanguage\":\"es\",\"potentialAction\":[{\"@type\":\"ReadAction\",\"target\":[\"https:\/\/bookhut.pt\/es\/produto\/10-semanas-para-una-comunicacion-de-excelencia\/\"]}]}]}<\/script>\n<!-- \/ Yoast SEO plugin. -->","_links":{"self":[{"href":"https:\/\/bookhut.pt\/es\/wp-json\/wp\/v2\/product\/4646"}],"collection":[{"href":"https:\/\/bookhut.pt\/es\/wp-json\/wp\/v2\/product"}],"about":[{"href":"https:\/\/bookhut.pt\/es\/wp-json\/wp\/v2\/types\/product"}],"wp:featuredmedia":[{"embeddable":true,"href":"https:\/\/bookhut.pt\/es\/wp-json\/wp\/v2\/media\/1823"}],"wp:attachment":[{"href":"https:\/\/bookhut.pt\/es\/wp-json\/wp\/v2\/media?parent=4646"}],"curies":[{"name":"wp","href":"https:\/\/api.w.org\/{rel}","templated":true}]}}