{"id":4645,"date":"2019-12-02T17:51:14","date_gmt":"2019-12-02T17:51:14","guid":{"rendered":"https:\/\/bookhut.pt\/produto\/ha-sempre-um-vapor-acostado-ao-cais-siempre-hay-vapor-junto-al-muelle\/"},"modified":"2021-01-08T09:48:08","modified_gmt":"2021-01-08T09:48:08","slug":"ha-sempre-um-vapor-acostado-ao-cais-siempre-hay-vapor-junto-al-muelle","status":"publish","type":"product","link":"https:\/\/bookhut.pt\/es\/produto\/ha-sempre-um-vapor-acostado-ao-cais-siempre-hay-vapor-junto-al-muelle\/","title":{"rendered":"H\u00e1 Sempre um Vapor Acostado ao Cais [Siempre hay vapor junto al muelle]"},"content":{"rendered":"<p>[vc_row][vc_column][vc_column_text]Si, como dec\u00eda Teixeira de Pascoaes, ser poeta es animar las palabras, Joaquim Chito Rodrigues es, profundamente, un poeta. Sus versos no temen la piel del amor concreto, el anhelo v\u00edvido de amigos que ya no viven, el sabor lento de cada ense\u00f1anza, dura o dulce, del tiempo que pasa. Aqu\u00ed es donde comienza esta actividad muy peligrosa de bajar a las grutas m\u00e1s oscuras del alma para sangrar fantasmas, secretos, colores y cambiantes: esa es la fuerza de su poes\u00eda. Sus palabras luminosas, con una simplicidad reflexiva, revelan el fuego universal de los sentimientos en el sentido particular de cada coraz\u00f3n. &#8211; In\u00eas Pedrosa[\/vc_column_text][\/vc_column][\/vc_row]<\/p>\n","protected":false},"excerpt":{"rendered":"<p>[vc_row][vc_column][vc_column_text]Si, como dec\u00eda Teixeira de Pascoaes, ser poeta es animar las palabras, Joaquim Chito Rodrigues es, profundamente, un poeta. Sus versos no temen la piel del amor concreto, el anhelo v\u00edvido de amigos que ya no viven, el sabor lento de cada ense\u00f1anza, dura o dulce, del tiempo que pasa. Aqu\u00ed es donde comienza esta [&hellip;]<\/p>\n","protected":false},"featured_media":4914,"template":"","meta":[],"yoast_head":"<!-- This site is optimized with the Yoast SEO plugin v15.6 - https:\/\/yoast.com\/wordpress\/plugins\/seo\/ -->\n<title>H\u00e1 Sempre um Vapor Acostado ao Cais [Siempre hay vapor junto al muelle] - Book Hut Editores<\/title>\n<meta name=\"robots\" content=\"index, follow, max-snippet:-1, max-image-preview:large, max-video-preview:-1\" \/>\n<link rel=\"canonical\" href=\"https:\/\/bookhut.pt\/es\/produto\/ha-sempre-um-vapor-acostado-ao-cais-siempre-hay-vapor-junto-al-muelle\/\" \/>\n<meta property=\"og:locale\" content=\"es_ES\" \/>\n<meta property=\"og:type\" content=\"article\" \/>\n<meta property=\"og:title\" content=\"H\u00e1 Sempre um Vapor Acostado ao Cais [Siempre hay vapor junto al muelle] - Book Hut Editores\" \/>\n<meta property=\"og:description\" content=\"[vc_row][vc_column][vc_column_text]Si, como dec\u00eda Teixeira de Pascoaes, ser poeta es animar las palabras, Joaquim Chito Rodrigues es, profundamente, un poeta. Sus versos no temen la piel del amor concreto, el anhelo v\u00edvido de amigos que ya no viven, el sabor lento de cada ense\u00f1anza, dura o dulce, del tiempo que pasa. Aqu\u00ed es donde comienza esta [&hellip;]\" \/>\n<meta property=\"og:url\" content=\"https:\/\/bookhut.pt\/es\/produto\/ha-sempre-um-vapor-acostado-ao-cais-siempre-hay-vapor-junto-al-muelle\/\" \/>\n<meta property=\"og:site_name\" content=\"Book Hut Editores\" \/>\n<meta property=\"article:publisher\" content=\"https:\/\/www.facebook.com\/thebookhuteditora\/\" \/>\n<meta property=\"article:modified_time\" content=\"2021-01-08T09:48:08+00:00\" \/>\n<meta property=\"og:image\" content=\"https:\/\/bookhut.pt\/wp-content\/uploads\/2019\/12\/CapaCarlosHargreaves-1-1.jpg\" \/>\n\t<meta property=\"og:image:width\" content=\"663\" \/>\n\t<meta property=\"og:image:height\" content=\"964\" \/>\n<meta name=\"twitter:card\" content=\"summary_large_image\" \/>\n<meta name=\"twitter:site\" content=\"@bookhut_editora\" \/>\n<script type=\"application\/ld+json\" class=\"yoast-schema-graph\">{\"@context\":\"https:\/\/schema.org\",\"@graph\":[{\"@type\":\"WebSite\",\"@id\":\"https:\/\/bookhut.pt\/#website\",\"url\":\"https:\/\/bookhut.pt\/\",\"name\":\"Book Hut Editores\",\"description\":\"\",\"potentialAction\":[{\"@type\":\"SearchAction\",\"target\":\"https:\/\/bookhut.pt\/?s={search_term_string}\",\"query-input\":\"required name=search_term_string\"}],\"inLanguage\":\"es\"},{\"@type\":\"ImageObject\",\"@id\":\"https:\/\/bookhut.pt\/es\/produto\/ha-sempre-um-vapor-acostado-ao-cais-siempre-hay-vapor-junto-al-muelle\/#primaryimage\",\"inLanguage\":\"es\",\"url\":\"https:\/\/bookhut.pt\/wp-content\/uploads\/2019\/12\/Capa_Ha-sempre-um-Vapor-acostado-ao-cais.jpg\",\"width\":540,\"height\":794},{\"@type\":\"WebPage\",\"@id\":\"https:\/\/bookhut.pt\/es\/produto\/ha-sempre-um-vapor-acostado-ao-cais-siempre-hay-vapor-junto-al-muelle\/#webpage\",\"url\":\"https:\/\/bookhut.pt\/es\/produto\/ha-sempre-um-vapor-acostado-ao-cais-siempre-hay-vapor-junto-al-muelle\/\",\"name\":\"H\\u00e1 Sempre um Vapor Acostado ao Cais [Siempre hay vapor junto al muelle] - Book Hut Editores\",\"isPartOf\":{\"@id\":\"https:\/\/bookhut.pt\/#website\"},\"primaryImageOfPage\":{\"@id\":\"https:\/\/bookhut.pt\/es\/produto\/ha-sempre-um-vapor-acostado-ao-cais-siempre-hay-vapor-junto-al-muelle\/#primaryimage\"},\"datePublished\":\"2019-12-02T17:51:14+00:00\",\"dateModified\":\"2021-01-08T09:48:08+00:00\",\"inLanguage\":\"es\",\"potentialAction\":[{\"@type\":\"ReadAction\",\"target\":[\"https:\/\/bookhut.pt\/es\/produto\/ha-sempre-um-vapor-acostado-ao-cais-siempre-hay-vapor-junto-al-muelle\/\"]}]}]}<\/script>\n<!-- \/ Yoast SEO plugin. -->","_links":{"self":[{"href":"https:\/\/bookhut.pt\/es\/wp-json\/wp\/v2\/product\/4645"}],"collection":[{"href":"https:\/\/bookhut.pt\/es\/wp-json\/wp\/v2\/product"}],"about":[{"href":"https:\/\/bookhut.pt\/es\/wp-json\/wp\/v2\/types\/product"}],"wp:featuredmedia":[{"embeddable":true,"href":"https:\/\/bookhut.pt\/es\/wp-json\/wp\/v2\/media\/4914"}],"wp:attachment":[{"href":"https:\/\/bookhut.pt\/es\/wp-json\/wp\/v2\/media?parent=4645"}],"curies":[{"name":"wp","href":"https:\/\/api.w.org\/{rel}","templated":true}]}}