{"id":4642,"date":"2019-12-02T17:45:15","date_gmt":"2019-12-02T17:45:15","guid":{"rendered":"https:\/\/bookhut.pt\/produto\/arquitectura-asi-o-al-reves\/"},"modified":"2021-01-08T09:43:33","modified_gmt":"2021-01-08T09:43:33","slug":"arquitectura-asi-o-al-reves","status":"publish","type":"product","link":"https:\/\/bookhut.pt\/es\/produto\/arquitectura-asi-o-al-reves\/","title":{"rendered":"\u00bfArquitectura as\u00ed o al rev\u00e9s?"},"content":{"rendered":"<p>[vc_row][vc_column][vc_column_text]Desde la primera hasta la \u00faltima p\u00e1gina, Jos\u00e9 Charles Monteiro viaja, con una l\u00facidez casi dolorosa, a trav\u00e9s de todo el arco de producci\u00f3n de hechos urbanos, en la ciudad; desde la planificaci\u00f3n territorial (de car\u00e1cter personal) hasta la arquitectura, incluida la planificaci\u00f3n urbana y su gesti\u00f3n, sin olvidar la formaci\u00f3n propia del arquitecto. Todo esto en un torrente de argumentos, en que la t\u00e9cnica, la \u00e9tica, la est\u00e9tica y la pol\u00edtica recuperan su unidad original como en la antigua Grecia.[\/vc_column_text][\/vc_column][\/vc_row]<\/p>\n","protected":false},"excerpt":{"rendered":"<p>Desde la primera hasta la \u00faltima p\u00e1gina, Jos\u00e9 Charles Monteiro viaja, con una l\u00facidez casi dolorosa, a trav\u00e9s de todo el arco de producci\u00f3n de hechos urbanos, en la ciudad; desde la planificaci\u00f3n territorial (de car\u00e1cter personal) hasta la arquitectura, incluida la planificaci\u00f3n urbana y su gesti\u00f3n, sin olvidar la formaci\u00f3n propia del arquitecto. Todo esto en un torrente de argumentos, en que la t\u00e9cnica, la \u00e9tica, la est\u00e9tica y la pol\u00edtica recuperan su unidad original como en la antigua Grecia.<\/p>\n","protected":false},"featured_media":2161,"template":"","meta":[],"yoast_head":"<!-- This site is optimized with the Yoast SEO plugin v15.6 - https:\/\/yoast.com\/wordpress\/plugins\/seo\/ -->\n<title>\u00bfArquitectura as\u00ed o al rev\u00e9s? - Book Hut Editores<\/title>\n<meta name=\"robots\" content=\"index, follow, max-snippet:-1, max-image-preview:large, max-video-preview:-1\" \/>\n<link rel=\"canonical\" href=\"https:\/\/bookhut.pt\/es\/produto\/arquitectura-asi-o-al-reves\/\" \/>\n<meta property=\"og:locale\" content=\"es_ES\" \/>\n<meta property=\"og:type\" content=\"article\" \/>\n<meta property=\"og:title\" content=\"\u00bfArquitectura as\u00ed o al rev\u00e9s? - Book Hut Editores\" \/>\n<meta property=\"og:description\" content=\"Desde la primera hasta la \u00faltima p\u00e1gina, Jos\u00e9 Charles Monteiro viaja, con una l\u00facidez casi dolorosa, a trav\u00e9s de todo el arco de producci\u00f3n de hechos urbanos, en la ciudad; desde la planificaci\u00f3n territorial (de car\u00e1cter personal) hasta la arquitectura, incluida la planificaci\u00f3n urbana y su gesti\u00f3n, sin olvidar la formaci\u00f3n propia del arquitecto. Todo esto en un torrente de argumentos, en que la t\u00e9cnica, la \u00e9tica, la est\u00e9tica y la pol\u00edtica recuperan su unidad original como en la antigua Grecia.\" \/>\n<meta property=\"og:url\" content=\"https:\/\/bookhut.pt\/es\/produto\/arquitectura-asi-o-al-reves\/\" \/>\n<meta property=\"og:site_name\" content=\"Book Hut Editores\" \/>\n<meta property=\"article:publisher\" content=\"https:\/\/www.facebook.com\/thebookhuteditora\/\" \/>\n<meta property=\"article:modified_time\" content=\"2021-01-08T09:43:33+00:00\" \/>\n<meta property=\"og:image\" content=\"https:\/\/bookhut.pt\/wp-content\/uploads\/2019\/12\/2008-Capa-Arquitectura-assimContrario.jpg\" \/>\n\t<meta property=\"og:image:width\" content=\"1836\" \/>\n\t<meta property=\"og:image:height\" content=\"2602\" \/>\n<meta name=\"twitter:card\" content=\"summary_large_image\" \/>\n<meta name=\"twitter:site\" content=\"@bookhut_editora\" \/>\n<script type=\"application\/ld+json\" class=\"yoast-schema-graph\">{\"@context\":\"https:\/\/schema.org\",\"@graph\":[{\"@type\":\"WebSite\",\"@id\":\"https:\/\/bookhut.pt\/#website\",\"url\":\"https:\/\/bookhut.pt\/\",\"name\":\"Book Hut Editores\",\"description\":\"\",\"potentialAction\":[{\"@type\":\"SearchAction\",\"target\":\"https:\/\/bookhut.pt\/?s={search_term_string}\",\"query-input\":\"required name=search_term_string\"}],\"inLanguage\":\"es\"},{\"@type\":\"ImageObject\",\"@id\":\"https:\/\/bookhut.pt\/es\/produto\/arquitectura-asi-o-al-reves\/#primaryimage\",\"inLanguage\":\"es\",\"url\":\"https:\/\/bookhut.pt\/wp-content\/uploads\/2019\/12\/2008-Capa-Arquitectura-assimContrario.jpg\",\"width\":1836,\"height\":2602},{\"@type\":\"WebPage\",\"@id\":\"https:\/\/bookhut.pt\/es\/produto\/arquitectura-asi-o-al-reves\/#webpage\",\"url\":\"https:\/\/bookhut.pt\/es\/produto\/arquitectura-asi-o-al-reves\/\",\"name\":\"\\u00bfArquitectura as\\u00ed o al rev\\u00e9s? - Book Hut Editores\",\"isPartOf\":{\"@id\":\"https:\/\/bookhut.pt\/#website\"},\"primaryImageOfPage\":{\"@id\":\"https:\/\/bookhut.pt\/es\/produto\/arquitectura-asi-o-al-reves\/#primaryimage\"},\"datePublished\":\"2019-12-02T17:45:15+00:00\",\"dateModified\":\"2021-01-08T09:43:33+00:00\",\"inLanguage\":\"es\",\"potentialAction\":[{\"@type\":\"ReadAction\",\"target\":[\"https:\/\/bookhut.pt\/es\/produto\/arquitectura-asi-o-al-reves\/\"]}]}]}<\/script>\n<!-- \/ Yoast SEO plugin. -->","_links":{"self":[{"href":"https:\/\/bookhut.pt\/es\/wp-json\/wp\/v2\/product\/4642"}],"collection":[{"href":"https:\/\/bookhut.pt\/es\/wp-json\/wp\/v2\/product"}],"about":[{"href":"https:\/\/bookhut.pt\/es\/wp-json\/wp\/v2\/types\/product"}],"wp:featuredmedia":[{"embeddable":true,"href":"https:\/\/bookhut.pt\/es\/wp-json\/wp\/v2\/media\/2161"}],"wp:attachment":[{"href":"https:\/\/bookhut.pt\/es\/wp-json\/wp\/v2\/media?parent=4642"}],"curies":[{"name":"wp","href":"https:\/\/api.w.org\/{rel}","templated":true}]}}