{"id":4640,"date":"2019-12-02T17:42:53","date_gmt":"2019-12-02T17:42:53","guid":{"rendered":"https:\/\/bookhut.pt\/produto\/un-cafe-junto-al-acueducto\/"},"modified":"2021-01-08T09:40:59","modified_gmt":"2021-01-08T09:40:59","slug":"un-cafe-junto-al-acueducto","status":"publish","type":"product","link":"https:\/\/bookhut.pt\/es\/produto\/un-cafe-junto-al-acueducto\/","title":{"rendered":"Un caf\u00e9 junto al acueducto"},"content":{"rendered":"<p>[vc_row][vc_column][vc_column_text]Un caf\u00e9 junto al acueducto nos habla y nos presenta una colecci\u00f3n ideada por Manuel Carmo a partir de su exposici\u00f3n &#8220;Aquae Liberae Triumphalis Ingressus&#8221; (compuesta por 12 pinturas, dise\u00f1adas espec\u00edficamente para el embalse M\u00e3e d\u00b4\u00c1gua das Amoreiras, inaugurado en el a\u00f1o 2004, y adem\u00e1s se exhibe en el Palacio de la Bolsa de Oporto y actualmente en el Museo Nacional de Arqueolog\u00eda y tambi\u00e9n en la exposici\u00f3n Aqua Romana en el Museo del Agua de Barcelona) es un conjunto de esculturas que cuentan la historia del Agua a trav\u00e9s del Acueducto de \u00c1guas Livres, aportando arte, el disfrute de los sentidos y el sexto sentido de lo imaginario, el desaf\u00edo l\u00fadico que revela el concepto del rompecabezas para lograr la armon\u00eda, y un gesto epic\u00fareo cotidiano, pero de gran simplicidad: tomar un caf\u00e9.[\/vc_column_text][\/vc_column][\/vc_row]<\/p>\n","protected":false},"excerpt":{"rendered":"<p>Un caf\u00e9 junto al acueducto nos habla y nos presenta una colecci\u00f3n ideada por Manuel Carmo a partir de su exposici\u00f3n &#8220;Aquae Liberae Triumphalis Ingressus&#8221; (compuesta por 12 pinturas, dise\u00f1adas espec\u00edficamente para el embalse M\u00e3e d\u00b4\u00c1gua das Amoreiras, inaugurado en el a\u00f1o 2004, y adem\u00e1s se exhibe en el Palacio de la Bolsa de Oporto y actualmente en el Museo Nacional de Arqueolog\u00eda y tambi\u00e9n en la exposici\u00f3n Aqua Romana en el Museo del Agua de Barcelona) es un conjunto de esculturas que cuentan la historia del Agua a trav\u00e9s del Acueducto de \u00c1guas Livres, aportando arte, el disfrute de los sentidos y el sexto sentido de lo imaginario, el desaf\u00edo l\u00fadico que revela el concepto del rompecabezas para lograr la armon\u00eda, y un gesto epic\u00fareo cotidiano, pero de gran simplicidad: tomar un caf\u00e9.<\/p>\n","protected":false},"featured_media":2101,"template":"","meta":[],"yoast_head":"<!-- This site is optimized with the Yoast SEO plugin v15.6 - https:\/\/yoast.com\/wordpress\/plugins\/seo\/ -->\n<title>Un caf\u00e9 junto al acueducto - Book Hut Editores<\/title>\n<meta name=\"robots\" content=\"index, follow, max-snippet:-1, max-image-preview:large, max-video-preview:-1\" \/>\n<link rel=\"canonical\" href=\"https:\/\/bookhut.pt\/es\/produto\/un-cafe-junto-al-acueducto\/\" \/>\n<meta property=\"og:locale\" content=\"es_ES\" \/>\n<meta property=\"og:type\" content=\"article\" \/>\n<meta property=\"og:title\" content=\"Un caf\u00e9 junto al acueducto - Book Hut Editores\" \/>\n<meta property=\"og:description\" content=\"Un caf\u00e9 junto al acueducto nos habla y nos presenta una colecci\u00f3n ideada por Manuel Carmo a partir de su exposici\u00f3n &quot;Aquae Liberae Triumphalis Ingressus&quot; (compuesta por 12 pinturas, dise\u00f1adas espec\u00edficamente para el embalse M\u00e3e d\u00b4\u00c1gua das Amoreiras, inaugurado en el a\u00f1o 2004, y adem\u00e1s se exhibe en el Palacio de la Bolsa de Oporto y actualmente en el Museo Nacional de Arqueolog\u00eda y tambi\u00e9n en la exposici\u00f3n Aqua Romana en el Museo del Agua de Barcelona) es un conjunto de esculturas que cuentan la historia del Agua a trav\u00e9s del Acueducto de \u00c1guas Livres, aportando arte, el disfrute de los sentidos y el sexto sentido de lo imaginario, el desaf\u00edo l\u00fadico que revela el concepto del rompecabezas para lograr la armon\u00eda, y un gesto epic\u00fareo cotidiano, pero de gran simplicidad: tomar un caf\u00e9.\" \/>\n<meta property=\"og:url\" content=\"https:\/\/bookhut.pt\/es\/produto\/un-cafe-junto-al-acueducto\/\" \/>\n<meta property=\"og:site_name\" content=\"Book Hut Editores\" \/>\n<meta property=\"article:publisher\" content=\"https:\/\/www.facebook.com\/thebookhuteditora\/\" \/>\n<meta property=\"article:modified_time\" content=\"2021-01-08T09:40:59+00:00\" \/>\n<meta property=\"og:image\" content=\"https:\/\/bookhut.pt\/wp-content\/uploads\/2019\/12\/2005-um-cafe-pelo-aqueduto.jpg\" \/>\n\t<meta property=\"og:image:width\" content=\"422\" \/>\n\t<meta property=\"og:image:height\" content=\"612\" \/>\n<meta name=\"twitter:card\" content=\"summary_large_image\" \/>\n<meta name=\"twitter:site\" content=\"@bookhut_editora\" \/>\n<script type=\"application\/ld+json\" class=\"yoast-schema-graph\">{\"@context\":\"https:\/\/schema.org\",\"@graph\":[{\"@type\":\"WebSite\",\"@id\":\"https:\/\/bookhut.pt\/#website\",\"url\":\"https:\/\/bookhut.pt\/\",\"name\":\"Book Hut Editores\",\"description\":\"\",\"potentialAction\":[{\"@type\":\"SearchAction\",\"target\":\"https:\/\/bookhut.pt\/?s={search_term_string}\",\"query-input\":\"required name=search_term_string\"}],\"inLanguage\":\"es\"},{\"@type\":\"ImageObject\",\"@id\":\"https:\/\/bookhut.pt\/es\/produto\/un-cafe-junto-al-acueducto\/#primaryimage\",\"inLanguage\":\"es\",\"url\":\"https:\/\/bookhut.pt\/wp-content\/uploads\/2019\/12\/2005-um-cafe-pelo-aqueduto.jpg\",\"width\":422,\"height\":612},{\"@type\":\"WebPage\",\"@id\":\"https:\/\/bookhut.pt\/es\/produto\/un-cafe-junto-al-acueducto\/#webpage\",\"url\":\"https:\/\/bookhut.pt\/es\/produto\/un-cafe-junto-al-acueducto\/\",\"name\":\"Un caf\\u00e9 junto al acueducto - Book Hut Editores\",\"isPartOf\":{\"@id\":\"https:\/\/bookhut.pt\/#website\"},\"primaryImageOfPage\":{\"@id\":\"https:\/\/bookhut.pt\/es\/produto\/un-cafe-junto-al-acueducto\/#primaryimage\"},\"datePublished\":\"2019-12-02T17:42:53+00:00\",\"dateModified\":\"2021-01-08T09:40:59+00:00\",\"inLanguage\":\"es\",\"potentialAction\":[{\"@type\":\"ReadAction\",\"target\":[\"https:\/\/bookhut.pt\/es\/produto\/un-cafe-junto-al-acueducto\/\"]}]}]}<\/script>\n<!-- \/ Yoast SEO plugin. -->","_links":{"self":[{"href":"https:\/\/bookhut.pt\/es\/wp-json\/wp\/v2\/product\/4640"}],"collection":[{"href":"https:\/\/bookhut.pt\/es\/wp-json\/wp\/v2\/product"}],"about":[{"href":"https:\/\/bookhut.pt\/es\/wp-json\/wp\/v2\/types\/product"}],"wp:featuredmedia":[{"embeddable":true,"href":"https:\/\/bookhut.pt\/es\/wp-json\/wp\/v2\/media\/2101"}],"wp:attachment":[{"href":"https:\/\/bookhut.pt\/es\/wp-json\/wp\/v2\/media?parent=4640"}],"curies":[{"name":"wp","href":"https:\/\/api.w.org\/{rel}","templated":true}]}}