{"id":4639,"date":"2019-12-02T17:40:24","date_gmt":"2019-12-02T17:40:24","guid":{"rendered":"https:\/\/bookhut.pt\/produto\/d-joao-vi-do-brasil\/"},"modified":"2021-01-07T20:24:25","modified_gmt":"2021-01-07T20:24:25","slug":"d-joao-vi-do-brasil","status":"publish","type":"product","link":"https:\/\/bookhut.pt\/es\/produto\/d-joao-vi-do-brasil\/","title":{"rendered":"D. Jo\u00e3o VI do Brasil"},"content":{"rendered":"<p>[vc_row][vc_column][vc_column_text]<\/p>\n<p>Originalmente lanzado en 1909, este cl\u00e1sico de la historiograf\u00eda brasile\u00f1a tuvo una segunda edici\u00f3n solo en 1945, y luego se qued\u00f3 fuera de las librer\u00edas durante m\u00e1s de medio siglo. Este trabajo de Manuel de Oliveira Lima se utiliza como base para realizar estudios de \u00e9poca, incluyendo novelas, pel\u00edculas, obras de teatro y series de televisi\u00f3n, ya que es el m\u00e1s completo y detallado sobre la llegada de la familia real a Brasil, en 1808, y los cambios que esto provoc\u00f3 en la historia del pa\u00eds.<br data-mce-bogus=\"1\"><\/p>\n<p>[\/vc_column_text][\/vc_column][\/vc_row]<\/p>\n","protected":false},"excerpt":{"rendered":"<p>Originalmente lanzado en 1909, este cl\u00e1sico de la historiograf\u00eda brasile\u00f1a tuvo una segunda edici\u00f3n solo en 1945, y luego se qued\u00f3 fuera de las librer\u00edas durante m\u00e1s de medio siglo. Este trabajo de Manuel de Oliveira Lima se utiliza como base para realizar estudios de \u00e9poca, incluyendo novelas, pel\u00edculas, obras de teatro y series de televisi\u00f3n, ya que es el m\u00e1s completo y detallado sobre la llegada de la familia real a Brasil, en 1808, y los cambios que esto provoc\u00f3 en la historia del pa\u00eds.<br data-mce-bogus=\"1\"><\/p>\n","protected":false},"featured_media":2185,"template":"","meta":[],"yoast_head":"<!-- This site is optimized with the Yoast SEO plugin v15.6 - https:\/\/yoast.com\/wordpress\/plugins\/seo\/ -->\n<title>D. Jo\u00e3o VI do Brasil - Book Hut Editores<\/title>\n<meta name=\"robots\" content=\"index, follow, max-snippet:-1, max-image-preview:large, max-video-preview:-1\" \/>\n<link rel=\"canonical\" href=\"https:\/\/bookhut.pt\/es\/produto\/d-joao-vi-do-brasil\/\" \/>\n<meta property=\"og:locale\" content=\"es_ES\" \/>\n<meta property=\"og:type\" content=\"article\" \/>\n<meta property=\"og:title\" content=\"D. Jo\u00e3o VI do Brasil - Book Hut Editores\" \/>\n<meta property=\"og:description\" content=\"Originalmente lanzado en 1909, este cl\u00e1sico de la historiograf\u00eda brasile\u00f1a tuvo una segunda edici\u00f3n solo en 1945, y luego se qued\u00f3 fuera de las librer\u00edas durante m\u00e1s de medio siglo. Este trabajo de Manuel de Oliveira Lima se utiliza como base para realizar estudios de \u00e9poca, incluyendo novelas, pel\u00edculas, obras de teatro y series de televisi\u00f3n, ya que es el m\u00e1s completo y detallado sobre la llegada de la familia real a Brasil, en 1808, y los cambios que esto provoc\u00f3 en la historia del pa\u00eds.\" \/>\n<meta property=\"og:url\" content=\"https:\/\/bookhut.pt\/es\/produto\/d-joao-vi-do-brasil\/\" \/>\n<meta property=\"og:site_name\" content=\"Book Hut Editores\" \/>\n<meta property=\"article:publisher\" content=\"https:\/\/www.facebook.com\/thebookhuteditora\/\" \/>\n<meta property=\"article:modified_time\" content=\"2021-01-07T20:24:25+00:00\" \/>\n<meta property=\"og:image\" content=\"https:\/\/bookhut.pt\/wp-content\/uploads\/2019\/12\/2008-DJoaoVI-no-Brasil.jpg\" \/>\n\t<meta property=\"og:image:width\" content=\"376\" \/>\n\t<meta property=\"og:image:height\" content=\"553\" \/>\n<meta name=\"twitter:card\" content=\"summary_large_image\" \/>\n<meta name=\"twitter:site\" content=\"@bookhut_editora\" \/>\n<script type=\"application\/ld+json\" class=\"yoast-schema-graph\">{\"@context\":\"https:\/\/schema.org\",\"@graph\":[{\"@type\":\"WebSite\",\"@id\":\"https:\/\/bookhut.pt\/#website\",\"url\":\"https:\/\/bookhut.pt\/\",\"name\":\"Book Hut Editores\",\"description\":\"\",\"potentialAction\":[{\"@type\":\"SearchAction\",\"target\":\"https:\/\/bookhut.pt\/?s={search_term_string}\",\"query-input\":\"required name=search_term_string\"}],\"inLanguage\":\"es\"},{\"@type\":\"ImageObject\",\"@id\":\"https:\/\/bookhut.pt\/es\/produto\/d-joao-vi-do-brasil\/#primaryimage\",\"inLanguage\":\"es\",\"url\":\"https:\/\/bookhut.pt\/wp-content\/uploads\/2019\/12\/2008-DJoaoVI-no-Brasil.jpg\",\"width\":376,\"height\":553},{\"@type\":\"WebPage\",\"@id\":\"https:\/\/bookhut.pt\/es\/produto\/d-joao-vi-do-brasil\/#webpage\",\"url\":\"https:\/\/bookhut.pt\/es\/produto\/d-joao-vi-do-brasil\/\",\"name\":\"D. Jo\\u00e3o VI do Brasil - Book Hut Editores\",\"isPartOf\":{\"@id\":\"https:\/\/bookhut.pt\/#website\"},\"primaryImageOfPage\":{\"@id\":\"https:\/\/bookhut.pt\/es\/produto\/d-joao-vi-do-brasil\/#primaryimage\"},\"datePublished\":\"2019-12-02T17:40:24+00:00\",\"dateModified\":\"2021-01-07T20:24:25+00:00\",\"inLanguage\":\"es\",\"potentialAction\":[{\"@type\":\"ReadAction\",\"target\":[\"https:\/\/bookhut.pt\/es\/produto\/d-joao-vi-do-brasil\/\"]}]}]}<\/script>\n<!-- \/ Yoast SEO plugin. -->","_links":{"self":[{"href":"https:\/\/bookhut.pt\/es\/wp-json\/wp\/v2\/product\/4639"}],"collection":[{"href":"https:\/\/bookhut.pt\/es\/wp-json\/wp\/v2\/product"}],"about":[{"href":"https:\/\/bookhut.pt\/es\/wp-json\/wp\/v2\/types\/product"}],"wp:featuredmedia":[{"embeddable":true,"href":"https:\/\/bookhut.pt\/es\/wp-json\/wp\/v2\/media\/2185"}],"wp:attachment":[{"href":"https:\/\/bookhut.pt\/es\/wp-json\/wp\/v2\/media?parent=4639"}],"curies":[{"name":"wp","href":"https:\/\/api.w.org\/{rel}","templated":true}]}}