{"id":4637,"date":"2019-12-02T17:36:59","date_gmt":"2019-12-02T17:36:59","guid":{"rendered":"https:\/\/bookhut.pt\/produto\/anfiguremas-y-otros-poemas\/"},"modified":"2021-01-07T20:20:58","modified_gmt":"2021-01-07T20:20:58","slug":"anfiguremas-y-otros-poemas","status":"publish","type":"product","link":"https:\/\/bookhut.pt\/es\/produto\/anfiguremas-y-otros-poemas\/","title":{"rendered":"Anfiguremas y otros poemas"},"content":{"rendered":"<p>[vc_row][vc_column][vc_column_text]Libro de poes\u00eda, editado por la esposa del autor despu\u00e9s de su muerte, que agrega docenas de poemas de m\u00e1s de 40 a\u00f1os del poeta Ant\u00f3nio Dias Miguel.[\/vc_column_text][\/vc_column][\/vc_row]<\/p>\n","protected":false},"excerpt":{"rendered":"<p>[vc_row][vc_column][vc_column_text]Libro de poes\u00eda, editado por la esposa del autor despu\u00e9s de su muerte, que agrega docenas de poemas de m\u00e1s de 40 a\u00f1os del poeta Ant\u00f3nio Dias Miguel.[\/vc_column_text][\/vc_column][\/vc_row]<\/p>\n","protected":false},"featured_media":2105,"template":"","meta":[],"yoast_head":"<!-- This site is optimized with the Yoast SEO plugin v15.6 - https:\/\/yoast.com\/wordpress\/plugins\/seo\/ -->\n<title>Anfiguremas y otros poemas - Book Hut Editores<\/title>\n<meta name=\"robots\" content=\"index, follow, max-snippet:-1, max-image-preview:large, max-video-preview:-1\" \/>\n<link rel=\"canonical\" href=\"https:\/\/bookhut.pt\/es\/produto\/anfiguremas-y-otros-poemas\/\" \/>\n<meta property=\"og:locale\" content=\"es_ES\" \/>\n<meta property=\"og:type\" content=\"article\" \/>\n<meta property=\"og:title\" content=\"Anfiguremas y otros poemas - Book Hut Editores\" \/>\n<meta property=\"og:description\" content=\"[vc_row][vc_column][vc_column_text]Libro de poes\u00eda, editado por la esposa del autor despu\u00e9s de su muerte, que agrega docenas de poemas de m\u00e1s de 40 a\u00f1os del poeta Ant\u00f3nio Dias Miguel.[\/vc_column_text][\/vc_column][\/vc_row]\" \/>\n<meta property=\"og:url\" content=\"https:\/\/bookhut.pt\/es\/produto\/anfiguremas-y-otros-poemas\/\" \/>\n<meta property=\"og:site_name\" content=\"Book Hut Editores\" \/>\n<meta property=\"article:publisher\" content=\"https:\/\/www.facebook.com\/thebookhuteditora\/\" \/>\n<meta property=\"article:modified_time\" content=\"2021-01-07T20:20:58+00:00\" \/>\n<meta property=\"og:image\" content=\"https:\/\/bookhut.pt\/wp-content\/uploads\/2019\/12\/2006-Capa-Anfiguremas.jpg\" \/>\n\t<meta property=\"og:image:width\" content=\"426\" \/>\n\t<meta property=\"og:image:height\" content=\"596\" \/>\n<meta name=\"twitter:card\" content=\"summary_large_image\" \/>\n<meta name=\"twitter:site\" content=\"@bookhut_editora\" \/>\n<script type=\"application\/ld+json\" class=\"yoast-schema-graph\">{\"@context\":\"https:\/\/schema.org\",\"@graph\":[{\"@type\":\"WebSite\",\"@id\":\"https:\/\/bookhut.pt\/#website\",\"url\":\"https:\/\/bookhut.pt\/\",\"name\":\"Book Hut Editores\",\"description\":\"\",\"potentialAction\":[{\"@type\":\"SearchAction\",\"target\":\"https:\/\/bookhut.pt\/?s={search_term_string}\",\"query-input\":\"required name=search_term_string\"}],\"inLanguage\":\"es\"},{\"@type\":\"ImageObject\",\"@id\":\"https:\/\/bookhut.pt\/es\/produto\/anfiguremas-y-otros-poemas\/#primaryimage\",\"inLanguage\":\"es\",\"url\":\"https:\/\/bookhut.pt\/wp-content\/uploads\/2019\/12\/2006-Capa-Anfiguremas.jpg\",\"width\":426,\"height\":596},{\"@type\":\"WebPage\",\"@id\":\"https:\/\/bookhut.pt\/es\/produto\/anfiguremas-y-otros-poemas\/#webpage\",\"url\":\"https:\/\/bookhut.pt\/es\/produto\/anfiguremas-y-otros-poemas\/\",\"name\":\"Anfiguremas y otros poemas - Book Hut Editores\",\"isPartOf\":{\"@id\":\"https:\/\/bookhut.pt\/#website\"},\"primaryImageOfPage\":{\"@id\":\"https:\/\/bookhut.pt\/es\/produto\/anfiguremas-y-otros-poemas\/#primaryimage\"},\"datePublished\":\"2019-12-02T17:36:59+00:00\",\"dateModified\":\"2021-01-07T20:20:58+00:00\",\"inLanguage\":\"es\",\"potentialAction\":[{\"@type\":\"ReadAction\",\"target\":[\"https:\/\/bookhut.pt\/es\/produto\/anfiguremas-y-otros-poemas\/\"]}]}]}<\/script>\n<!-- \/ Yoast SEO plugin. -->","_links":{"self":[{"href":"https:\/\/bookhut.pt\/es\/wp-json\/wp\/v2\/product\/4637"}],"collection":[{"href":"https:\/\/bookhut.pt\/es\/wp-json\/wp\/v2\/product"}],"about":[{"href":"https:\/\/bookhut.pt\/es\/wp-json\/wp\/v2\/types\/product"}],"wp:featuredmedia":[{"embeddable":true,"href":"https:\/\/bookhut.pt\/es\/wp-json\/wp\/v2\/media\/2105"}],"wp:attachment":[{"href":"https:\/\/bookhut.pt\/es\/wp-json\/wp\/v2\/media?parent=4637"}],"curies":[{"name":"wp","href":"https:\/\/api.w.org\/{rel}","templated":true}]}}