{"id":4636,"date":"2019-12-02T17:34:09","date_gmt":"2019-12-02T17:34:09","guid":{"rendered":"https:\/\/bookhut.pt\/produto\/fado-marialva\/"},"modified":"2021-01-07T20:18:32","modified_gmt":"2021-01-07T20:18:32","slug":"fado-marialva","status":"publish","type":"product","link":"https:\/\/bookhut.pt\/es\/produto\/fado-marialva\/","title":{"rendered":"Fado Marialva"},"content":{"rendered":"<p>[vc_row][vc_column][vc_column_text]En 2009, el a\u00f1o de la candidatura de Fado al patrimonio mundial, se lanz\u00f3 el libro Fado Marialva, un trabajo que representa una oda al Fado y la Festa Brava. Consta de unas 500 p\u00e1ginas con cuatrocientos documentos in\u00e9ditos en 4 colores, que ilustran la historia de cada uno de los fados transcritos. Todos tienen una historia que indica los poetas, compositores, int\u00e9rpretes, editores y figuras de la Festa Brava que los inspiraron. En este libro se pueden encontrar a muchas personas importantes de Fado como Severa, O Conde Vimioso, Alfredo Marceneiro, Carlos Ramos, Am\u00e1lia Rodrigues, Herm\u00ednia Silva, y otros. Entre los poetas, se destacan D. Maria Manuel Cid, D. Teresa Grave o Carlos Conde. El ribatejo y el campino, el toro y el caballo, son la base de todo el libro, con la preocupaci\u00f3n del autor por situarlos en la cultura y tradiciones portuguesas, donde compositores como Frederico Val\u00e9rio, Jo\u00e3o Nobre, Jaime Santos, Jos\u00e9 Fontes Rocha, Armandino, Jos\u00e9 Marques do Amaral, Ricardo Rocha o Cust\u00f3dio Castelo, Miguel Ramos o Martinho D\u00b4Assun\u00e7\u00e3o J\u00fanior, juegan un papel importante en la historia del Fado, ya sean toreros o no. Ciudades como Lisboa, Santar\u00e9m, Vila Franca de Xira o Alcochete aparecen como fuente de inspiraci\u00f3n para los poetas, cantando y celebr\u00e1ndolas como nunca antes lo hab\u00edan hecho. El libro Fado Marialva es una obra sin precedentes que corresponde a casi trescientos fados con el tema de la Festa Brava.[\/vc_column_text][\/vc_column][\/vc_row]<\/p>\n","protected":false},"excerpt":{"rendered":"<p>En 2009, el a\u00f1o de la candidatura de Fado al patrimonio mundial, se lanz\u00f3 el libro Fado Marialva, un trabajo que representa una oda al Fado y la Festa Brava. Consta de unas 500 p\u00e1ginas con cuatrocientos documentos in\u00e9ditos en 4 colores, que ilustran la historia de cada uno de los fados transcritos. Todos tienen una historia que indica los poetas, compositores, int\u00e9rpretes, editores y figuras de la Festa Brava que los inspiraron. En este libro se pueden encontrar a muchas personas importantes de Fado como Severa, O Conde Vimioso, Alfredo Marceneiro, Carlos Ramos, Am\u00e1lia Rodrigues, Herm\u00ednia Silva, y otros. Entre los poetas, se destacan D. Maria Manuel Cid, D. Teresa Grave o Carlos Conde. El ribatejo y el campino, el toro y el caballo, son la base de todo el libro, con la preocupaci\u00f3n del autor por situarlos en la cultura y tradiciones portuguesas, donde compositores como Frederico Val\u00e9rio, Jo\u00e3o Nobre, Jaime Santos, Jos\u00e9 Fontes Rocha, Armandino, Jos\u00e9 Marques do Amaral, Ricardo Rocha o Cust\u00f3dio Castelo, Miguel Ramos o Martinho D\u00b4Assun\u00e7\u00e3o J\u00fanior, juegan un papel importante en la historia del Fado, ya sean toreros o no. Ciudades como Lisboa, Santar\u00e9m, Vila Franca de Xira o Alcochete aparecen como fuente de inspiraci\u00f3n para los poetas, cantando y celebr\u00e1ndolas como nunca antes lo hab\u00edan hecho. El libro Fado Marialva es una obra sin precedentes que corresponde a casi trescientos fados con el tema de la Festa Brava.<\/p>\n","protected":false},"featured_media":2197,"template":"","meta":[],"yoast_head":"<!-- This site is optimized with the Yoast SEO plugin v15.6 - https:\/\/yoast.com\/wordpress\/plugins\/seo\/ -->\n<title>Fado Marialva - Book Hut Editores<\/title>\n<meta name=\"robots\" content=\"index, follow, max-snippet:-1, max-image-preview:large, max-video-preview:-1\" \/>\n<link rel=\"canonical\" href=\"https:\/\/bookhut.pt\/es\/produto\/fado-marialva\/\" \/>\n<meta property=\"og:locale\" content=\"es_ES\" \/>\n<meta property=\"og:type\" content=\"article\" \/>\n<meta property=\"og:title\" content=\"Fado Marialva - Book Hut Editores\" \/>\n<meta property=\"og:description\" content=\"En 2009, el a\u00f1o de la candidatura de Fado al patrimonio mundial, se lanz\u00f3 el libro Fado Marialva, un trabajo que representa una oda al Fado y la Festa Brava. Consta de unas 500 p\u00e1ginas con cuatrocientos documentos in\u00e9ditos en 4 colores, que ilustran la historia de cada uno de los fados transcritos. Todos tienen una historia que indica los poetas, compositores, int\u00e9rpretes, editores y figuras de la Festa Brava que los inspiraron. En este libro se pueden encontrar a muchas personas importantes de Fado como Severa, O Conde Vimioso, Alfredo Marceneiro, Carlos Ramos, Am\u00e1lia Rodrigues, Herm\u00ednia Silva, y otros. Entre los poetas, se destacan D. Maria Manuel Cid, D. Teresa Grave o Carlos Conde. El ribatejo y el campino, el toro y el caballo, son la base de todo el libro, con la preocupaci\u00f3n del autor por situarlos en la cultura y tradiciones portuguesas, donde compositores como Frederico Val\u00e9rio, Jo\u00e3o Nobre, Jaime Santos, Jos\u00e9 Fontes Rocha, Armandino, Jos\u00e9 Marques do Amaral, Ricardo Rocha o Cust\u00f3dio Castelo, Miguel Ramos o Martinho D\u00b4Assun\u00e7\u00e3o J\u00fanior, juegan un papel importante en la historia del Fado, ya sean toreros o no. Ciudades como Lisboa, Santar\u00e9m, Vila Franca de Xira o Alcochete aparecen como fuente de inspiraci\u00f3n para los poetas, cantando y celebr\u00e1ndolas como nunca antes lo hab\u00edan hecho. El libro Fado Marialva es una obra sin precedentes que corresponde a casi trescientos fados con el tema de la Festa Brava.\" \/>\n<meta property=\"og:url\" content=\"https:\/\/bookhut.pt\/es\/produto\/fado-marialva\/\" \/>\n<meta property=\"og:site_name\" content=\"Book Hut Editores\" \/>\n<meta property=\"article:publisher\" content=\"https:\/\/www.facebook.com\/thebookhuteditora\/\" \/>\n<meta property=\"article:modified_time\" content=\"2021-01-07T20:18:32+00:00\" \/>\n<meta property=\"og:image\" content=\"https:\/\/bookhut.pt\/wp-content\/uploads\/2019\/12\/2009-Capa-FADO-MARIALVA.jpg\" \/>\n\t<meta property=\"og:image:width\" content=\"2379\" \/>\n\t<meta property=\"og:image:height\" content=\"2742\" \/>\n<meta name=\"twitter:card\" content=\"summary_large_image\" \/>\n<meta name=\"twitter:site\" content=\"@bookhut_editora\" \/>\n<script type=\"application\/ld+json\" class=\"yoast-schema-graph\">{\"@context\":\"https:\/\/schema.org\",\"@graph\":[{\"@type\":\"WebSite\",\"@id\":\"https:\/\/bookhut.pt\/#website\",\"url\":\"https:\/\/bookhut.pt\/\",\"name\":\"Book Hut Editores\",\"description\":\"\",\"potentialAction\":[{\"@type\":\"SearchAction\",\"target\":\"https:\/\/bookhut.pt\/?s={search_term_string}\",\"query-input\":\"required name=search_term_string\"}],\"inLanguage\":\"es\"},{\"@type\":\"ImageObject\",\"@id\":\"https:\/\/bookhut.pt\/es\/produto\/fado-marialva\/#primaryimage\",\"inLanguage\":\"es\",\"url\":\"https:\/\/bookhut.pt\/wp-content\/uploads\/2019\/12\/2009-Capa-FADO-MARIALVA.jpg\",\"width\":2379,\"height\":2742},{\"@type\":\"WebPage\",\"@id\":\"https:\/\/bookhut.pt\/es\/produto\/fado-marialva\/#webpage\",\"url\":\"https:\/\/bookhut.pt\/es\/produto\/fado-marialva\/\",\"name\":\"Fado Marialva - Book Hut Editores\",\"isPartOf\":{\"@id\":\"https:\/\/bookhut.pt\/#website\"},\"primaryImageOfPage\":{\"@id\":\"https:\/\/bookhut.pt\/es\/produto\/fado-marialva\/#primaryimage\"},\"datePublished\":\"2019-12-02T17:34:09+00:00\",\"dateModified\":\"2021-01-07T20:18:32+00:00\",\"inLanguage\":\"es\",\"potentialAction\":[{\"@type\":\"ReadAction\",\"target\":[\"https:\/\/bookhut.pt\/es\/produto\/fado-marialva\/\"]}]}]}<\/script>\n<!-- \/ Yoast SEO plugin. -->","_links":{"self":[{"href":"https:\/\/bookhut.pt\/es\/wp-json\/wp\/v2\/product\/4636"}],"collection":[{"href":"https:\/\/bookhut.pt\/es\/wp-json\/wp\/v2\/product"}],"about":[{"href":"https:\/\/bookhut.pt\/es\/wp-json\/wp\/v2\/types\/product"}],"wp:featuredmedia":[{"embeddable":true,"href":"https:\/\/bookhut.pt\/es\/wp-json\/wp\/v2\/media\/2197"}],"wp:attachment":[{"href":"https:\/\/bookhut.pt\/es\/wp-json\/wp\/v2\/media?parent=4636"}],"curies":[{"name":"wp","href":"https:\/\/api.w.org\/{rel}","templated":true}]}}