{"id":4635,"date":"2019-12-02T17:31:45","date_gmt":"2019-12-02T17:31:45","guid":{"rendered":"https:\/\/bookhut.pt\/produto\/fontes-rocha-comprende\/"},"modified":"2021-01-07T20:16:34","modified_gmt":"2021-01-07T20:16:34","slug":"fontes-rocha-comprende","status":"publish","type":"product","link":"https:\/\/bookhut.pt\/es\/produto\/fontes-rocha-comprende\/","title":{"rendered":"Fontes Rocha &#8211; \u00bfComprende?"},"content":{"rendered":"<p>[vc_row][vc_column][vc_column_text]<\/p>\n<p>Un libro dedicado a la memoria del guitarrista y compositor Jos\u00e9 Fontes Rocha, que describe y sistematiza en detalle y rigurosamente la intensa carrera de este guitarrista que cruz\u00f3 el siglo XX, que ha sido testigo e interviniente en la afirmaci\u00f3n del fado como el g\u00e9nero de identidad de una naci\u00f3n.<\/p>\n<p>[\/vc_column_text][\/vc_column][\/vc_row]<\/p>\n","protected":false},"excerpt":{"rendered":"<p>Un libro dedicado a la memoria del guitarrista y compositor Jos\u00e9 Fontes Rocha, que describe y sistematiza en detalle y rigurosamente la intensa carrera de este guitarrista que cruz\u00f3 el siglo XX, que ha sido testigo e interviniente en la afirmaci\u00f3n del fado como el g\u00e9nero de identidad de una naci\u00f3n.<br data-mce-bogus=\"1\"><\/p>\n","protected":false},"featured_media":4910,"template":"","meta":[],"yoast_head":"<!-- This site is optimized with the Yoast SEO plugin v15.6 - https:\/\/yoast.com\/wordpress\/plugins\/seo\/ -->\n<title>Fontes Rocha - \u00bfComprende? - Book Hut Editores<\/title>\n<meta name=\"robots\" content=\"index, follow, max-snippet:-1, max-image-preview:large, max-video-preview:-1\" \/>\n<link rel=\"canonical\" href=\"https:\/\/bookhut.pt\/es\/produto\/fontes-rocha-comprende\/\" \/>\n<meta property=\"og:locale\" content=\"es_ES\" \/>\n<meta property=\"og:type\" content=\"article\" \/>\n<meta property=\"og:title\" content=\"Fontes Rocha - \u00bfComprende? - Book Hut Editores\" \/>\n<meta property=\"og:description\" content=\"Un libro dedicado a la memoria del guitarrista y compositor Jos\u00e9 Fontes Rocha, que describe y sistematiza en detalle y rigurosamente la intensa carrera de este guitarrista que cruz\u00f3 el siglo XX, que ha sido testigo e interviniente en la afirmaci\u00f3n del fado como el g\u00e9nero de identidad de una naci\u00f3n.\" \/>\n<meta property=\"og:url\" content=\"https:\/\/bookhut.pt\/es\/produto\/fontes-rocha-comprende\/\" \/>\n<meta property=\"og:site_name\" content=\"Book Hut Editores\" \/>\n<meta property=\"article:publisher\" content=\"https:\/\/www.facebook.com\/thebookhuteditora\/\" \/>\n<meta property=\"article:modified_time\" content=\"2021-01-07T20:16:34+00:00\" \/>\n<meta property=\"og:image\" content=\"https:\/\/bookhut.pt\/wp-content\/uploads\/2019\/12\/CapaCarlosHargreaves-1-1.jpg\" \/>\n\t<meta property=\"og:image:width\" content=\"663\" \/>\n\t<meta property=\"og:image:height\" content=\"964\" \/>\n<meta name=\"twitter:card\" content=\"summary_large_image\" \/>\n<meta name=\"twitter:site\" content=\"@bookhut_editora\" \/>\n<script type=\"application\/ld+json\" class=\"yoast-schema-graph\">{\"@context\":\"https:\/\/schema.org\",\"@graph\":[{\"@type\":\"WebSite\",\"@id\":\"https:\/\/bookhut.pt\/#website\",\"url\":\"https:\/\/bookhut.pt\/\",\"name\":\"Book Hut Editores\",\"description\":\"\",\"potentialAction\":[{\"@type\":\"SearchAction\",\"target\":\"https:\/\/bookhut.pt\/?s={search_term_string}\",\"query-input\":\"required name=search_term_string\"}],\"inLanguage\":\"es\"},{\"@type\":\"ImageObject\",\"@id\":\"https:\/\/bookhut.pt\/es\/produto\/fontes-rocha-comprende\/#primaryimage\",\"inLanguage\":\"es\",\"url\":\"https:\/\/bookhut.pt\/wp-content\/uploads\/2019\/12\/Capa_Fontes-Rocha-compreende-pdf.jpg\"},{\"@type\":\"WebPage\",\"@id\":\"https:\/\/bookhut.pt\/es\/produto\/fontes-rocha-comprende\/#webpage\",\"url\":\"https:\/\/bookhut.pt\/es\/produto\/fontes-rocha-comprende\/\",\"name\":\"Fontes Rocha - \\u00bfComprende? - Book Hut Editores\",\"isPartOf\":{\"@id\":\"https:\/\/bookhut.pt\/#website\"},\"primaryImageOfPage\":{\"@id\":\"https:\/\/bookhut.pt\/es\/produto\/fontes-rocha-comprende\/#primaryimage\"},\"datePublished\":\"2019-12-02T17:31:45+00:00\",\"dateModified\":\"2021-01-07T20:16:34+00:00\",\"inLanguage\":\"es\",\"potentialAction\":[{\"@type\":\"ReadAction\",\"target\":[\"https:\/\/bookhut.pt\/es\/produto\/fontes-rocha-comprende\/\"]}]}]}<\/script>\n<!-- \/ Yoast SEO plugin. -->","_links":{"self":[{"href":"https:\/\/bookhut.pt\/es\/wp-json\/wp\/v2\/product\/4635"}],"collection":[{"href":"https:\/\/bookhut.pt\/es\/wp-json\/wp\/v2\/product"}],"about":[{"href":"https:\/\/bookhut.pt\/es\/wp-json\/wp\/v2\/types\/product"}],"wp:featuredmedia":[{"embeddable":true,"href":"https:\/\/bookhut.pt\/es\/wp-json\/wp\/v2\/media\/4910"}],"wp:attachment":[{"href":"https:\/\/bookhut.pt\/es\/wp-json\/wp\/v2\/media?parent=4635"}],"curies":[{"name":"wp","href":"https:\/\/api.w.org\/{rel}","templated":true}]}}