{"id":4634,"date":"2019-12-02T17:09:43","date_gmt":"2019-12-02T17:09:43","guid":{"rendered":"https:\/\/bookhut.pt\/produto\/arquitectura-portuguesa-la-imagen-de-la-caja\/"},"modified":"2021-01-07T20:12:44","modified_gmt":"2021-01-07T20:12:44","slug":"arquitectura-portuguesa-la-imagen-de-la-caja","status":"publish","type":"product","link":"https:\/\/bookhut.pt\/es\/produto\/arquitectura-portuguesa-la-imagen-de-la-caja\/","title":{"rendered":"Arquitectura portuguesa &#8211; La imagen de la caja"},"content":{"rendered":"<p>[vc_row][vc_column][vc_column_text]Un libro de un reconocido profesor universitario de la Facultad de Arquitectura de Lisboa, que realiza un amplio estudio sobre la caja en la arquitectura a lo largo del tiempo, como un valor est\u00e9tico, cultural de invariante hist\u00f3rico en el contexto de la arquitectura portuguesa, revelado a trav\u00e9s de obras ilustrativas.[\/vc_column_text][\/vc_column][\/vc_row]<\/p>\n","protected":false},"excerpt":{"rendered":"<p>Un libro de un reconocido profesor universitario de la Facultad de Arquitectura de Lisboa, que realiza un amplio estudio sobre la caja en la arquitectura a lo largo del tiempo, como un valor est\u00e9tico, cultural de invariante hist\u00f3rico en el contexto de la arquitectura portuguesa, revelado a trav\u00e9s de obras ilustrativas.<\/p>\n","protected":false},"featured_media":2233,"template":"","meta":[],"yoast_head":"<!-- This site is optimized with the Yoast SEO plugin v15.6 - https:\/\/yoast.com\/wordpress\/plugins\/seo\/ -->\n<title>Arquitectura portuguesa - La imagen de la caja - Book Hut Editores<\/title>\n<meta name=\"robots\" content=\"index, follow, max-snippet:-1, max-image-preview:large, max-video-preview:-1\" \/>\n<link rel=\"canonical\" href=\"https:\/\/bookhut.pt\/es\/produto\/arquitectura-portuguesa-la-imagen-de-la-caja\/\" \/>\n<meta property=\"og:locale\" content=\"es_ES\" \/>\n<meta property=\"og:type\" content=\"article\" \/>\n<meta property=\"og:title\" content=\"Arquitectura portuguesa - La imagen de la caja - Book Hut Editores\" \/>\n<meta property=\"og:description\" content=\"Un libro de un reconocido profesor universitario de la Facultad de Arquitectura de Lisboa, que realiza un amplio estudio sobre la caja en la arquitectura a lo largo del tiempo, como un valor est\u00e9tico, cultural de invariante hist\u00f3rico en el contexto de la arquitectura portuguesa, revelado a trav\u00e9s de obras ilustrativas.\" \/>\n<meta property=\"og:url\" content=\"https:\/\/bookhut.pt\/es\/produto\/arquitectura-portuguesa-la-imagen-de-la-caja\/\" \/>\n<meta property=\"og:site_name\" content=\"Book Hut Editores\" \/>\n<meta property=\"article:publisher\" content=\"https:\/\/www.facebook.com\/thebookhuteditora\/\" \/>\n<meta property=\"article:modified_time\" content=\"2021-01-07T20:12:44+00:00\" \/>\n<meta property=\"og:image\" content=\"https:\/\/bookhut.pt\/wp-content\/uploads\/2019\/12\/2007-Capa-ARQUITECTURA-PORTUGUESA-1.jpg\" \/>\n\t<meta property=\"og:image:width\" content=\"1280\" \/>\n\t<meta property=\"og:image:height\" content=\"1483\" \/>\n<meta name=\"twitter:card\" content=\"summary_large_image\" \/>\n<meta name=\"twitter:site\" content=\"@bookhut_editora\" \/>\n<script type=\"application\/ld+json\" class=\"yoast-schema-graph\">{\"@context\":\"https:\/\/schema.org\",\"@graph\":[{\"@type\":\"WebSite\",\"@id\":\"https:\/\/bookhut.pt\/#website\",\"url\":\"https:\/\/bookhut.pt\/\",\"name\":\"Book Hut Editores\",\"description\":\"\",\"potentialAction\":[{\"@type\":\"SearchAction\",\"target\":\"https:\/\/bookhut.pt\/?s={search_term_string}\",\"query-input\":\"required name=search_term_string\"}],\"inLanguage\":\"es\"},{\"@type\":\"ImageObject\",\"@id\":\"https:\/\/bookhut.pt\/es\/produto\/arquitectura-portuguesa-la-imagen-de-la-caja\/#primaryimage\",\"inLanguage\":\"es\",\"url\":\"https:\/\/bookhut.pt\/wp-content\/uploads\/2019\/12\/2007-Capa-ARQUITECTURA-PORTUGUESA-1.jpg\",\"width\":1280,\"height\":1483},{\"@type\":\"WebPage\",\"@id\":\"https:\/\/bookhut.pt\/es\/produto\/arquitectura-portuguesa-la-imagen-de-la-caja\/#webpage\",\"url\":\"https:\/\/bookhut.pt\/es\/produto\/arquitectura-portuguesa-la-imagen-de-la-caja\/\",\"name\":\"Arquitectura portuguesa - La imagen de la caja - Book Hut Editores\",\"isPartOf\":{\"@id\":\"https:\/\/bookhut.pt\/#website\"},\"primaryImageOfPage\":{\"@id\":\"https:\/\/bookhut.pt\/es\/produto\/arquitectura-portuguesa-la-imagen-de-la-caja\/#primaryimage\"},\"datePublished\":\"2019-12-02T17:09:43+00:00\",\"dateModified\":\"2021-01-07T20:12:44+00:00\",\"inLanguage\":\"es\",\"potentialAction\":[{\"@type\":\"ReadAction\",\"target\":[\"https:\/\/bookhut.pt\/es\/produto\/arquitectura-portuguesa-la-imagen-de-la-caja\/\"]}]}]}<\/script>\n<!-- \/ Yoast SEO plugin. -->","_links":{"self":[{"href":"https:\/\/bookhut.pt\/es\/wp-json\/wp\/v2\/product\/4634"}],"collection":[{"href":"https:\/\/bookhut.pt\/es\/wp-json\/wp\/v2\/product"}],"about":[{"href":"https:\/\/bookhut.pt\/es\/wp-json\/wp\/v2\/types\/product"}],"wp:featuredmedia":[{"embeddable":true,"href":"https:\/\/bookhut.pt\/es\/wp-json\/wp\/v2\/media\/2233"}],"wp:attachment":[{"href":"https:\/\/bookhut.pt\/es\/wp-json\/wp\/v2\/media?parent=4634"}],"curies":[{"name":"wp","href":"https:\/\/api.w.org\/{rel}","templated":true}]}}