{"id":4632,"date":"2019-12-02T17:03:23","date_gmt":"2019-12-02T17:03:23","guid":{"rendered":"https:\/\/bookhut.pt\/produto\/cuaderno-de-todos-los-barcos-del-tajo\/"},"modified":"2021-01-07T20:10:05","modified_gmt":"2021-01-07T20:10:05","slug":"cuaderno-de-todos-los-barcos-del-tajo","status":"publish","type":"product","link":"https:\/\/bookhut.pt\/es\/produto\/cuaderno-de-todos-los-barcos-del-tajo\/","title":{"rendered":"Cuaderno de todos los barcos del Tajo"},"content":{"rendered":"<p>[vc_row][vc_column][vc_column_text]Una obra que es el producto de un estudio \u00fanico sobre todo tipo de embarcaciones que navegaron el Tajo para diferentes prop\u00f3sitos. Transporte de mercader\u00edas, personas o pesca, en este libro encontrar\u00e1s acuarelas de todos los barcos antiguos que navegaban por el r\u00edo.[\/vc_column_text][\/vc_column][\/vc_row]<\/p>\n","protected":false},"excerpt":{"rendered":"<p>Una obra que es el producto de un estudio \u00fanico sobre todo tipo de embarcaciones que navegaron el Tajo para diferentes prop\u00f3sitos. Transporte de mercader\u00edas, personas o pesca, en este libro encontrar\u00e1s acuarelas de todos los barcos antiguos que navegaban por el r\u00edo.<\/p>\n","protected":false},"featured_media":2237,"template":"","meta":[],"yoast_head":"<!-- This site is optimized with the Yoast SEO plugin v15.6 - https:\/\/yoast.com\/wordpress\/plugins\/seo\/ -->\n<title>Cuaderno de todos los barcos del Tajo - Book Hut Editores<\/title>\n<meta name=\"robots\" content=\"index, follow, max-snippet:-1, max-image-preview:large, max-video-preview:-1\" \/>\n<link rel=\"canonical\" href=\"https:\/\/bookhut.pt\/es\/produto\/cuaderno-de-todos-los-barcos-del-tajo\/\" \/>\n<meta property=\"og:locale\" content=\"es_ES\" \/>\n<meta property=\"og:type\" content=\"article\" \/>\n<meta property=\"og:title\" content=\"Cuaderno de todos los barcos del Tajo - Book Hut Editores\" \/>\n<meta property=\"og:description\" content=\"Una obra que es el producto de un estudio \u00fanico sobre todo tipo de embarcaciones que navegaron el Tajo para diferentes prop\u00f3sitos. Transporte de mercader\u00edas, personas o pesca, en este libro encontrar\u00e1s acuarelas de todos los barcos antiguos que navegaban por el r\u00edo.\" \/>\n<meta property=\"og:url\" content=\"https:\/\/bookhut.pt\/es\/produto\/cuaderno-de-todos-los-barcos-del-tajo\/\" \/>\n<meta property=\"og:site_name\" content=\"Book Hut Editores\" \/>\n<meta property=\"article:publisher\" content=\"https:\/\/www.facebook.com\/thebookhuteditora\/\" \/>\n<meta property=\"article:modified_time\" content=\"2021-01-07T20:10:05+00:00\" \/>\n<meta property=\"og:image\" content=\"https:\/\/bookhut.pt\/wp-content\/uploads\/2019\/12\/2007-Capa-CadernoBarcos-Tejo-1.jpg\" \/>\n\t<meta property=\"og:image:width\" content=\"1280\" \/>\n\t<meta property=\"og:image:height\" content=\"1033\" \/>\n<meta name=\"twitter:card\" content=\"summary_large_image\" \/>\n<meta name=\"twitter:site\" content=\"@bookhut_editora\" \/>\n<script type=\"application\/ld+json\" class=\"yoast-schema-graph\">{\"@context\":\"https:\/\/schema.org\",\"@graph\":[{\"@type\":\"WebSite\",\"@id\":\"https:\/\/bookhut.pt\/#website\",\"url\":\"https:\/\/bookhut.pt\/\",\"name\":\"Book Hut Editores\",\"description\":\"\",\"potentialAction\":[{\"@type\":\"SearchAction\",\"target\":\"https:\/\/bookhut.pt\/?s={search_term_string}\",\"query-input\":\"required name=search_term_string\"}],\"inLanguage\":\"es\"},{\"@type\":\"ImageObject\",\"@id\":\"https:\/\/bookhut.pt\/es\/produto\/cuaderno-de-todos-los-barcos-del-tajo\/#primaryimage\",\"inLanguage\":\"es\",\"url\":\"https:\/\/bookhut.pt\/wp-content\/uploads\/2019\/12\/2007-Capa-CadernoBarcos-Tejo-1.jpg\",\"width\":1280,\"height\":1033},{\"@type\":\"WebPage\",\"@id\":\"https:\/\/bookhut.pt\/es\/produto\/cuaderno-de-todos-los-barcos-del-tajo\/#webpage\",\"url\":\"https:\/\/bookhut.pt\/es\/produto\/cuaderno-de-todos-los-barcos-del-tajo\/\",\"name\":\"Cuaderno de todos los barcos del Tajo - Book Hut Editores\",\"isPartOf\":{\"@id\":\"https:\/\/bookhut.pt\/#website\"},\"primaryImageOfPage\":{\"@id\":\"https:\/\/bookhut.pt\/es\/produto\/cuaderno-de-todos-los-barcos-del-tajo\/#primaryimage\"},\"datePublished\":\"2019-12-02T17:03:23+00:00\",\"dateModified\":\"2021-01-07T20:10:05+00:00\",\"inLanguage\":\"es\",\"potentialAction\":[{\"@type\":\"ReadAction\",\"target\":[\"https:\/\/bookhut.pt\/es\/produto\/cuaderno-de-todos-los-barcos-del-tajo\/\"]}]}]}<\/script>\n<!-- \/ Yoast SEO plugin. -->","_links":{"self":[{"href":"https:\/\/bookhut.pt\/es\/wp-json\/wp\/v2\/product\/4632"}],"collection":[{"href":"https:\/\/bookhut.pt\/es\/wp-json\/wp\/v2\/product"}],"about":[{"href":"https:\/\/bookhut.pt\/es\/wp-json\/wp\/v2\/types\/product"}],"wp:featuredmedia":[{"embeddable":true,"href":"https:\/\/bookhut.pt\/es\/wp-json\/wp\/v2\/media\/2237"}],"wp:attachment":[{"href":"https:\/\/bookhut.pt\/es\/wp-json\/wp\/v2\/media?parent=4632"}],"curies":[{"name":"wp","href":"https:\/\/api.w.org\/{rel}","templated":true}]}}