{"id":4630,"date":"2019-12-02T17:06:09","date_gmt":"2019-12-02T17:06:09","guid":{"rendered":"https:\/\/bookhut.pt\/produto\/apuntes-sobre-alcobaca\/"},"modified":"2021-01-07T20:03:28","modified_gmt":"2021-01-07T20:03:28","slug":"apuntes-sobre-alcobaca","status":"publish","type":"product","link":"https:\/\/bookhut.pt\/es\/produto\/apuntes-sobre-alcobaca\/","title":{"rendered":"Apuntes sobre Alcoba\u00e7a"},"content":{"rendered":"<p>[vc_row][vc_column][vc_column_text]Apontamentos sobre Alcoba\u00e7a es un libro que re\u00fane un conjunto de art\u00edculos relacionados con diferentes eventos en la historia de Alcoba\u00e7a. En su totalidad, son importantes para comprender el trayecto de la historia del pasado, y explicar el suceso de hechos y sus consecuencias en el presente.<\/p>\n<p>Con el subt\u00edtulo &#8220;Patrimonio, arquitectura, culto y m\u00fasica&#8221;, el libro nos transporta a la memoria de las personas, en sus experiencias e historias que definen su identidad, y a la cual no podemos permanecer indiferentes.<\/p>\n<p>Tambi\u00e9n en este libro se destaca la importancia de la dimensi\u00f3n organizativa de la orden cisterciense proveniente de la poderosa abad\u00eda de Santa Mar\u00eda de Alcoba\u00e7a.[\/vc_column_text][\/vc_column][\/vc_row]<\/p>\n","protected":false},"excerpt":{"rendered":"<p>[vc_row][vc_column][vc_column_text]Apontamentos sobre Alcoba\u00e7a es un libro que re\u00fane un conjunto de art\u00edculos relacionados con diferentes eventos en la historia de Alcoba\u00e7a. En su totalidad, son importantes para comprender el trayecto de la historia del pasado, y explicar el suceso de hechos y sus consecuencias en el presente. Con el subt\u00edtulo &#8220;Patrimonio, arquitectura, culto y m\u00fasica&#8221;, [&hellip;]<\/p>\n","protected":false},"featured_media":4942,"template":"","meta":[],"yoast_head":"<!-- This site is optimized with the Yoast SEO plugin v15.6 - https:\/\/yoast.com\/wordpress\/plugins\/seo\/ -->\n<title>Apuntes sobre Alcoba\u00e7a - Book Hut Editores<\/title>\n<meta name=\"robots\" content=\"index, follow, max-snippet:-1, max-image-preview:large, max-video-preview:-1\" \/>\n<link rel=\"canonical\" href=\"https:\/\/bookhut.pt\/es\/produto\/apuntes-sobre-alcobaca\/\" \/>\n<meta property=\"og:locale\" content=\"es_ES\" \/>\n<meta property=\"og:type\" content=\"article\" \/>\n<meta property=\"og:title\" content=\"Apuntes sobre Alcoba\u00e7a - Book Hut Editores\" \/>\n<meta property=\"og:description\" content=\"[vc_row][vc_column][vc_column_text]Apontamentos sobre Alcoba\u00e7a es un libro que re\u00fane un conjunto de art\u00edculos relacionados con diferentes eventos en la historia de Alcoba\u00e7a. En su totalidad, son importantes para comprender el trayecto de la historia del pasado, y explicar el suceso de hechos y sus consecuencias en el presente. Con el subt\u00edtulo &#8220;Patrimonio, arquitectura, culto y m\u00fasica&#8221;, [&hellip;]\" \/>\n<meta property=\"og:url\" content=\"https:\/\/bookhut.pt\/es\/produto\/apuntes-sobre-alcobaca\/\" \/>\n<meta property=\"og:site_name\" content=\"Book Hut Editores\" \/>\n<meta property=\"article:publisher\" content=\"https:\/\/www.facebook.com\/thebookhuteditora\/\" \/>\n<meta property=\"article:modified_time\" content=\"2021-01-07T20:03:28+00:00\" \/>\n<meta property=\"og:image\" content=\"https:\/\/bookhut.pt\/wp-content\/uploads\/2019\/12\/CapaCarlosHargreaves-1-1.jpg\" \/>\n\t<meta property=\"og:image:width\" content=\"663\" \/>\n\t<meta property=\"og:image:height\" content=\"964\" \/>\n<meta name=\"twitter:card\" content=\"summary_large_image\" \/>\n<meta name=\"twitter:site\" content=\"@bookhut_editora\" \/>\n<script type=\"application\/ld+json\" class=\"yoast-schema-graph\">{\"@context\":\"https:\/\/schema.org\",\"@graph\":[{\"@type\":\"WebSite\",\"@id\":\"https:\/\/bookhut.pt\/#website\",\"url\":\"https:\/\/bookhut.pt\/\",\"name\":\"Book Hut Editores\",\"description\":\"\",\"potentialAction\":[{\"@type\":\"SearchAction\",\"target\":\"https:\/\/bookhut.pt\/?s={search_term_string}\",\"query-input\":\"required name=search_term_string\"}],\"inLanguage\":\"es\"},{\"@type\":\"ImageObject\",\"@id\":\"https:\/\/bookhut.pt\/es\/produto\/apuntes-sobre-alcobaca\/#primaryimage\",\"inLanguage\":\"es\",\"url\":\"https:\/\/bookhut.pt\/wp-content\/uploads\/2019\/12\/CAPA_Apontamentos-sobre-Alcobaca.jpg\",\"width\":2497,\"height\":2552},{\"@type\":\"WebPage\",\"@id\":\"https:\/\/bookhut.pt\/es\/produto\/apuntes-sobre-alcobaca\/#webpage\",\"url\":\"https:\/\/bookhut.pt\/es\/produto\/apuntes-sobre-alcobaca\/\",\"name\":\"Apuntes sobre Alcoba\\u00e7a - Book Hut Editores\",\"isPartOf\":{\"@id\":\"https:\/\/bookhut.pt\/#website\"},\"primaryImageOfPage\":{\"@id\":\"https:\/\/bookhut.pt\/es\/produto\/apuntes-sobre-alcobaca\/#primaryimage\"},\"datePublished\":\"2019-12-02T17:06:09+00:00\",\"dateModified\":\"2021-01-07T20:03:28+00:00\",\"inLanguage\":\"es\",\"potentialAction\":[{\"@type\":\"ReadAction\",\"target\":[\"https:\/\/bookhut.pt\/es\/produto\/apuntes-sobre-alcobaca\/\"]}]}]}<\/script>\n<!-- \/ Yoast SEO plugin. -->","_links":{"self":[{"href":"https:\/\/bookhut.pt\/es\/wp-json\/wp\/v2\/product\/4630"}],"collection":[{"href":"https:\/\/bookhut.pt\/es\/wp-json\/wp\/v2\/product"}],"about":[{"href":"https:\/\/bookhut.pt\/es\/wp-json\/wp\/v2\/types\/product"}],"wp:featuredmedia":[{"embeddable":true,"href":"https:\/\/bookhut.pt\/es\/wp-json\/wp\/v2\/media\/4942"}],"wp:attachment":[{"href":"https:\/\/bookhut.pt\/es\/wp-json\/wp\/v2\/media?parent=4630"}],"curies":[{"name":"wp","href":"https:\/\/api.w.org\/{rel}","templated":true}]}}