{"id":4629,"date":"2019-12-02T17:00:09","date_gmt":"2019-12-02T17:00:09","guid":{"rendered":"https:\/\/bookhut.pt\/produto\/mi-pecho-marcado-a-fuego\/"},"modified":"2021-01-07T20:01:09","modified_gmt":"2021-01-07T20:01:09","slug":"mi-pecho-marcado-a-fuego","status":"publish","type":"product","link":"https:\/\/bookhut.pt\/es\/produto\/mi-pecho-marcado-a-fuego\/","title":{"rendered":"Mi pecho marcado a fuego"},"content":{"rendered":"<p>[vc_row][vc_column][vc_column_text]Con un prefacio de Jos\u00e9 Jorge Letria, es un libro con varios poemas, algunos de los cuales se celebran a trav\u00e9s de reconocidas voces del fado, como Lu\u00edsa Rocha.[\/vc_column_text][\/vc_column][\/vc_row]<\/p>\n","protected":false},"excerpt":{"rendered":"<p>Con un prefacio de Jos\u00e9 Jorge Letria, es un libro con varios poemas, algunos de los cuales se celebran a trav\u00e9s de reconocidas voces del fado, como Lu\u00edsa Rocha.<\/p>\n","protected":false},"featured_media":2265,"template":"","meta":[],"yoast_head":"<!-- This site is optimized with the Yoast SEO plugin v15.6 - https:\/\/yoast.com\/wordpress\/plugins\/seo\/ -->\n<title>Mi pecho marcado a fuego - Book Hut Editores<\/title>\n<meta name=\"robots\" content=\"index, follow, max-snippet:-1, max-image-preview:large, max-video-preview:-1\" \/>\n<link rel=\"canonical\" href=\"https:\/\/bookhut.pt\/es\/produto\/mi-pecho-marcado-a-fuego\/\" \/>\n<meta property=\"og:locale\" content=\"es_ES\" \/>\n<meta property=\"og:type\" content=\"article\" \/>\n<meta property=\"og:title\" content=\"Mi pecho marcado a fuego - Book Hut Editores\" \/>\n<meta property=\"og:description\" content=\"Con un prefacio de Jos\u00e9 Jorge Letria, es un libro con varios poemas, algunos de los cuales se celebran a trav\u00e9s de reconocidas voces del fado, como Lu\u00edsa Rocha.\" \/>\n<meta property=\"og:url\" content=\"https:\/\/bookhut.pt\/es\/produto\/mi-pecho-marcado-a-fuego\/\" \/>\n<meta property=\"og:site_name\" content=\"Book Hut Editores\" \/>\n<meta property=\"article:publisher\" content=\"https:\/\/www.facebook.com\/thebookhuteditora\/\" \/>\n<meta property=\"article:modified_time\" content=\"2021-01-07T20:01:09+00:00\" \/>\n<meta property=\"og:image\" content=\"https:\/\/bookhut.pt\/wp-content\/uploads\/2019\/12\/2013_Capa-Meu-Peito-rasgado-a-fogo.jpg\" \/>\n\t<meta property=\"og:image:width\" content=\"1890\" \/>\n\t<meta property=\"og:image:height\" content=\"2705\" \/>\n<meta name=\"twitter:card\" content=\"summary_large_image\" \/>\n<meta name=\"twitter:site\" content=\"@bookhut_editora\" \/>\n<script type=\"application\/ld+json\" class=\"yoast-schema-graph\">{\"@context\":\"https:\/\/schema.org\",\"@graph\":[{\"@type\":\"WebSite\",\"@id\":\"https:\/\/bookhut.pt\/#website\",\"url\":\"https:\/\/bookhut.pt\/\",\"name\":\"Book Hut Editores\",\"description\":\"\",\"potentialAction\":[{\"@type\":\"SearchAction\",\"target\":\"https:\/\/bookhut.pt\/?s={search_term_string}\",\"query-input\":\"required name=search_term_string\"}],\"inLanguage\":\"es\"},{\"@type\":\"ImageObject\",\"@id\":\"https:\/\/bookhut.pt\/es\/produto\/mi-pecho-marcado-a-fuego\/#primaryimage\",\"inLanguage\":\"es\",\"url\":\"https:\/\/bookhut.pt\/wp-content\/uploads\/2019\/12\/2013_Capa-Meu-Peito-rasgado-a-fogo.jpg\",\"width\":1890,\"height\":2705},{\"@type\":\"WebPage\",\"@id\":\"https:\/\/bookhut.pt\/es\/produto\/mi-pecho-marcado-a-fuego\/#webpage\",\"url\":\"https:\/\/bookhut.pt\/es\/produto\/mi-pecho-marcado-a-fuego\/\",\"name\":\"Mi pecho marcado a fuego - Book Hut Editores\",\"isPartOf\":{\"@id\":\"https:\/\/bookhut.pt\/#website\"},\"primaryImageOfPage\":{\"@id\":\"https:\/\/bookhut.pt\/es\/produto\/mi-pecho-marcado-a-fuego\/#primaryimage\"},\"datePublished\":\"2019-12-02T17:00:09+00:00\",\"dateModified\":\"2021-01-07T20:01:09+00:00\",\"inLanguage\":\"es\",\"potentialAction\":[{\"@type\":\"ReadAction\",\"target\":[\"https:\/\/bookhut.pt\/es\/produto\/mi-pecho-marcado-a-fuego\/\"]}]}]}<\/script>\n<!-- \/ Yoast SEO plugin. -->","_links":{"self":[{"href":"https:\/\/bookhut.pt\/es\/wp-json\/wp\/v2\/product\/4629"}],"collection":[{"href":"https:\/\/bookhut.pt\/es\/wp-json\/wp\/v2\/product"}],"about":[{"href":"https:\/\/bookhut.pt\/es\/wp-json\/wp\/v2\/types\/product"}],"wp:featuredmedia":[{"embeddable":true,"href":"https:\/\/bookhut.pt\/es\/wp-json\/wp\/v2\/media\/2265"}],"wp:attachment":[{"href":"https:\/\/bookhut.pt\/es\/wp-json\/wp\/v2\/media?parent=4629"}],"curies":[{"name":"wp","href":"https:\/\/api.w.org\/{rel}","templated":true}]}}