{"id":4628,"date":"2019-12-02T16:56:27","date_gmt":"2019-12-02T16:56:27","guid":{"rendered":"https:\/\/bookhut.pt\/produto\/simeon-de-saxe-coburgo-gota\/"},"modified":"2021-01-07T19:58:47","modified_gmt":"2021-01-07T19:58:47","slug":"simeon-de-saxe-coburgo-gota","status":"publish","type":"product","link":"https:\/\/bookhut.pt\/es\/produto\/simeon-de-saxe-coburgo-gota\/","title":{"rendered":"Sime\u00f3n de Saxe-Coburgo-Gota"},"content":{"rendered":"<p>[vc_row][vc_column][vc_column_text]La autobiograf\u00eda, editada por &#8220;The Book Hut&#8221; editores , retrata la vida de Sime\u00f3n de Sajonia-Coburgo-Gota, conocido como el Rey Sime\u00f3n II de Bulgaria, desde ni\u00f1o hasta la actualidad.<br \/>\nUna historia con momentos tr\u00e1gicos, que comienzan poco despu\u00e9s de la muerte de su padre, en circunstancias sospechosas. Luego, con solo seis a\u00f1os (nacido en 1937), el joven Sime\u00f3n se convierte en rey de los b\u00falgaros.<br \/>\nA\u00f1os m\u00e1s tarde, cuando los comunistas asesinan a una parte de la familia, se ve obligado a exiliarse. En septiembre de 1946, se va de Sof\u00eda y parte a Estambul, luego pasa por Egipto, junto a sus abuelos maternos, los reyes de Italia, tambi\u00e9n exiliados, y por \u00faltimo llega a Espa\u00f1a, donde la familia real b\u00falgara se instala para reconstruir.<br \/>\nDespu\u00e9s de la ca\u00edda del muro de Berl\u00edn, Sime\u00f3n II, que nunca hab\u00eda perdido la esperanza, regresa a su pa\u00eds, cincuenta a\u00f1os despu\u00e9s de verse obligado a abandonarlo. Tras su aclamado regreso a Sof\u00eda, en mayo de 1996, se involucra en la pol\u00edtica, que deriva a la victoria del movimiento que lider\u00f3 en las elecciones legislativas del 2001.<br \/>\nSime\u00f3n II se convierte as\u00ed en un caso \u00fanico en la historia. Un monarca depuesto, que logr\u00f3 regresar al poder, ya no como rey en una monarqu\u00eda, sino como jefe de un gobierno democr\u00e1tico elegido republicano.<br \/>\nSime\u00f3n II de Bulgaria, con quien Isabel II, Franco, el Sha de Persia, Hassan II, Juan Carlos y muchos otros cruzaron el camino, atraves\u00f3 el siglo XX y marc\u00f3 una historia \u00fanica en el mundo.<br \/>\nSus recuerdos, que tambi\u00e9n son los de Europa y sus tormentos, ahora se comparten, en forma de autobiograf\u00eda, por este monarca y ex primer ministro que ha sido un espectador privilegiado de la historia de m\u00e1s de la segunda mitad del siglo XX y principios del siglo XXI.[\/vc_column_text][\/vc_column][\/vc_row]<\/p>\n","protected":false},"excerpt":{"rendered":"<p>La autobiograf\u00eda, editada por &#8220;The Book Hut&#8221; editores , retrata la vida de Sime\u00f3n de Sajonia-Coburgo-Gota, conocido como el Rey Sime\u00f3n II de Bulgaria, desde ni\u00f1o hasta la actualidad.<br \/>\nUna historia con momentos tr\u00e1gicos, que comienzan poco despu\u00e9s de la muerte de su padre, en circunstancias sospechosas. Luego, con solo seis a\u00f1os (nacido en 1937), el joven Sime\u00f3n se convierte en rey de los b\u00falgaros.<br \/>\nA\u00f1os m\u00e1s tarde, cuando los comunistas asesinan a una parte de la familia, se ve obligado a exiliarse. En septiembre de 1946, se va de Sof\u00eda y parte a Estambul, luego pasa por Egipto, junto a sus abuelos maternos, los reyes de Italia, tambi\u00e9n exiliados, y por \u00faltimo llega a Espa\u00f1a, donde la familia real b\u00falgara se instala para reconstruir.<br \/>\nDespu\u00e9s de la ca\u00edda del muro de Berl\u00edn, Sime\u00f3n II, que nunca hab\u00eda perdido la esperanza, regresa a su pa\u00eds, cincuenta a\u00f1os despu\u00e9s de verse obligado a abandonarlo. Tras su aclamado regreso a Sof\u00eda, en mayo de 1996, se involucra en la pol\u00edtica, que deriva a la victoria del movimiento que lider\u00f3 en las elecciones legislativas del 2001.<br \/>\nSime\u00f3n II se convierte as\u00ed en un caso \u00fanico en la historia. Un monarca depuesto, que logr\u00f3 regresar al poder, ya no como rey en una monarqu\u00eda, sino como jefe de un gobierno democr\u00e1tico elegido republicano.<br \/>\nSime\u00f3n II de Bulgaria, con quien Isabel II, Franco, el Sha de Persia, Hassan II, Juan Carlos y muchos otros cruzaron el camino, atraves\u00f3 el siglo XX y marc\u00f3 una historia \u00fanica en el mundo.<br \/>\nSus recuerdos, que tambi\u00e9n son los de Europa y sus tormentos, ahora se comparten, en forma de autobiograf\u00eda, por este monarca y ex primer ministro que ha sido un espectador privilegiado de la historia de m\u00e1s de la segunda mitad del siglo XX y principios del siglo XXI.<\/p>\n","protected":false},"featured_media":3825,"template":"","meta":[],"yoast_head":"<!-- This site is optimized with the Yoast SEO plugin v15.6 - https:\/\/yoast.com\/wordpress\/plugins\/seo\/ -->\n<title>Sime\u00f3n de Saxe-Coburgo-Gota - Book Hut Editores<\/title>\n<meta name=\"robots\" content=\"index, follow, max-snippet:-1, max-image-preview:large, max-video-preview:-1\" \/>\n<link rel=\"canonical\" href=\"https:\/\/bookhut.pt\/es\/produto\/simeon-de-saxe-coburgo-gota\/\" \/>\n<meta property=\"og:locale\" content=\"es_ES\" \/>\n<meta property=\"og:type\" content=\"article\" \/>\n<meta property=\"og:title\" content=\"Sime\u00f3n de Saxe-Coburgo-Gota - Book Hut Editores\" \/>\n<meta property=\"og:description\" content=\"La autobiograf\u00eda, editada por &quot;The Book Hut&quot; editores , retrata la vida de Sime\u00f3n de Sajonia-Coburgo-Gota, conocido como el Rey Sime\u00f3n II de Bulgaria, desde ni\u00f1o hasta la actualidad. Una historia con momentos tr\u00e1gicos, que comienzan poco despu\u00e9s de la muerte de su padre, en circunstancias sospechosas. Luego, con solo seis a\u00f1os (nacido en 1937), el joven Sime\u00f3n se convierte en rey de los b\u00falgaros. A\u00f1os m\u00e1s tarde, cuando los comunistas asesinan a una parte de la familia, se ve obligado a exiliarse. En septiembre de 1946, se va de Sof\u00eda y parte a Estambul, luego pasa por Egipto, junto a sus abuelos maternos, los reyes de Italia, tambi\u00e9n exiliados, y por \u00faltimo llega a Espa\u00f1a, donde la familia real b\u00falgara se instala para reconstruir. Despu\u00e9s de la ca\u00edda del muro de Berl\u00edn, Sime\u00f3n II, que nunca hab\u00eda perdido la esperanza, regresa a su pa\u00eds, cincuenta a\u00f1os despu\u00e9s de verse obligado a abandonarlo. Tras su aclamado regreso a Sof\u00eda, en mayo de 1996, se involucra en la pol\u00edtica, que deriva a la victoria del movimiento que lider\u00f3 en las elecciones legislativas del 2001. Sime\u00f3n II se convierte as\u00ed en un caso \u00fanico en la historia. Un monarca depuesto, que logr\u00f3 regresar al poder, ya no como rey en una monarqu\u00eda, sino como jefe de un gobierno democr\u00e1tico elegido republicano. Sime\u00f3n II de Bulgaria, con quien Isabel II, Franco, el Sha de Persia, Hassan II, Juan Carlos y muchos otros cruzaron el camino, atraves\u00f3 el siglo XX y marc\u00f3 una historia \u00fanica en el mundo. Sus recuerdos, que tambi\u00e9n son los de Europa y sus tormentos, ahora se comparten, en forma de autobiograf\u00eda, por este monarca y ex primer ministro que ha sido un espectador privilegiado de la historia de m\u00e1s de la segunda mitad del siglo XX y principios del siglo XXI.\" \/>\n<meta property=\"og:url\" content=\"https:\/\/bookhut.pt\/es\/produto\/simeon-de-saxe-coburgo-gota\/\" \/>\n<meta property=\"og:site_name\" content=\"Book Hut Editores\" \/>\n<meta property=\"article:publisher\" content=\"https:\/\/www.facebook.com\/thebookhuteditora\/\" \/>\n<meta property=\"article:modified_time\" content=\"2021-01-07T19:58:47+00:00\" \/>\n<meta property=\"og:image\" content=\"https:\/\/bookhut.pt\/wp-content\/uploads\/2020\/04\/2018_Capa-Sime\u00e3o-II.jpg\" \/>\n\t<meta property=\"og:image:width\" content=\"300\" \/>\n\t<meta property=\"og:image:height\" content=\"393\" \/>\n<meta name=\"twitter:card\" content=\"summary_large_image\" \/>\n<meta name=\"twitter:site\" content=\"@bookhut_editora\" \/>\n<script type=\"application\/ld+json\" class=\"yoast-schema-graph\">{\"@context\":\"https:\/\/schema.org\",\"@graph\":[{\"@type\":\"WebSite\",\"@id\":\"https:\/\/bookhut.pt\/#website\",\"url\":\"https:\/\/bookhut.pt\/\",\"name\":\"Book Hut Editores\",\"description\":\"\",\"potentialAction\":[{\"@type\":\"SearchAction\",\"target\":\"https:\/\/bookhut.pt\/?s={search_term_string}\",\"query-input\":\"required name=search_term_string\"}],\"inLanguage\":\"es\"},{\"@type\":\"ImageObject\",\"@id\":\"https:\/\/bookhut.pt\/es\/produto\/simeon-de-saxe-coburgo-gota\/#primaryimage\",\"inLanguage\":\"es\",\"url\":\"https:\/\/bookhut.pt\/wp-content\/uploads\/2020\/04\/2018_Capa-Sime\\u00e3o-II.jpg\",\"width\":300,\"height\":393},{\"@type\":\"WebPage\",\"@id\":\"https:\/\/bookhut.pt\/es\/produto\/simeon-de-saxe-coburgo-gota\/#webpage\",\"url\":\"https:\/\/bookhut.pt\/es\/produto\/simeon-de-saxe-coburgo-gota\/\",\"name\":\"Sime\\u00f3n de Saxe-Coburgo-Gota - Book Hut Editores\",\"isPartOf\":{\"@id\":\"https:\/\/bookhut.pt\/#website\"},\"primaryImageOfPage\":{\"@id\":\"https:\/\/bookhut.pt\/es\/produto\/simeon-de-saxe-coburgo-gota\/#primaryimage\"},\"datePublished\":\"2019-12-02T16:56:27+00:00\",\"dateModified\":\"2021-01-07T19:58:47+00:00\",\"inLanguage\":\"es\",\"potentialAction\":[{\"@type\":\"ReadAction\",\"target\":[\"https:\/\/bookhut.pt\/es\/produto\/simeon-de-saxe-coburgo-gota\/\"]}]}]}<\/script>\n<!-- \/ Yoast SEO plugin. -->","_links":{"self":[{"href":"https:\/\/bookhut.pt\/es\/wp-json\/wp\/v2\/product\/4628"}],"collection":[{"href":"https:\/\/bookhut.pt\/es\/wp-json\/wp\/v2\/product"}],"about":[{"href":"https:\/\/bookhut.pt\/es\/wp-json\/wp\/v2\/types\/product"}],"wp:featuredmedia":[{"embeddable":true,"href":"https:\/\/bookhut.pt\/es\/wp-json\/wp\/v2\/media\/3825"}],"wp:attachment":[{"href":"https:\/\/bookhut.pt\/es\/wp-json\/wp\/v2\/media?parent=4628"}],"curies":[{"name":"wp","href":"https:\/\/api.w.org\/{rel}","templated":true}]}}