{"id":4627,"date":"2019-12-02T16:53:08","date_gmt":"2019-12-02T16:53:08","guid":{"rendered":"https:\/\/bookhut.pt\/produto\/ines-de-castro-un-tema-portugues-en-europa\/"},"modified":"2021-01-07T19:56:26","modified_gmt":"2021-01-07T19:56:26","slug":"ines-de-castro-un-tema-portugues-en-europa","status":"publish","type":"product","link":"https:\/\/bookhut.pt\/es\/produto\/ines-de-castro-un-tema-portugues-en-europa\/","title":{"rendered":"In\u00eas de Castro &#8211; Un tema portugu\u00e9s en Europa"},"content":{"rendered":"<p>[vc_row][vc_column][vc_column_text]Adem\u00e1s de considerarse como un estudio de la evoluci\u00f3n y variantes de la historia de In\u00eas de Castro en la tradici\u00f3n, en la historia y en la literatura, este libro tambi\u00e9n presenta un resumen de antolog\u00eda, dado que la gran parte de los textos inesianos est\u00e1n olvidados o son dif\u00edciles de acceder. Aqu\u00ed, se reproducen manteniendo la ortograf\u00eda original. Una obra que revela la historia y la leyenda que conquista Europa, el episodio camoniano y las variantes rom\u00e1nticas, m\u00e1s all\u00e1 del siglo XX.[\/vc_column_text][\/vc_column][\/vc_row]<\/p>\n","protected":false},"excerpt":{"rendered":"<p>Adem\u00e1s de considerarse como un estudio de la evoluci\u00f3n y variantes de la historia de In\u00eas de Castro en la tradici\u00f3n, en la historia y en la literatura, este libro tambi\u00e9n presenta un resumen de antolog\u00eda, dado que la gran parte de los textos inesianos est\u00e1n olvidados o son dif\u00edciles de acceder. Aqu\u00ed, se reproducen manteniendo la ortograf\u00eda original. Una obra que revela la historia y la leyenda que conquista Europa, el episodio camoniano y las variantes rom\u00e1nticas, m\u00e1s all\u00e1 del siglo XX.<\/p>\n","protected":false},"featured_media":4922,"template":"","meta":[],"yoast_head":"<!-- This site is optimized with the Yoast SEO plugin v15.6 - https:\/\/yoast.com\/wordpress\/plugins\/seo\/ -->\n<title>In\u00eas de Castro - Un tema portugu\u00e9s en Europa - Book Hut Editores<\/title>\n<meta name=\"robots\" content=\"index, follow, max-snippet:-1, max-image-preview:large, max-video-preview:-1\" \/>\n<link rel=\"canonical\" href=\"https:\/\/bookhut.pt\/es\/produto\/ines-de-castro-un-tema-portugues-en-europa\/\" \/>\n<meta property=\"og:locale\" content=\"es_ES\" \/>\n<meta property=\"og:type\" content=\"article\" \/>\n<meta property=\"og:title\" content=\"In\u00eas de Castro - Un tema portugu\u00e9s en Europa - Book Hut Editores\" \/>\n<meta property=\"og:description\" content=\"Adem\u00e1s de considerarse como un estudio de la evoluci\u00f3n y variantes de la historia de In\u00eas de Castro en la tradici\u00f3n, en la historia y en la literatura, este libro tambi\u00e9n presenta un resumen de antolog\u00eda, dado que la gran parte de los textos inesianos est\u00e1n olvidados o son dif\u00edciles de acceder. Aqu\u00ed, se reproducen manteniendo la ortograf\u00eda original. Una obra que revela la historia y la leyenda que conquista Europa, el episodio camoniano y las variantes rom\u00e1nticas, m\u00e1s all\u00e1 del siglo XX.\" \/>\n<meta property=\"og:url\" content=\"https:\/\/bookhut.pt\/es\/produto\/ines-de-castro-un-tema-portugues-en-europa\/\" \/>\n<meta property=\"og:site_name\" content=\"Book Hut Editores\" \/>\n<meta property=\"article:publisher\" content=\"https:\/\/www.facebook.com\/thebookhuteditora\/\" \/>\n<meta property=\"article:modified_time\" content=\"2021-01-07T19:56:26+00:00\" \/>\n<meta property=\"og:image\" content=\"https:\/\/bookhut.pt\/wp-content\/uploads\/2019\/12\/CapaCarlosHargreaves-1-1.jpg\" \/>\n\t<meta property=\"og:image:width\" content=\"663\" \/>\n\t<meta property=\"og:image:height\" content=\"964\" \/>\n<meta name=\"twitter:card\" content=\"summary_large_image\" \/>\n<meta name=\"twitter:site\" content=\"@bookhut_editora\" \/>\n<script type=\"application\/ld+json\" class=\"yoast-schema-graph\">{\"@context\":\"https:\/\/schema.org\",\"@graph\":[{\"@type\":\"WebSite\",\"@id\":\"https:\/\/bookhut.pt\/#website\",\"url\":\"https:\/\/bookhut.pt\/\",\"name\":\"Book Hut Editores\",\"description\":\"\",\"potentialAction\":[{\"@type\":\"SearchAction\",\"target\":\"https:\/\/bookhut.pt\/?s={search_term_string}\",\"query-input\":\"required name=search_term_string\"}],\"inLanguage\":\"es\"},{\"@type\":\"ImageObject\",\"@id\":\"https:\/\/bookhut.pt\/es\/produto\/ines-de-castro-un-tema-portugues-en-europa\/#primaryimage\",\"inLanguage\":\"es\",\"url\":\"https:\/\/bookhut.pt\/wp-content\/uploads\/2019\/12\/Capa_Ines-de-Castro.jpg\",\"width\":552,\"height\":794},{\"@type\":\"WebPage\",\"@id\":\"https:\/\/bookhut.pt\/es\/produto\/ines-de-castro-un-tema-portugues-en-europa\/#webpage\",\"url\":\"https:\/\/bookhut.pt\/es\/produto\/ines-de-castro-un-tema-portugues-en-europa\/\",\"name\":\"In\\u00eas de Castro - Un tema portugu\\u00e9s en Europa - Book Hut Editores\",\"isPartOf\":{\"@id\":\"https:\/\/bookhut.pt\/#website\"},\"primaryImageOfPage\":{\"@id\":\"https:\/\/bookhut.pt\/es\/produto\/ines-de-castro-un-tema-portugues-en-europa\/#primaryimage\"},\"datePublished\":\"2019-12-02T16:53:08+00:00\",\"dateModified\":\"2021-01-07T19:56:26+00:00\",\"inLanguage\":\"es\",\"potentialAction\":[{\"@type\":\"ReadAction\",\"target\":[\"https:\/\/bookhut.pt\/es\/produto\/ines-de-castro-un-tema-portugues-en-europa\/\"]}]}]}<\/script>\n<!-- \/ Yoast SEO plugin. -->","_links":{"self":[{"href":"https:\/\/bookhut.pt\/es\/wp-json\/wp\/v2\/product\/4627"}],"collection":[{"href":"https:\/\/bookhut.pt\/es\/wp-json\/wp\/v2\/product"}],"about":[{"href":"https:\/\/bookhut.pt\/es\/wp-json\/wp\/v2\/types\/product"}],"wp:featuredmedia":[{"embeddable":true,"href":"https:\/\/bookhut.pt\/es\/wp-json\/wp\/v2\/media\/4922"}],"wp:attachment":[{"href":"https:\/\/bookhut.pt\/es\/wp-json\/wp\/v2\/media?parent=4627"}],"curies":[{"name":"wp","href":"https:\/\/api.w.org\/{rel}","templated":true}]}}