{"id":4626,"date":"2020-03-09T09:54:51","date_gmt":"2020-03-09T09:54:51","guid":{"rendered":"https:\/\/bookhut.pt\/produto\/jardin-botanico-jose-do-canto-100-arboles\/"},"modified":"2021-01-07T19:53:52","modified_gmt":"2021-01-07T19:53:52","slug":"jardin-botanico-jose-do-canto-100-arboles","status":"publish","type":"product","link":"https:\/\/bookhut.pt\/es\/produto\/jardin-botanico-jose-do-canto-100-arboles\/","title":{"rendered":"Jard\u00edn bot\u00e1nico Jos\u00e9 do Canto &#8211; 100 \u00e1rboles"},"content":{"rendered":"<p>[vc_row][vc_column][vc_column_text]El Jard\u00edn Bot\u00e1nico Jos\u00e9 do Canto fue un sue\u00f1o hecho realidad para un hombre que amaba las plantas y conoc\u00eda en profundidad los secretos de la bot\u00e1nica.<\/p>\n<p>Jos\u00e9 do Canto (1820-1898) mantuvo contactos con jardines bot\u00e1nicos, naturalistas y viveros de todo el mundo, comprando, vendiendo e intercambiando plantas.<\/p>\n<p>Desde los a\u00f1os 50 del siglo XIX, ha convertido su jard\u00edn, en Santana, en un extraordinario espacio de aclimataci\u00f3n para miles de especies.[\/vc_column_text][\/vc_column][\/vc_row]<\/p>\n","protected":false},"excerpt":{"rendered":"<p>El Jard\u00edn Bot\u00e1nico Jos\u00e9 do Canto fue un sue\u00f1o hecho realidad para un hombre que amaba las plantas y conoc\u00eda en profundidad los secretos de la bot\u00e1nica.<\/p>\n<p>Jos\u00e9 do Canto (1820-1898) mantuvo contactos con jardines bot\u00e1nicos, naturalistas y viveros de todo el mundo, comprando, vendiendo e intercambiando plantas.<\/p>\n<p>Desde los a\u00f1os 50 del siglo XIX, ha convertido su jard\u00edn, en Santana, en un extraordinario espacio de aclimataci\u00f3n para miles de especies.<\/p>\n","protected":false},"featured_media":3405,"template":"","meta":[],"yoast_head":"<!-- This site is optimized with the Yoast SEO plugin v15.6 - https:\/\/yoast.com\/wordpress\/plugins\/seo\/ -->\n<title>Jard\u00edn bot\u00e1nico Jos\u00e9 do Canto - 100 \u00e1rboles - Book Hut Editores<\/title>\n<meta name=\"robots\" content=\"index, follow, max-snippet:-1, max-image-preview:large, max-video-preview:-1\" \/>\n<link rel=\"canonical\" href=\"https:\/\/bookhut.pt\/es\/produto\/jardin-botanico-jose-do-canto-100-arboles\/\" \/>\n<meta property=\"og:locale\" content=\"es_ES\" \/>\n<meta property=\"og:type\" content=\"article\" \/>\n<meta property=\"og:title\" content=\"Jard\u00edn bot\u00e1nico Jos\u00e9 do Canto - 100 \u00e1rboles - Book Hut Editores\" \/>\n<meta property=\"og:description\" content=\"El Jard\u00edn Bot\u00e1nico Jos\u00e9 do Canto fue un sue\u00f1o hecho realidad para un hombre que amaba las plantas y conoc\u00eda en profundidad los secretos de la bot\u00e1nica.  Jos\u00e9 do Canto (1820-1898) mantuvo contactos con jardines bot\u00e1nicos, naturalistas y viveros de todo el mundo, comprando, vendiendo e intercambiando plantas.  Desde los a\u00f1os 50 del siglo XIX, ha convertido su jard\u00edn, en Santana, en un extraordinario espacio de aclimataci\u00f3n para miles de especies.\" \/>\n<meta property=\"og:url\" content=\"https:\/\/bookhut.pt\/es\/produto\/jardin-botanico-jose-do-canto-100-arboles\/\" \/>\n<meta property=\"og:site_name\" content=\"Book Hut Editores\" \/>\n<meta property=\"article:publisher\" content=\"https:\/\/www.facebook.com\/thebookhuteditora\/\" \/>\n<meta property=\"article:modified_time\" content=\"2021-01-07T19:53:52+00:00\" \/>\n<meta property=\"og:image\" content=\"https:\/\/bookhut.pt\/wp-content\/uploads\/2020\/03\/Jardim-Bot\u00e2nico-Jos\u00e9-do-Canto.png\" \/>\n\t<meta property=\"og:image:width\" content=\"300\" \/>\n\t<meta property=\"og:image:height\" content=\"393\" \/>\n<meta name=\"twitter:card\" content=\"summary_large_image\" \/>\n<meta name=\"twitter:site\" content=\"@bookhut_editora\" \/>\n<script type=\"application\/ld+json\" class=\"yoast-schema-graph\">{\"@context\":\"https:\/\/schema.org\",\"@graph\":[{\"@type\":\"WebSite\",\"@id\":\"https:\/\/bookhut.pt\/#website\",\"url\":\"https:\/\/bookhut.pt\/\",\"name\":\"Book Hut Editores\",\"description\":\"\",\"potentialAction\":[{\"@type\":\"SearchAction\",\"target\":\"https:\/\/bookhut.pt\/?s={search_term_string}\",\"query-input\":\"required name=search_term_string\"}],\"inLanguage\":\"es\"},{\"@type\":\"ImageObject\",\"@id\":\"https:\/\/bookhut.pt\/es\/produto\/jardin-botanico-jose-do-canto-100-arboles\/#primaryimage\",\"inLanguage\":\"es\",\"url\":\"https:\/\/bookhut.pt\/wp-content\/uploads\/2020\/03\/Jardim-Bot\\u00e2nico-Jos\\u00e9-do-Canto.png\",\"width\":300,\"height\":393},{\"@type\":\"WebPage\",\"@id\":\"https:\/\/bookhut.pt\/es\/produto\/jardin-botanico-jose-do-canto-100-arboles\/#webpage\",\"url\":\"https:\/\/bookhut.pt\/es\/produto\/jardin-botanico-jose-do-canto-100-arboles\/\",\"name\":\"Jard\\u00edn bot\\u00e1nico Jos\\u00e9 do Canto - 100 \\u00e1rboles - Book Hut Editores\",\"isPartOf\":{\"@id\":\"https:\/\/bookhut.pt\/#website\"},\"primaryImageOfPage\":{\"@id\":\"https:\/\/bookhut.pt\/es\/produto\/jardin-botanico-jose-do-canto-100-arboles\/#primaryimage\"},\"datePublished\":\"2020-03-09T09:54:51+00:00\",\"dateModified\":\"2021-01-07T19:53:52+00:00\",\"inLanguage\":\"es\",\"potentialAction\":[{\"@type\":\"ReadAction\",\"target\":[\"https:\/\/bookhut.pt\/es\/produto\/jardin-botanico-jose-do-canto-100-arboles\/\"]}]}]}<\/script>\n<!-- \/ Yoast SEO plugin. -->","_links":{"self":[{"href":"https:\/\/bookhut.pt\/es\/wp-json\/wp\/v2\/product\/4626"}],"collection":[{"href":"https:\/\/bookhut.pt\/es\/wp-json\/wp\/v2\/product"}],"about":[{"href":"https:\/\/bookhut.pt\/es\/wp-json\/wp\/v2\/types\/product"}],"wp:featuredmedia":[{"embeddable":true,"href":"https:\/\/bookhut.pt\/es\/wp-json\/wp\/v2\/media\/3405"}],"wp:attachment":[{"href":"https:\/\/bookhut.pt\/es\/wp-json\/wp\/v2\/media?parent=4626"}],"curies":[{"name":"wp","href":"https:\/\/api.w.org\/{rel}","templated":true}]}}