{"id":4625,"date":"2019-12-02T16:41:57","date_gmt":"2019-12-02T16:41:57","guid":{"rendered":"https:\/\/bookhut.pt\/produto\/testimonio-en-las-paredes-pruebas-de-azulejo\/"},"modified":"2021-01-07T19:51:14","modified_gmt":"2021-01-07T19:51:14","slug":"testimonio-en-las-paredes-pruebas-de-azulejo","status":"publish","type":"product","link":"https:\/\/bookhut.pt\/es\/produto\/testimonio-en-las-paredes-pruebas-de-azulejo\/","title":{"rendered":"Testimonio en las paredes &#8211; Pruebas de azulejo"},"content":{"rendered":"<p>[vc_row][vc_column][vc_column_text]Los azulejos estudiados en sus \u00faltimos cinco siglos como un concepto de arquitectura, decoraci\u00f3n y arte, en Portugal y en el mundo. En la segunda parte de este libro encontrar\u00e1 una descripci\u00f3n detallada, con respecto a la \u00e9poca, el tipo de aplicaci\u00f3n y los temas, de los monumentos y edificios de azulejos portugueses.[\/vc_column_text][\/vc_column][\/vc_row]<\/p>\n","protected":false},"excerpt":{"rendered":"<p>Los azulejos estudiados en sus \u00faltimos cinco siglos como un concepto de arquitectura, decoraci\u00f3n y arte, en Portugal y en el mundo. En la segunda parte de este libro encontrar\u00e1 una descripci\u00f3n detallada, con respecto a la \u00e9poca, el tipo de aplicaci\u00f3n y los temas, de los monumentos y edificios de azulejos portugueses.<\/p>\n","protected":false},"featured_media":2217,"template":"","meta":[],"yoast_head":"<!-- This site is optimized with the Yoast SEO plugin v15.6 - https:\/\/yoast.com\/wordpress\/plugins\/seo\/ -->\n<title>Testimonio en las paredes - Pruebas de azulejo - Book Hut Editores<\/title>\n<meta name=\"robots\" content=\"index, follow, max-snippet:-1, max-image-preview:large, max-video-preview:-1\" \/>\n<link rel=\"canonical\" href=\"https:\/\/bookhut.pt\/es\/produto\/testimonio-en-las-paredes-pruebas-de-azulejo\/\" \/>\n<meta property=\"og:locale\" content=\"es_ES\" \/>\n<meta property=\"og:type\" content=\"article\" \/>\n<meta property=\"og:title\" content=\"Testimonio en las paredes - Pruebas de azulejo - Book Hut Editores\" \/>\n<meta property=\"og:description\" content=\"Los azulejos estudiados en sus \u00faltimos cinco siglos como un concepto de arquitectura, decoraci\u00f3n y arte, en Portugal y en el mundo. En la segunda parte de este libro encontrar\u00e1 una descripci\u00f3n detallada, con respecto a la \u00e9poca, el tipo de aplicaci\u00f3n y los temas, de los monumentos y edificios de azulejos portugueses.\" \/>\n<meta property=\"og:url\" content=\"https:\/\/bookhut.pt\/es\/produto\/testimonio-en-las-paredes-pruebas-de-azulejo\/\" \/>\n<meta property=\"og:site_name\" content=\"Book Hut Editores\" \/>\n<meta property=\"article:publisher\" content=\"https:\/\/www.facebook.com\/thebookhuteditora\/\" \/>\n<meta property=\"article:modified_time\" content=\"2021-01-07T19:51:14+00:00\" \/>\n<meta property=\"og:image\" content=\"https:\/\/bookhut.pt\/wp-content\/uploads\/2019\/12\/2001-Testemunho-nas-Paredes-2.jpg\" \/>\n\t<meta property=\"og:image:width\" content=\"1280\" \/>\n\t<meta property=\"og:image:height\" content=\"1054\" \/>\n<meta name=\"twitter:card\" content=\"summary_large_image\" \/>\n<meta name=\"twitter:site\" content=\"@bookhut_editora\" \/>\n<script type=\"application\/ld+json\" class=\"yoast-schema-graph\">{\"@context\":\"https:\/\/schema.org\",\"@graph\":[{\"@type\":\"WebSite\",\"@id\":\"https:\/\/bookhut.pt\/#website\",\"url\":\"https:\/\/bookhut.pt\/\",\"name\":\"Book Hut Editores\",\"description\":\"\",\"potentialAction\":[{\"@type\":\"SearchAction\",\"target\":\"https:\/\/bookhut.pt\/?s={search_term_string}\",\"query-input\":\"required name=search_term_string\"}],\"inLanguage\":\"es\"},{\"@type\":\"ImageObject\",\"@id\":\"https:\/\/bookhut.pt\/es\/produto\/testimonio-en-las-paredes-pruebas-de-azulejo\/#primaryimage\",\"inLanguage\":\"es\",\"url\":\"https:\/\/bookhut.pt\/wp-content\/uploads\/2019\/12\/2001-Testemunho-nas-Paredes-2.jpg\",\"width\":1280,\"height\":1054},{\"@type\":\"WebPage\",\"@id\":\"https:\/\/bookhut.pt\/es\/produto\/testimonio-en-las-paredes-pruebas-de-azulejo\/#webpage\",\"url\":\"https:\/\/bookhut.pt\/es\/produto\/testimonio-en-las-paredes-pruebas-de-azulejo\/\",\"name\":\"Testimonio en las paredes - Pruebas de azulejo - Book Hut Editores\",\"isPartOf\":{\"@id\":\"https:\/\/bookhut.pt\/#website\"},\"primaryImageOfPage\":{\"@id\":\"https:\/\/bookhut.pt\/es\/produto\/testimonio-en-las-paredes-pruebas-de-azulejo\/#primaryimage\"},\"datePublished\":\"2019-12-02T16:41:57+00:00\",\"dateModified\":\"2021-01-07T19:51:14+00:00\",\"inLanguage\":\"es\",\"potentialAction\":[{\"@type\":\"ReadAction\",\"target\":[\"https:\/\/bookhut.pt\/es\/produto\/testimonio-en-las-paredes-pruebas-de-azulejo\/\"]}]}]}<\/script>\n<!-- \/ Yoast SEO plugin. -->","_links":{"self":[{"href":"https:\/\/bookhut.pt\/es\/wp-json\/wp\/v2\/product\/4625"}],"collection":[{"href":"https:\/\/bookhut.pt\/es\/wp-json\/wp\/v2\/product"}],"about":[{"href":"https:\/\/bookhut.pt\/es\/wp-json\/wp\/v2\/types\/product"}],"wp:featuredmedia":[{"embeddable":true,"href":"https:\/\/bookhut.pt\/es\/wp-json\/wp\/v2\/media\/2217"}],"wp:attachment":[{"href":"https:\/\/bookhut.pt\/es\/wp-json\/wp\/v2\/media?parent=4625"}],"curies":[{"name":"wp","href":"https:\/\/api.w.org\/{rel}","templated":true}]}}