{"id":4623,"date":"2019-12-02T16:36:57","date_gmt":"2019-12-02T16:36:57","guid":{"rendered":"https:\/\/bookhut.pt\/produto\/d-nuno-de-santa-maria-el-santo\/"},"modified":"2021-01-07T19:46:32","modified_gmt":"2021-01-07T19:46:32","slug":"d-nuno-de-santa-maria-el-santo","status":"publish","type":"product","link":"https:\/\/bookhut.pt\/es\/produto\/d-nuno-de-santa-maria-el-santo\/","title":{"rendered":"D. Nuno de Santa Mar\u00eda &#8211; El Santo"},"content":{"rendered":"<p>[vc_row][vc_column][vc_column_text]Un libro anterior al t\u00edtulo can\u00f3nico de S. Nuno de Santa Mar\u00eda, atribuido a Nuno \u00c1lvares Pereira en 2009. Una obra que alude al popularmente conocido como Santo Condest\u00e1vel como modelo de misericordia y generosidad, da a conocer el culto que genera, los tributos y fiestas en su honor y que, en 2005, revela el proceso can\u00f3nico que conducir\u00eda a su beatificaci\u00f3n.[\/vc_column_text][\/vc_column][\/vc_row]<\/p>\n","protected":false},"excerpt":{"rendered":"<p>Un libro anterior al t\u00edtulo can\u00f3nico de S. Nuno de Santa Mar\u00eda, atribuido a Nuno \u00c1lvares Pereira en 2009. Una obra que alude al popularmente conocido como Santo Condest\u00e1vel como modelo de misericordia y generosidad, da a conocer el culto que genera, los tributos y fiestas en su honor y que, en 2005, revela el proceso can\u00f3nico que conducir\u00eda a su beatificaci\u00f3n.<\/p>\n","protected":false},"featured_media":2081,"template":"","meta":[],"yoast_head":"<!-- This site is optimized with the Yoast SEO plugin v15.6 - https:\/\/yoast.com\/wordpress\/plugins\/seo\/ -->\n<title>D. Nuno de Santa Mar\u00eda - El Santo - Book Hut Editores<\/title>\n<meta name=\"robots\" content=\"index, follow, max-snippet:-1, max-image-preview:large, max-video-preview:-1\" \/>\n<link rel=\"canonical\" href=\"https:\/\/bookhut.pt\/es\/produto\/d-nuno-de-santa-maria-el-santo\/\" \/>\n<meta property=\"og:locale\" content=\"es_ES\" \/>\n<meta property=\"og:type\" content=\"article\" \/>\n<meta property=\"og:title\" content=\"D. Nuno de Santa Mar\u00eda - El Santo - Book Hut Editores\" \/>\n<meta property=\"og:description\" content=\"Un libro anterior al t\u00edtulo can\u00f3nico de S. Nuno de Santa Mar\u00eda, atribuido a Nuno \u00c1lvares Pereira en 2009. Una obra que alude al popularmente conocido como Santo Condest\u00e1vel como modelo de misericordia y generosidad, da a conocer el culto que genera, los tributos y fiestas en su honor y que, en 2005, revela el proceso can\u00f3nico que conducir\u00eda a su beatificaci\u00f3n.\" \/>\n<meta property=\"og:url\" content=\"https:\/\/bookhut.pt\/es\/produto\/d-nuno-de-santa-maria-el-santo\/\" \/>\n<meta property=\"og:site_name\" content=\"Book Hut Editores\" \/>\n<meta property=\"article:publisher\" content=\"https:\/\/www.facebook.com\/thebookhuteditora\/\" \/>\n<meta property=\"article:modified_time\" content=\"2021-01-07T19:46:32+00:00\" \/>\n<meta property=\"og:image\" content=\"https:\/\/bookhut.pt\/wp-content\/uploads\/2019\/12\/2005-Capa-D-NUNO-DE-SANTA-M.jpg\" \/>\n\t<meta property=\"og:image:width\" content=\"496\" \/>\n\t<meta property=\"og:image:height\" content=\"703\" \/>\n<meta name=\"twitter:card\" content=\"summary_large_image\" \/>\n<meta name=\"twitter:site\" content=\"@bookhut_editora\" \/>\n<script type=\"application\/ld+json\" class=\"yoast-schema-graph\">{\"@context\":\"https:\/\/schema.org\",\"@graph\":[{\"@type\":\"WebSite\",\"@id\":\"https:\/\/bookhut.pt\/#website\",\"url\":\"https:\/\/bookhut.pt\/\",\"name\":\"Book Hut Editores\",\"description\":\"\",\"potentialAction\":[{\"@type\":\"SearchAction\",\"target\":\"https:\/\/bookhut.pt\/?s={search_term_string}\",\"query-input\":\"required name=search_term_string\"}],\"inLanguage\":\"es\"},{\"@type\":\"ImageObject\",\"@id\":\"https:\/\/bookhut.pt\/es\/produto\/d-nuno-de-santa-maria-el-santo\/#primaryimage\",\"inLanguage\":\"es\",\"url\":\"https:\/\/bookhut.pt\/wp-content\/uploads\/2019\/12\/2005-Capa-D-NUNO-DE-SANTA-M.jpg\",\"width\":496,\"height\":703},{\"@type\":\"WebPage\",\"@id\":\"https:\/\/bookhut.pt\/es\/produto\/d-nuno-de-santa-maria-el-santo\/#webpage\",\"url\":\"https:\/\/bookhut.pt\/es\/produto\/d-nuno-de-santa-maria-el-santo\/\",\"name\":\"D. Nuno de Santa Mar\\u00eda - El Santo - Book Hut Editores\",\"isPartOf\":{\"@id\":\"https:\/\/bookhut.pt\/#website\"},\"primaryImageOfPage\":{\"@id\":\"https:\/\/bookhut.pt\/es\/produto\/d-nuno-de-santa-maria-el-santo\/#primaryimage\"},\"datePublished\":\"2019-12-02T16:36:57+00:00\",\"dateModified\":\"2021-01-07T19:46:32+00:00\",\"inLanguage\":\"es\",\"potentialAction\":[{\"@type\":\"ReadAction\",\"target\":[\"https:\/\/bookhut.pt\/es\/produto\/d-nuno-de-santa-maria-el-santo\/\"]}]}]}<\/script>\n<!-- \/ Yoast SEO plugin. -->","_links":{"self":[{"href":"https:\/\/bookhut.pt\/es\/wp-json\/wp\/v2\/product\/4623"}],"collection":[{"href":"https:\/\/bookhut.pt\/es\/wp-json\/wp\/v2\/product"}],"about":[{"href":"https:\/\/bookhut.pt\/es\/wp-json\/wp\/v2\/types\/product"}],"wp:featuredmedia":[{"embeddable":true,"href":"https:\/\/bookhut.pt\/es\/wp-json\/wp\/v2\/media\/2081"}],"wp:attachment":[{"href":"https:\/\/bookhut.pt\/es\/wp-json\/wp\/v2\/media?parent=4623"}],"curies":[{"name":"wp","href":"https:\/\/api.w.org\/{rel}","templated":true}]}}