{"id":4622,"date":"2016-02-22T13:19:43","date_gmt":"2016-02-22T13:19:43","guid":{"rendered":"https:\/\/bookhut.pt\/produto\/cidade-imaginaria-ciudad-imaginaria-rotonda-s-francisco-de-asis\/"},"modified":"2021-01-07T19:42:49","modified_gmt":"2021-01-07T19:42:49","slug":"cidade-imaginaria-ciudad-imaginaria-rotonda-s-francisco-de-asis","status":"publish","type":"product","link":"https:\/\/bookhut.pt\/es\/produto\/cidade-imaginaria-ciudad-imaginaria-rotonda-s-francisco-de-asis\/","title":{"rendered":"Cidade Imagin\u00e1ria [Ciudad imaginaria] Rotonda S. Francisco de As\u00eds"},"content":{"rendered":"<p>[vc_row][vc_column][vc_column_text]Una obra sobre la Cidade Imagin\u00e1ria que Charters de Almeida propone tiene como objetivo conectar simb\u00f3licamente las dos orillas del Tajo, en el &#8220;mar&#8221; de Abrantes. Esta conexi\u00f3n se observa por las diferentes puertas y pasajes que componen el trabajo. Tambi\u00e9n apunt\u00f3 a proponer una interacci\u00f3n directa con las personas que visitan el espacio en cuesti\u00f3n, lo que les permitir\u00e1 descubrir m\u00faltiples perspectivas de lo existente y lo nuevo existente.<\/p>\n<p>Cidade Imagin\u00e1ria puede ser una imagen de las Ciudades de Dios de San Agust\u00edn, porque asume la utilidad pura que solo el arte como utilidad social sabe alcanzar Porque el arte tiene que formar parte de la vida cotidiana. Lo que dura una eternidad, conlleva otra para hacerse.[\/vc_column_text][\/vc_column][\/vc_row]<\/p>\n","protected":false},"excerpt":{"rendered":"<p>Una obra sobre la Cidade Imagin\u00e1ria que Charters de Almeida propone tiene como objetivo conectar simb\u00f3licamente las dos orillas del Tajo, en el &#8220;mar&#8221; de Abrantes. Esta conexi\u00f3n se observa por las diferentes puertas y pasajes que componen el trabajo. Tambi\u00e9n apunt\u00f3 a proponer una interacci\u00f3n directa con las personas que visitan el espacio en cuesti\u00f3n, lo que les permitir\u00e1 descubrir m\u00faltiples perspectivas de lo existente y lo nuevo existente.<\/p>\n<p>Cidade Imagin\u00e1ria puede ser una imagen de las Ciudades de Dios de San Agust\u00edn, porque asume la utilidad pura que solo el arte como utilidad social sabe alcanzar Porque el arte tiene que formar parte de la vida cotidiana. Lo que dura una eternidad, conlleva otra para hacerse.<\/p>\n","protected":false},"featured_media":0,"template":"","meta":[],"yoast_head":"<!-- This site is optimized with the Yoast SEO plugin v15.6 - https:\/\/yoast.com\/wordpress\/plugins\/seo\/ -->\n<title>Cidade Imagin\u00e1ria [Ciudad imaginaria] Rotonda S. Francisco de As\u00eds - Book Hut Editores<\/title>\n<meta name=\"robots\" content=\"index, follow, max-snippet:-1, max-image-preview:large, max-video-preview:-1\" \/>\n<link rel=\"canonical\" href=\"https:\/\/bookhut.pt\/es\/produto\/cidade-imaginaria-ciudad-imaginaria-rotonda-s-francisco-de-asis\/\" \/>\n<meta property=\"og:locale\" content=\"es_ES\" \/>\n<meta property=\"og:type\" content=\"article\" \/>\n<meta property=\"og:title\" content=\"Cidade Imagin\u00e1ria [Ciudad imaginaria] Rotonda S. Francisco de As\u00eds - Book Hut Editores\" \/>\n<meta property=\"og:description\" content=\"Una obra sobre la Cidade Imagin\u00e1ria que Charters de Almeida propone tiene como objetivo conectar simb\u00f3licamente las dos orillas del Tajo, en el &quot;mar&quot; de Abrantes. Esta conexi\u00f3n se observa por las diferentes puertas y pasajes que componen el trabajo. Tambi\u00e9n apunt\u00f3 a proponer una interacci\u00f3n directa con las personas que visitan el espacio en cuesti\u00f3n, lo que les permitir\u00e1 descubrir m\u00faltiples perspectivas de lo existente y lo nuevo existente.  Cidade Imagin\u00e1ria puede ser una imagen de las Ciudades de Dios de San Agust\u00edn, porque asume la utilidad pura que solo el arte como utilidad social sabe alcanzar Porque el arte tiene que formar parte de la vida cotidiana. Lo que dura una eternidad, conlleva otra para hacerse.\" \/>\n<meta property=\"og:url\" content=\"https:\/\/bookhut.pt\/es\/produto\/cidade-imaginaria-ciudad-imaginaria-rotonda-s-francisco-de-asis\/\" \/>\n<meta property=\"og:site_name\" content=\"Book Hut Editores\" \/>\n<meta property=\"article:publisher\" content=\"https:\/\/www.facebook.com\/thebookhuteditora\/\" \/>\n<meta property=\"article:modified_time\" content=\"2021-01-07T19:42:49+00:00\" \/>\n<meta property=\"og:image\" content=\"https:\/\/bookhut.pt\/wp-content\/uploads\/2019\/12\/CapaCarlosHargreaves-1-1.jpg\" \/>\n\t<meta property=\"og:image:width\" content=\"663\" \/>\n\t<meta property=\"og:image:height\" content=\"964\" \/>\n<meta name=\"twitter:card\" content=\"summary_large_image\" \/>\n<meta name=\"twitter:site\" content=\"@bookhut_editora\" \/>\n<script type=\"application\/ld+json\" class=\"yoast-schema-graph\">{\"@context\":\"https:\/\/schema.org\",\"@graph\":[{\"@type\":\"WebSite\",\"@id\":\"https:\/\/bookhut.pt\/#website\",\"url\":\"https:\/\/bookhut.pt\/\",\"name\":\"Book Hut Editores\",\"description\":\"\",\"potentialAction\":[{\"@type\":\"SearchAction\",\"target\":\"https:\/\/bookhut.pt\/?s={search_term_string}\",\"query-input\":\"required name=search_term_string\"}],\"inLanguage\":\"es\"},{\"@type\":\"WebPage\",\"@id\":\"https:\/\/bookhut.pt\/es\/produto\/cidade-imaginaria-ciudad-imaginaria-rotonda-s-francisco-de-asis\/#webpage\",\"url\":\"https:\/\/bookhut.pt\/es\/produto\/cidade-imaginaria-ciudad-imaginaria-rotonda-s-francisco-de-asis\/\",\"name\":\"Cidade Imagin\\u00e1ria [Ciudad imaginaria] Rotonda S. Francisco de As\\u00eds - Book Hut Editores\",\"isPartOf\":{\"@id\":\"https:\/\/bookhut.pt\/#website\"},\"datePublished\":\"2016-02-22T13:19:43+00:00\",\"dateModified\":\"2021-01-07T19:42:49+00:00\",\"inLanguage\":\"es\",\"potentialAction\":[{\"@type\":\"ReadAction\",\"target\":[\"https:\/\/bookhut.pt\/es\/produto\/cidade-imaginaria-ciudad-imaginaria-rotonda-s-francisco-de-asis\/\"]}]}]}<\/script>\n<!-- \/ Yoast SEO plugin. -->","_links":{"self":[{"href":"https:\/\/bookhut.pt\/es\/wp-json\/wp\/v2\/product\/4622"}],"collection":[{"href":"https:\/\/bookhut.pt\/es\/wp-json\/wp\/v2\/product"}],"about":[{"href":"https:\/\/bookhut.pt\/es\/wp-json\/wp\/v2\/types\/product"}],"wp:attachment":[{"href":"https:\/\/bookhut.pt\/es\/wp-json\/wp\/v2\/media?parent=4622"}],"curies":[{"name":"wp","href":"https:\/\/api.w.org\/{rel}","templated":true}]}}