{"id":4621,"date":"2019-12-02T13:58:45","date_gmt":"2019-12-02T13:58:45","guid":{"rendered":"https:\/\/bookhut.pt\/produto\/los-dibujos-y-trazos-en-el-espacio-del-escultor-charters-de-almeida-aportan-poesia-a-las-ciudades\/"},"modified":"2019-12-02T13:58:45","modified_gmt":"2019-12-02T13:58:45","slug":"los-dibujos-y-trazos-en-el-espacio-del-escultor-charters-de-almeida-aportan-poesia-a-las-ciudades","status":"publish","type":"product","link":"https:\/\/bookhut.pt\/es\/produto\/los-dibujos-y-trazos-en-el-espacio-del-escultor-charters-de-almeida-aportan-poesia-a-las-ciudades\/","title":{"rendered":"Los dibujos y trazos en el espacio del escultor Charters de Almeida aportan poes\u00eda a las ciudades."},"content":{"rendered":"","protected":false},"excerpt":{"rendered":"<p>Con mucha frecuencia encontramos a escultores que pintan y principalmente que dibujan, como es el caso del escultor Charters de Almeida. Adem\u00e1s, algunos de los escultores son excelentes dise\u00f1adores, que dominan perfectamente las proporciones de los cuerpos; y logran el movimiento sugestionado a trav\u00e9s de las l\u00edneas y sombras proyectadas en el papel.<\/p>\n","protected":false},"featured_media":2209,"template":"","meta":[],"yoast_head":"<!-- This site is optimized with the Yoast SEO plugin v15.6 - https:\/\/yoast.com\/wordpress\/plugins\/seo\/ -->\n<title>Los dibujos y trazos en el espacio del escultor Charters de Almeida aportan poes\u00eda a las ciudades. - Book Hut Editores<\/title>\n<meta name=\"robots\" content=\"index, follow, max-snippet:-1, max-image-preview:large, max-video-preview:-1\" \/>\n<link rel=\"canonical\" href=\"https:\/\/bookhut.pt\/es\/produto\/los-dibujos-y-trazos-en-el-espacio-del-escultor-charters-de-almeida-aportan-poesia-a-las-ciudades\/\" \/>\n<meta property=\"og:locale\" content=\"es_ES\" \/>\n<meta property=\"og:type\" content=\"article\" \/>\n<meta property=\"og:title\" content=\"Los dibujos y trazos en el espacio del escultor Charters de Almeida aportan poes\u00eda a las ciudades. - Book Hut Editores\" \/>\n<meta property=\"og:description\" content=\"Con mucha frecuencia encontramos a escultores que pintan y principalmente que dibujan, como es el caso del escultor Charters de Almeida. Adem\u00e1s, algunos de los escultores son excelentes dise\u00f1adores, que dominan perfectamente las proporciones de los cuerpos; y logran el movimiento sugestionado a trav\u00e9s de las l\u00edneas y sombras proyectadas en el papel.\" \/>\n<meta property=\"og:url\" content=\"https:\/\/bookhut.pt\/es\/produto\/los-dibujos-y-trazos-en-el-espacio-del-escultor-charters-de-almeida-aportan-poesia-a-las-ciudades\/\" \/>\n<meta property=\"og:site_name\" content=\"Book Hut Editores\" \/>\n<meta property=\"article:publisher\" content=\"https:\/\/www.facebook.com\/thebookhuteditora\/\" \/>\n<meta property=\"og:image\" content=\"https:\/\/bookhut.pt\/wp-content\/uploads\/2019\/12\/2000-Capa-ChartersAlmeida-2.jpg\" \/>\n\t<meta property=\"og:image:width\" content=\"1280\" \/>\n\t<meta property=\"og:image:height\" content=\"1067\" \/>\n<meta name=\"twitter:card\" content=\"summary_large_image\" \/>\n<meta name=\"twitter:site\" content=\"@bookhut_editora\" \/>\n<script type=\"application\/ld+json\" class=\"yoast-schema-graph\">{\"@context\":\"https:\/\/schema.org\",\"@graph\":[{\"@type\":\"WebSite\",\"@id\":\"https:\/\/bookhut.pt\/#website\",\"url\":\"https:\/\/bookhut.pt\/\",\"name\":\"Book Hut Editores\",\"description\":\"\",\"potentialAction\":[{\"@type\":\"SearchAction\",\"target\":\"https:\/\/bookhut.pt\/?s={search_term_string}\",\"query-input\":\"required name=search_term_string\"}],\"inLanguage\":\"es\"},{\"@type\":\"ImageObject\",\"@id\":\"https:\/\/bookhut.pt\/es\/produto\/los-dibujos-y-trazos-en-el-espacio-del-escultor-charters-de-almeida-aportan-poesia-a-las-ciudades\/#primaryimage\",\"inLanguage\":\"es\",\"url\":\"https:\/\/bookhut.pt\/wp-content\/uploads\/2019\/12\/2000-Capa-ChartersAlmeida-2.jpg\",\"width\":1280,\"height\":1067},{\"@type\":\"WebPage\",\"@id\":\"https:\/\/bookhut.pt\/es\/produto\/los-dibujos-y-trazos-en-el-espacio-del-escultor-charters-de-almeida-aportan-poesia-a-las-ciudades\/#webpage\",\"url\":\"https:\/\/bookhut.pt\/es\/produto\/los-dibujos-y-trazos-en-el-espacio-del-escultor-charters-de-almeida-aportan-poesia-a-las-ciudades\/\",\"name\":\"Los dibujos y trazos en el espacio del escultor Charters de Almeida aportan poes\\u00eda a las ciudades. - Book Hut Editores\",\"isPartOf\":{\"@id\":\"https:\/\/bookhut.pt\/#website\"},\"primaryImageOfPage\":{\"@id\":\"https:\/\/bookhut.pt\/es\/produto\/los-dibujos-y-trazos-en-el-espacio-del-escultor-charters-de-almeida-aportan-poesia-a-las-ciudades\/#primaryimage\"},\"datePublished\":\"2019-12-02T13:58:45+00:00\",\"dateModified\":\"2019-12-02T13:58:45+00:00\",\"inLanguage\":\"es\",\"potentialAction\":[{\"@type\":\"ReadAction\",\"target\":[\"https:\/\/bookhut.pt\/es\/produto\/los-dibujos-y-trazos-en-el-espacio-del-escultor-charters-de-almeida-aportan-poesia-a-las-ciudades\/\"]}]}]}<\/script>\n<!-- \/ Yoast SEO plugin. -->","_links":{"self":[{"href":"https:\/\/bookhut.pt\/es\/wp-json\/wp\/v2\/product\/4621"}],"collection":[{"href":"https:\/\/bookhut.pt\/es\/wp-json\/wp\/v2\/product"}],"about":[{"href":"https:\/\/bookhut.pt\/es\/wp-json\/wp\/v2\/types\/product"}],"wp:featuredmedia":[{"embeddable":true,"href":"https:\/\/bookhut.pt\/es\/wp-json\/wp\/v2\/media\/2209"}],"wp:attachment":[{"href":"https:\/\/bookhut.pt\/es\/wp-json\/wp\/v2\/media?parent=4621"}],"curies":[{"name":"wp","href":"https:\/\/api.w.org\/{rel}","templated":true}]}}