{"id":2451,"date":"2019-12-04T17:48:33","date_gmt":"2019-12-04T17:48:33","guid":{"rendered":"https:\/\/bookhut.pt\/distribucion\/"},"modified":"2021-01-07T16:43:51","modified_gmt":"2021-01-07T16:43:51","slug":"distribucion","status":"publish","type":"page","link":"https:\/\/bookhut.pt\/es\/distribucion\/","title":{"rendered":"Distribuci\u00f3n"},"content":{"rendered":"<p>[vc_row][vc_column]<div class=\"columns_wrap sc_columns columns_nofluid sc_columns_count_1 aboutus margin_bottom_huge\" style=\"text-align:center;\"><div class=\"column-1_1 sc_column_item sc_column_item_1 odd first\" style=\"width: 800px;\"><h4 class=\"sc_title sc_title_underline sc_align_center margin_top_small\" style=\"text-align:center;\"><i>Distribuci\u00f3n<\/i><\/h4><figure class=\"sc_image  sc_image_shape_square\" style=\"margin: 0 auto;\"><img src=\"https:\/\/bookhut.pt\/wp-content\/uploads\/2018\/08\/9329.jpg\" alt=\"\" \/><\/figure>[vc_column_text css=&#8221;.vc_custom_1610036699391{margin-bottom: 45px !important;}&#8221;]<\/p>\n<p style=\"text-align: center;\"><strong>Book Hut<\/strong> garantiza la distribuci\u00f3n y promoci\u00f3n de las obras editadas, por ejemplo presentaciones p\u00fablicas, en las principales cadenas de librer\u00edas en Portugal.<\/p>\n<h5 style=\"text-align: center;\"><strong>\u00bfA D\u00d3NDE COMPRAR?<\/strong><br \/>\n<a href=\"https:\/\/bookhut.pt\">WWW.BOOKHUT.PT<\/a><\/h5>\n<p style=\"text-align: center;\">Puede hacerlo en cualquier tienda de las principales cadenas de librer\u00edas que operan en Portugal.<\/p>\n<table style=\"width: 100%;\">\n<tbody>\n<tr>\n<td><\/td>\n<td style=\"padding-right: 15px; width: 187px;\"><img loading=\"lazy\" class=\"aligncenter wp-image-1490\" title=\"Fnac\" src=\"https:\/\/bookhut.pt\/wp-content\/uploads\/2018\/09\/fnac_logo-300x98.png\" alt=\"\" width=\"187\" height=\"61\" srcset=\"https:\/\/bookhut.pt\/wp-content\/uploads\/2018\/09\/fnac_logo-300x98.png 300w, https:\/\/bookhut.pt\/wp-content\/uploads\/2018\/09\/fnac_logo.png 546w\" sizes=\"(max-width: 187px) 100vw, 187px\" \/><\/td>\n<td style=\"padding-left: 15px; width: 203px;\"><img loading=\"lazy\" class=\"wp-image-1486 aligncenter\" style=\"text-align: center;\" title=\"Bertrand\" src=\"https:\/\/bookhut.pt\/wp-content\/uploads\/2018\/09\/bertrand_logo-300x90.png\" alt=\"\" width=\"203\" height=\"61\" srcset=\"https:\/\/bookhut.pt\/wp-content\/uploads\/2018\/09\/bertrand_logo-300x90.png 300w, https:\/\/bookhut.pt\/wp-content\/uploads\/2018\/09\/bertrand_logo.png 409w\" sizes=\"(max-width: 203px) 100vw, 203px\" \/><\/td>\n<td><\/td>\n<\/tr>\n<\/tbody>\n<\/table>\n<p>[\/vc_column_text][vc_empty_space height=&#8221;1px&#8221;]<\/div><\/div>[\/vc_column][\/vc_row][vc_row full_width=&#8221;stretch_row&#8221; css=&#8221;.vc_custom_1455027096364{background-color: #de3242 !important;}&#8221;][vc_column]<div id=\"sc_call_to_action_1278230018\" class=\"sc_call_to_action sc_call_to_action_style_2 sc_call_to_action_align_left\" style=\"width:100%;\"><div class=\"columns_wrap\"><div class=\"sc_call_to_action_info column-3_4\"><h2 class=\"sc_call_to_action_title sc_item_title\">Env\u00edo gratis<\/h2><h6 class=\"sc_call_to_action_subtitle sc_item_subtitle\">en compras superiores a 50\u20ac<\/h6><\/div><div class=\"sc_call_to_action_buttons sc_item_buttons column-1_4\"><div class=\"sc_call_to_action_button sc_item_button\"><a href=\"\/tienda\/\" class=\"sc_button sc_button_square sc_button_style_filled sc_button_size_small\">Tienda<\/a><\/div><\/div><\/div><\/div>[\/vc_column][\/vc_row]<\/p>\n","protected":false},"excerpt":{"rendered":"<p>[vc_row][vc_column][\/vc_column][\/vc_row][vc_row full_width=&#8221;stretch_row&#8221; css=&#8221;.vc_custom_1455027096364{background-color: #de3242 !important;}&#8221;][vc_column][\/vc_column][\/vc_row]<\/p>\n","protected":false},"author":160,"featured_media":0,"parent":0,"menu_order":5,"comment_status":"closed","ping_status":"closed","template":"","meta":[],"yoast_head":"<!-- This site is optimized with the Yoast SEO plugin v15.6 - https:\/\/yoast.com\/wordpress\/plugins\/seo\/ -->\n<title>Distribuci\u00f3n - Book Hut Editores<\/title>\n<meta name=\"robots\" content=\"index, follow, max-snippet:-1, max-image-preview:large, max-video-preview:-1\" \/>\n<link rel=\"canonical\" href=\"https:\/\/bookhut.pt\/es\/distribucion\/\" \/>\n<meta property=\"og:locale\" content=\"es_ES\" \/>\n<meta property=\"og:type\" content=\"article\" \/>\n<meta property=\"og:title\" content=\"Distribuci\u00f3n - Book Hut Editores\" \/>\n<meta property=\"og:description\" content=\"[vc_row][vc_column][\/vc_column][\/vc_row][vc_row full_width=&#8221;stretch_row&#8221; css=&#8221;.vc_custom_1455027096364{background-color: #de3242 !important;}&#8221;][vc_column][\/vc_column][\/vc_row]\" \/>\n<meta property=\"og:url\" content=\"https:\/\/bookhut.pt\/es\/distribucion\/\" \/>\n<meta property=\"og:site_name\" content=\"Book Hut Editores\" \/>\n<meta property=\"article:publisher\" content=\"https:\/\/www.facebook.com\/thebookhuteditora\/\" \/>\n<meta property=\"article:modified_time\" content=\"2021-01-07T16:43:51+00:00\" \/>\n<meta property=\"og:image\" content=\"https:\/\/bookhut.pt\/wp-content\/uploads\/2018\/09\/fnac_logo-300x98.png\" \/>\n<meta name=\"twitter:card\" content=\"summary_large_image\" \/>\n<meta name=\"twitter:site\" content=\"@bookhut_editora\" \/>\n<script type=\"application\/ld+json\" class=\"yoast-schema-graph\">{\"@context\":\"https:\/\/schema.org\",\"@graph\":[{\"@type\":\"WebSite\",\"@id\":\"https:\/\/bookhut.pt\/#website\",\"url\":\"https:\/\/bookhut.pt\/\",\"name\":\"Book Hut Editores\",\"description\":\"\",\"potentialAction\":[{\"@type\":\"SearchAction\",\"target\":\"https:\/\/bookhut.pt\/?s={search_term_string}\",\"query-input\":\"required name=search_term_string\"}],\"inLanguage\":\"es\"},{\"@type\":\"ImageObject\",\"@id\":\"https:\/\/bookhut.pt\/es\/distribucion\/#primaryimage\",\"inLanguage\":\"es\",\"url\":\"https:\/\/bookhut.pt\/wp-content\/uploads\/2018\/09\/fnac_logo.png\",\"width\":546,\"height\":179},{\"@type\":\"WebPage\",\"@id\":\"https:\/\/bookhut.pt\/es\/distribucion\/#webpage\",\"url\":\"https:\/\/bookhut.pt\/es\/distribucion\/\",\"name\":\"Distribuci\\u00f3n - Book Hut Editores\",\"isPartOf\":{\"@id\":\"https:\/\/bookhut.pt\/#website\"},\"primaryImageOfPage\":{\"@id\":\"https:\/\/bookhut.pt\/es\/distribucion\/#primaryimage\"},\"datePublished\":\"2019-12-04T17:48:33+00:00\",\"dateModified\":\"2021-01-07T16:43:51+00:00\",\"inLanguage\":\"es\",\"potentialAction\":[{\"@type\":\"ReadAction\",\"target\":[\"https:\/\/bookhut.pt\/es\/distribucion\/\"]}]}]}<\/script>\n<!-- \/ Yoast SEO plugin. -->","_links":{"self":[{"href":"https:\/\/bookhut.pt\/es\/wp-json\/wp\/v2\/pages\/2451"}],"collection":[{"href":"https:\/\/bookhut.pt\/es\/wp-json\/wp\/v2\/pages"}],"about":[{"href":"https:\/\/bookhut.pt\/es\/wp-json\/wp\/v2\/types\/page"}],"author":[{"embeddable":true,"href":"https:\/\/bookhut.pt\/es\/wp-json\/wp\/v2\/users\/160"}],"replies":[{"embeddable":true,"href":"https:\/\/bookhut.pt\/es\/wp-json\/wp\/v2\/comments?post=2451"}],"version-history":[{"count":10,"href":"https:\/\/bookhut.pt\/es\/wp-json\/wp\/v2\/pages\/2451\/revisions"}],"predecessor-version":[{"id":4594,"href":"https:\/\/bookhut.pt\/es\/wp-json\/wp\/v2\/pages\/2451\/revisions\/4594"}],"wp:attachment":[{"href":"https:\/\/bookhut.pt\/es\/wp-json\/wp\/v2\/media?parent=2451"}],"curies":[{"name":"wp","href":"https:\/\/api.w.org\/{rel}","templated":true}]}}