{"id":1671,"date":"2019-12-02T10:11:45","date_gmt":"2019-12-02T10:11:45","guid":{"rendered":"https:\/\/bookhut.pt\/the-book-hut-editor\/"},"modified":"2021-01-11T11:14:45","modified_gmt":"2021-01-11T11:14:45","slug":"book-hut","status":"publish","type":"page","link":"https:\/\/bookhut.pt\/es\/book-hut\/","title":{"rendered":"Editorial"},"content":{"rendered":"<p>[vc_row][vc_column]<div class=\"columns_wrap sc_columns columns_nofluid sc_columns_count_1 aboutus margin_bottom_huge\" style=\"text-align:center;\"><div class=\"column-1_1 sc_column_item sc_column_item_1 odd first\" style=\"width: 800px;\"><h4 class=\"sc_title sc_title_underline sc_align_center margin_top_small\" style=\"text-align:center;\"><em>Escribir un libro es un placer<\/em>. \u00a1Nosotros le hacemos el regalo de publicarlo!<\/h4>[vc_empty_space]<figure class=\"sc_image  sc_image_shape_square\" style=\"margin: 0 auto;\"><img src=\"https:\/\/bookhut.pt\/wp-content\/uploads\/2021\/01\/thebookhut.jpg\" alt=\"\" \/><\/figure>[vc_empty_space][vc_column_text]<\/p>\n<p class=\"MsoNormal\"><strong><span lang=\"ES\" style=\"mso-ansi-language: ES; mso-bidi-font-weight: bold;\">Book Hut<\/span><\/strong><span lang=\"ES\" style=\"mso-ansi-language: ES;\">\u00a0es una editorial especializada en la autoedici\u00f3n desde hace m\u00e1s de 20 a\u00f1os.<\/span><\/p>\n<p class=\"MsoNormal\"><span lang=\"ES\" style=\"mso-ansi-language: ES;\">Apasionada por contactar autores, descubrir nuevos talentos y trabajos que ser\u00e1n las delicias de los lectores m\u00e1s exigentes es la misi\u00f3n de The Book Hut.<\/span><\/p>\n<p class=\"MsoNormal\"><span lang=\"ES\" style=\"mso-ansi-language: ES;\">El prop\u00f3sito de la editorial es dar a los autores an\u00f3nimos la oportunidad de transformar sus manuscritos en obras editadas y destacadas en las librer\u00edas m\u00e1s prestigiosas del pa\u00eds.<br \/>\nTodo esto de forma transparente y econ\u00f3mica, con un control creativo total sobre el trabajo, pero benefici\u00e1ndose de la revisi\u00f3n, paginaci\u00f3n, ilustraci\u00f3n, edici\u00f3n, impresi\u00f3n y producci\u00f3n altamente profesional.<\/span><\/p>\n<p class=\"MsoNormal\"><span lang=\"ES\" style=\"mso-ansi-language: ES;\">Dedicada, en primer lugar, a obras de referencia en las artes, siendo conocida en el \u00e1mbito art\u00edstico como \u2018Taschen portuguesa\u2019, ha establecido firmemente su lugar en el mercado editorial portugu\u00e9s.<\/span><\/p>\n<p class=\"MsoNormal\"><span lang=\"ES\" style=\"mso-ansi-language: ES;\">Pero no solo las artes forman parte de la cartera de The Book Hut. En los \u00faltimos a\u00f1os, la editorial ha invertido mucho en el descubrimiento de nuevos autores de otros g\u00e9neros literarios, tales como ficci\u00f3n, no ficci\u00f3n, ensayo, poes\u00eda o literatura infantil, entre otros.<\/span><\/p>\n<p class=\"MsoNormal\"><span lang=\"ES\" style=\"mso-ansi-language: ES;\">Democratizar el mercado editorial, respetar los altos est\u00e1ndares, ofrecer oportunidades \u00fanicas a los autores y brindar a los lectores obras incre\u00edbles, a las que de otra forma no tendr\u00edan acceso, es uno de los grandes objetivos de The Book Hut.<\/span><\/p>\n<p class=\"MsoNormal\"><span lang=\"ES\" style=\"mso-ansi-language: ES;\">Descubra y sorpr\u00e9ndase con la amplia gama de trabajos que tenemos para usted.<\/span><\/p>\n<p>[\/vc_column_text]<\/div><\/div>[vc_empty_space][\/vc_column][\/vc_row]<\/p>\n","protected":false},"excerpt":{"rendered":"<p>[vc_row][vc_column][vc_empty_space][\/vc_column][\/vc_row]<\/p>\n","protected":false},"author":160,"featured_media":0,"parent":0,"menu_order":5,"comment_status":"closed","ping_status":"closed","template":"","meta":[],"yoast_head":"<!-- This site is optimized with the Yoast SEO plugin v15.6 - https:\/\/yoast.com\/wordpress\/plugins\/seo\/ -->\n<title>Editorial - Book Hut Editores<\/title>\n<meta name=\"robots\" content=\"index, follow, max-snippet:-1, max-image-preview:large, max-video-preview:-1\" \/>\n<link rel=\"canonical\" href=\"https:\/\/bookhut.pt\/es\/book-hut\/\" \/>\n<meta property=\"og:locale\" content=\"es_ES\" \/>\n<meta property=\"og:type\" content=\"article\" \/>\n<meta property=\"og:title\" content=\"Editorial - Book Hut Editores\" \/>\n<meta property=\"og:description\" content=\"[vc_row][vc_column][vc_empty_space][\/vc_column][\/vc_row]\" \/>\n<meta property=\"og:url\" content=\"https:\/\/bookhut.pt\/es\/book-hut\/\" \/>\n<meta property=\"og:site_name\" content=\"Book Hut Editores\" \/>\n<meta property=\"article:publisher\" content=\"https:\/\/www.facebook.com\/thebookhuteditora\/\" \/>\n<meta property=\"article:modified_time\" content=\"2021-01-11T11:14:45+00:00\" \/>\n<meta name=\"twitter:card\" content=\"summary_large_image\" \/>\n<meta name=\"twitter:site\" content=\"@bookhut_editora\" \/>\n<script type=\"application\/ld+json\" class=\"yoast-schema-graph\">{\"@context\":\"https:\/\/schema.org\",\"@graph\":[{\"@type\":\"WebSite\",\"@id\":\"https:\/\/bookhut.pt\/#website\",\"url\":\"https:\/\/bookhut.pt\/\",\"name\":\"Book Hut Editores\",\"description\":\"\",\"potentialAction\":[{\"@type\":\"SearchAction\",\"target\":\"https:\/\/bookhut.pt\/?s={search_term_string}\",\"query-input\":\"required name=search_term_string\"}],\"inLanguage\":\"es\"},{\"@type\":\"WebPage\",\"@id\":\"https:\/\/bookhut.pt\/es\/book-hut\/#webpage\",\"url\":\"https:\/\/bookhut.pt\/es\/book-hut\/\",\"name\":\"Editorial - Book Hut Editores\",\"isPartOf\":{\"@id\":\"https:\/\/bookhut.pt\/#website\"},\"datePublished\":\"2019-12-02T10:11:45+00:00\",\"dateModified\":\"2021-01-11T11:14:45+00:00\",\"inLanguage\":\"es\",\"potentialAction\":[{\"@type\":\"ReadAction\",\"target\":[\"https:\/\/bookhut.pt\/es\/book-hut\/\"]}]}]}<\/script>\n<!-- \/ Yoast SEO plugin. -->","_links":{"self":[{"href":"https:\/\/bookhut.pt\/es\/wp-json\/wp\/v2\/pages\/1671"}],"collection":[{"href":"https:\/\/bookhut.pt\/es\/wp-json\/wp\/v2\/pages"}],"about":[{"href":"https:\/\/bookhut.pt\/es\/wp-json\/wp\/v2\/types\/page"}],"author":[{"embeddable":true,"href":"https:\/\/bookhut.pt\/es\/wp-json\/wp\/v2\/users\/160"}],"replies":[{"embeddable":true,"href":"https:\/\/bookhut.pt\/es\/wp-json\/wp\/v2\/comments?post=1671"}],"version-history":[{"count":12,"href":"https:\/\/bookhut.pt\/es\/wp-json\/wp\/v2\/pages\/1671\/revisions"}],"predecessor-version":[{"id":4785,"href":"https:\/\/bookhut.pt\/es\/wp-json\/wp\/v2\/pages\/1671\/revisions\/4785"}],"wp:attachment":[{"href":"https:\/\/bookhut.pt\/es\/wp-json\/wp\/v2\/media?parent=1671"}],"curies":[{"name":"wp","href":"https:\/\/api.w.org\/{rel}","templated":true}]}}