{"id":5147,"date":"2025-03-07T16:50:50","date_gmt":"2025-03-07T16:50:50","guid":{"rendered":"https:\/\/bookhut.pt\/?post_type=product&#038;p=5147"},"modified":"2025-03-07T17:01:28","modified_gmt":"2025-03-07T17:01:28","slug":"a-mensagem","status":"publish","type":"product","link":"https:\/\/bookhut.pt\/en\/produto\/a-mensagem\/","title":{"rendered":"A Mensagem"},"content":{"rendered":"<p>[vc_row][vc_column][vc_column_text]O bichinho da curiosidade picara-o de novo e Manuel Maria de Andrade e Costa Seromenho da Cunha, n\u00e3o poderia ficar imune.<br \/>\nAquele fax deixara-o pensativo e ansioso, mas como o tema lhe era muito querido, decidiu-se rapidamente.<br \/>\nAcompanhado de sua jovem mulher, partiu rumo \u00e0 descoberta de um mist\u00e9rio que parecia envolver, uma vez mais, o nome dos C\u00e1taros.<br \/>\nOs acontecimentos desenvolvem-se em locais t\u00e3o d\u00edspares como Fran\u00e7a, Ilha de Malta, It\u00e1lia, Espanha e Portugal.[\/vc_column_text][\/vc_column][\/vc_row]<\/p>\n","protected":false},"excerpt":{"rendered":"<p>O bichinho da curiosidade picara-o de novo e Manuel Maria de Andrade e Costa Seromenho da Cunha, n\u00e3o poderia ficar imune.<br \/>\nAquele fax deixara-o pensativo e ansioso, mas como o tema lhe era muito querido, decidiu-se<br \/>\nAcompanhado de sua jovem mulher, partiu rumo \u00e0 descoberta de um mist\u00e9rio que parecia envolver, uma vez mais, o nome dos C\u00e1taros.<br \/>\nOs acontecimentos desenvolvem-se em locais t\u00e3o d\u00edspares como Fran\u00e7a, Ilha de Malta, It\u00e1lia, Espanha e Portugal.<\/p>\n","protected":false},"featured_media":5152,"template":"","meta":[],"yoast_head":"<!-- This site is optimized with the Yoast SEO plugin v15.6 - https:\/\/yoast.com\/wordpress\/plugins\/seo\/ -->\n<title>A Mensagem - Book Hut Editores<\/title>\n<meta name=\"description\" content=\"O bichinho da curiosidade picara-o de novo e Manuel Maria de Andrade e Costa Seromenho da Cunha, n\u00e3o poderia ficar imune. Aquele fax deixara-o pensativo e ansioso, mas como o tema lhe era muito querido, decidiu-se r\u00e1pidamente. Acompanhado de sua jovem mulher, partiu rumo \u00e0 descoberta de um mist\u00e9rio que parecia envolver, uma vez mais, o nome dos C\u00e1taros. Os acontecimentos desenvolvem-se em locais t\u00e3o d\u00edspares como Fran\u00e7a, Ilha de Malta, It\u00e1lia, Espanha e Portugal.\" \/>\n<meta name=\"robots\" content=\"index, follow, max-snippet:-1, max-image-preview:large, max-video-preview:-1\" \/>\n<link rel=\"canonical\" href=\"https:\/\/bookhut.pt\/en\/produto\/a-mensagem\/\" \/>\n<meta property=\"og:locale\" content=\"en_US\" \/>\n<meta property=\"og:type\" content=\"article\" \/>\n<meta property=\"og:title\" content=\"A Mensagem - Book Hut Editores\" \/>\n<meta property=\"og:description\" content=\"O bichinho da curiosidade picara-o de novo e Manuel Maria de Andrade e Costa Seromenho da Cunha, n\u00e3o poderia ficar imune. Aquele fax deixara-o pensativo e ansioso, mas como o tema lhe era muito querido, decidiu-se r\u00e1pidamente. Acompanhado de sua jovem mulher, partiu rumo \u00e0 descoberta de um mist\u00e9rio que parecia envolver, uma vez mais, o nome dos C\u00e1taros. Os acontecimentos desenvolvem-se em locais t\u00e3o d\u00edspares como Fran\u00e7a, Ilha de Malta, It\u00e1lia, Espanha e Portugal.\" \/>\n<meta property=\"og:url\" content=\"https:\/\/bookhut.pt\/en\/produto\/a-mensagem\/\" \/>\n<meta property=\"og:site_name\" content=\"Book Hut Editores\" \/>\n<meta property=\"article:publisher\" content=\"https:\/\/www.facebook.com\/thebookhuteditora\/\" \/>\n<meta property=\"article:modified_time\" content=\"2025-03-07T17:01:28+00:00\" \/>\n<meta property=\"og:image\" content=\"https:\/\/bookhut.pt\/wp-content\/uploads\/2025\/03\/A-Mensagem_page-0001.jpg\" \/>\n\t<meta property=\"og:image:width\" content=\"945\" \/>\n\t<meta property=\"og:image:height\" content=\"1359\" \/>\n<meta name=\"twitter:card\" content=\"summary_large_image\" \/>\n<meta name=\"twitter:site\" content=\"@bookhut_editora\" \/>\n<meta name=\"twitter:label1\" content=\"Est. reading time\">\n\t<meta name=\"twitter:data1\" content=\"1 minute\">\n<script type=\"application\/ld+json\" class=\"yoast-schema-graph\">{\"@context\":\"https:\/\/schema.org\",\"@graph\":[{\"@type\":\"WebSite\",\"@id\":\"https:\/\/bookhut.pt\/#website\",\"url\":\"https:\/\/bookhut.pt\/\",\"name\":\"Book Hut Editores\",\"description\":\"\",\"potentialAction\":[{\"@type\":\"SearchAction\",\"target\":\"https:\/\/bookhut.pt\/?s={search_term_string}\",\"query-input\":\"required name=search_term_string\"}],\"inLanguage\":\"en-US\"},{\"@type\":\"ImageObject\",\"@id\":\"https:\/\/bookhut.pt\/en\/produto\/a-mensagem\/#primaryimage\",\"inLanguage\":\"en-US\",\"url\":\"https:\/\/bookhut.pt\/wp-content\/uploads\/2025\/03\/A-Mensagem_page-0001.jpg\",\"width\":945,\"height\":1359,\"caption\":\"A Mensagem\"},{\"@type\":\"WebPage\",\"@id\":\"https:\/\/bookhut.pt\/en\/produto\/a-mensagem\/#webpage\",\"url\":\"https:\/\/bookhut.pt\/en\/produto\/a-mensagem\/\",\"name\":\"A Mensagem - Book Hut Editores\",\"isPartOf\":{\"@id\":\"https:\/\/bookhut.pt\/#website\"},\"primaryImageOfPage\":{\"@id\":\"https:\/\/bookhut.pt\/en\/produto\/a-mensagem\/#primaryimage\"},\"datePublished\":\"2025-03-07T16:50:50+00:00\",\"dateModified\":\"2025-03-07T17:01:28+00:00\",\"description\":\"O bichinho da curiosidade picara-o de novo e Manuel Maria de Andrade e Costa Seromenho da Cunha, n\\u00e3o poderia ficar imune. Aquele fax deixara-o pensativo e ansioso, mas como o tema lhe era muito querido, decidiu-se r\\u00e1pidamente. Acompanhado de sua jovem mulher, partiu rumo \\u00e0 descoberta de um mist\\u00e9rio que parecia envolver, uma vez mais, o nome dos C\\u00e1taros. Os acontecimentos desenvolvem-se em locais t\\u00e3o d\\u00edspares como Fran\\u00e7a, Ilha de Malta, It\\u00e1lia, Espanha e Portugal.\",\"inLanguage\":\"en-US\",\"potentialAction\":[{\"@type\":\"ReadAction\",\"target\":[\"https:\/\/bookhut.pt\/en\/produto\/a-mensagem\/\"]}]}]}<\/script>\n<!-- \/ Yoast SEO plugin. -->","_links":{"self":[{"href":"https:\/\/bookhut.pt\/en\/wp-json\/wp\/v2\/product\/5147"}],"collection":[{"href":"https:\/\/bookhut.pt\/en\/wp-json\/wp\/v2\/product"}],"about":[{"href":"https:\/\/bookhut.pt\/en\/wp-json\/wp\/v2\/types\/product"}],"wp:featuredmedia":[{"embeddable":true,"href":"https:\/\/bookhut.pt\/en\/wp-json\/wp\/v2\/media\/5152"}],"wp:attachment":[{"href":"https:\/\/bookhut.pt\/en\/wp-json\/wp\/v2\/media?parent=5147"}],"curies":[{"name":"wp","href":"https:\/\/api.w.org\/{rel}","templated":true}]}}