{"id":5064,"date":"2023-01-16T20:45:18","date_gmt":"2023-01-16T20:45:18","guid":{"rendered":"https:\/\/bookhut.pt\/?post_type=product&#038;p=5064"},"modified":"2023-01-23T10:08:36","modified_gmt":"2023-01-23T10:08:36","slug":"toda-a-poesia-e-uma-cancao","status":"publish","type":"product","link":"https:\/\/bookhut.pt\/en\/produto\/toda-a-poesia-e-uma-cancao\/","title":{"rendered":"Toda a Poesia \u00e9 Uma Can\u00e7\u00e3o"},"content":{"rendered":"<p>[vc_row][vc_column][vc_column_text]M\u00fasica ou Poesia? Poder\u00edamos perguntar-nos assim, atrav\u00e9s da leitura ou audi\u00e7\u00e3o dos versos de Joaquim Gouveia. S\u00e3o palavras-sons, as que formam estes poemas lidos ou ditos na cad\u00eancia de variadas melodias carregadas de imagens. Assim \u00e9 a M\u00fasica, assim \u00e9 a Poesia, duas das mais belas e sedutoras express\u00f5es art\u00edsticas e comunicantes criadas pelo esp\u00edrito humano, desde o princ\u00edpio de todas as coisas. E o autor n\u00e3o foge \u00e0 regra. O poeta sabe estar no terreno da grande poesia sempre que o deseja. Provam-no alguns destes versos descritivos, polifacetados, com um claro programa inspirador, aqui e ali ainda provocat\u00f3rio, como \u00e9 exemplo, o \u201cAn\u00fancio\u201d de \u201cum apartamento para alugar \/ com vista para o meu amor\u201d&#8230; ou na contrapont\u00edstica e bel\u00edssima ode \u00e0 \u201cLuz\u201d (ou a um certo grande amor?): \u201cE mostrando-me o c\u00e9u a noite e o dia \/ a for\u00e7a dos mares dos ventos se elevou \/ como que dizendo que a luz que mais nos alumia \/ \u00e9 a for\u00e7a que em cada dia em luz se transformou\u201d.[\/vc_column_text][\/vc_column][\/vc_row]<\/p>\n","protected":false},"excerpt":{"rendered":"<p style=\"font-weight: 400;\">M\u00fasica ou Poesia? Poder\u00edamos perguntar-nos assim, atrav\u00e9s da leitura ou audi\u00e7\u00e3o dos versos de Joaquim Gouveia. S\u00e3o palavras-sons, as que formam estes poemas lidos ou ditos na cad\u00eancia de variadas melodias carregadas de imagens. Assim \u00e9 a M\u00fasica, assim \u00e9 a Poesia, duas das mais belas e sedutoras express\u00f5es art\u00edsticas e comunicantes criadas pelo esp\u00edrito humano, desde o princ\u00edpio de todas as coisas. E o autor n\u00e3o foge \u00e0 regra. O poeta sabe estar no terreno da grande poesia sempre que o deseja. Provam-no alguns destes versos descritivos, polifacetados, com um claro programa inspirador, aqui e ali ainda provocat\u00f3rio, como \u00e9 exemplo, o \u201cAn\u00fancio\u201d de \u201cum apartamento para alugar \/ com vista para o meu amor\u201d&#8230; ou na contrapont\u00edstica e bel\u00edssima ode \u00e0 \u201cLuz\u201d (ou a um certo grande amor?): \u201cE mostrando-me o c\u00e9u a noite e o dia \/ a for\u00e7a dos mares dos ventos se elevou \/ como que dizendo que a luz que mais nos alumia \/ \u00e9 a for\u00e7a que em cada dia em luz se transformou\u201d.<\/p>\n","protected":false},"featured_media":5065,"template":"","meta":[],"yoast_head":"<!-- This site is optimized with the Yoast SEO plugin v15.6 - https:\/\/yoast.com\/wordpress\/plugins\/seo\/ -->\n<title>Toda a Poesia \u00e9 Uma Can\u00e7\u00e3o - Book Hut Editores<\/title>\n<meta name=\"description\" content=\"M\u00fasica ou Poesia? Poder\u00edamos perguntar-nos assim, atrav\u00e9s da leitura ou audi\u00e7\u00e3o dos versos de Joaquim Gouveia. S\u00e3o palavras-sons, as que formam estes poemas lidos ou ditos na cad\u00eancia de variadas melodias carregadas de imagens. Assim \u00e9 a M\u00fasica, assim \u00e9 a Poesia, duas das mais belas e sedutoras express\u00f5es art\u00edsticas e comunicantes criadas pelo esp\u00edrito humano, desde o princ\u00edpio de todas as coisas. E o autor n\u00e3o foge \u00e0 regra. O poeta sabe estar no terreno da grande poesia sempre que o deseja. Provam-no alguns destes versos descritivos, polifacetados, com um claro programa inspirador, aqui e ali ainda provocat\u00f3rio, como \u00e9 exemplo, o \u201cAn\u00fancio\u201d de \u201cum apartamento para alugar \/ com vista para o meu amor\u201d... ou na contrapont\u00edstica e bel\u00edssima ode \u00e0 \u201cLuz\u201d (ou a um certo grande amor?): \u201cE mostrando-me o c\u00e9u a noite e o dia \/ a for\u00e7a dos mares dos ventos se elevou \/ como que dizendo que a luz que mais nos alumia \/ \u00e9 a for\u00e7a que em cada dia em luz se transformou\u201d.\" \/>\n<meta name=\"robots\" content=\"index, follow, max-snippet:-1, max-image-preview:large, max-video-preview:-1\" \/>\n<link rel=\"canonical\" href=\"https:\/\/bookhut.pt\/en\/produto\/toda-a-poesia-e-uma-cancao\/\" \/>\n<meta property=\"og:locale\" content=\"en_US\" \/>\n<meta property=\"og:type\" content=\"article\" \/>\n<meta property=\"og:title\" content=\"Toda a Poesia \u00e9 Uma Can\u00e7\u00e3o - Book Hut Editores\" \/>\n<meta property=\"og:description\" content=\"M\u00fasica ou Poesia? Poder\u00edamos perguntar-nos assim, atrav\u00e9s da leitura ou audi\u00e7\u00e3o dos versos de Joaquim Gouveia. S\u00e3o palavras-sons, as que formam estes poemas lidos ou ditos na cad\u00eancia de variadas melodias carregadas de imagens. Assim \u00e9 a M\u00fasica, assim \u00e9 a Poesia, duas das mais belas e sedutoras express\u00f5es art\u00edsticas e comunicantes criadas pelo esp\u00edrito humano, desde o princ\u00edpio de todas as coisas. E o autor n\u00e3o foge \u00e0 regra. O poeta sabe estar no terreno da grande poesia sempre que o deseja. Provam-no alguns destes versos descritivos, polifacetados, com um claro programa inspirador, aqui e ali ainda provocat\u00f3rio, como \u00e9 exemplo, o \u201cAn\u00fancio\u201d de \u201cum apartamento para alugar \/ com vista para o meu amor\u201d... ou na contrapont\u00edstica e bel\u00edssima ode \u00e0 \u201cLuz\u201d (ou a um certo grande amor?): \u201cE mostrando-me o c\u00e9u a noite e o dia \/ a for\u00e7a dos mares dos ventos se elevou \/ como que dizendo que a luz que mais nos alumia \/ \u00e9 a for\u00e7a que em cada dia em luz se transformou\u201d.\" \/>\n<meta property=\"og:url\" content=\"https:\/\/bookhut.pt\/en\/produto\/toda-a-poesia-e-uma-cancao\/\" \/>\n<meta property=\"og:site_name\" content=\"Book Hut Editores\" \/>\n<meta property=\"article:publisher\" content=\"https:\/\/www.facebook.com\/thebookhuteditora\/\" \/>\n<meta property=\"article:modified_time\" content=\"2023-01-23T10:08:36+00:00\" \/>\n<meta property=\"og:image\" content=\"https:\/\/bookhut.pt\/wp-content\/uploads\/2023\/01\/CAPA-TODA-A-POESIA-E-UMA-CANCAO.jpg\" \/>\n\t<meta property=\"og:image:width\" content=\"945\" \/>\n\t<meta property=\"og:image:height\" content=\"1359\" \/>\n<meta name=\"twitter:card\" content=\"summary_large_image\" \/>\n<meta name=\"twitter:site\" content=\"@bookhut_editora\" \/>\n<meta name=\"twitter:label1\" content=\"Est. reading time\">\n\t<meta name=\"twitter:data1\" content=\"1 minute\">\n<script type=\"application\/ld+json\" class=\"yoast-schema-graph\">{\"@context\":\"https:\/\/schema.org\",\"@graph\":[{\"@type\":\"WebSite\",\"@id\":\"https:\/\/bookhut.pt\/#website\",\"url\":\"https:\/\/bookhut.pt\/\",\"name\":\"Book Hut Editores\",\"description\":\"\",\"potentialAction\":[{\"@type\":\"SearchAction\",\"target\":\"https:\/\/bookhut.pt\/?s={search_term_string}\",\"query-input\":\"required name=search_term_string\"}],\"inLanguage\":\"en-US\"},{\"@type\":\"ImageObject\",\"@id\":\"https:\/\/bookhut.pt\/en\/produto\/toda-a-poesia-e-uma-cancao\/#primaryimage\",\"inLanguage\":\"en-US\",\"url\":\"https:\/\/bookhut.pt\/wp-content\/uploads\/2023\/01\/CAPA-TODA-A-POESIA-E-UMA-CANCAO.jpg\",\"width\":945,\"height\":1359,\"caption\":\"Toda a poesia \\u00e9 uma can\\u00e7\\u00e3o\"},{\"@type\":\"WebPage\",\"@id\":\"https:\/\/bookhut.pt\/en\/produto\/toda-a-poesia-e-uma-cancao\/#webpage\",\"url\":\"https:\/\/bookhut.pt\/en\/produto\/toda-a-poesia-e-uma-cancao\/\",\"name\":\"Toda a Poesia \\u00e9 Uma Can\\u00e7\\u00e3o - Book Hut Editores\",\"isPartOf\":{\"@id\":\"https:\/\/bookhut.pt\/#website\"},\"primaryImageOfPage\":{\"@id\":\"https:\/\/bookhut.pt\/en\/produto\/toda-a-poesia-e-uma-cancao\/#primaryimage\"},\"datePublished\":\"2023-01-16T20:45:18+00:00\",\"dateModified\":\"2023-01-23T10:08:36+00:00\",\"description\":\"M\\u00fasica ou Poesia? Poder\\u00edamos perguntar-nos assim, atrav\\u00e9s da leitura ou audi\\u00e7\\u00e3o dos versos de Joaquim Gouveia. S\\u00e3o palavras-sons, as que formam estes poemas lidos ou ditos na cad\\u00eancia de variadas melodias carregadas de imagens. Assim \\u00e9 a M\\u00fasica, assim \\u00e9 a Poesia, duas das mais belas e sedutoras express\\u00f5es art\\u00edsticas e comunicantes criadas pelo esp\\u00edrito humano, desde o princ\\u00edpio de todas as coisas. E o autor n\\u00e3o foge \\u00e0 regra. O poeta sabe estar no terreno da grande poesia sempre que o deseja. Provam-no alguns destes versos descritivos, polifacetados, com um claro programa inspirador, aqui e ali ainda provocat\\u00f3rio, como \\u00e9 exemplo, o \\u201cAn\\u00fancio\\u201d de \\u201cum apartamento para alugar \/ com vista para o meu amor\\u201d... ou na contrapont\\u00edstica e bel\\u00edssima ode \\u00e0 \\u201cLuz\\u201d (ou a um certo grande amor?): \\u201cE mostrando-me o c\\u00e9u a noite e o dia \/ a for\\u00e7a dos mares dos ventos se elevou \/ como que dizendo que a luz que mais nos alumia \/ \\u00e9 a for\\u00e7a que em cada dia em luz se transformou\\u201d.\",\"inLanguage\":\"en-US\",\"potentialAction\":[{\"@type\":\"ReadAction\",\"target\":[\"https:\/\/bookhut.pt\/en\/produto\/toda-a-poesia-e-uma-cancao\/\"]}]}]}<\/script>\n<!-- \/ Yoast SEO plugin. -->","_links":{"self":[{"href":"https:\/\/bookhut.pt\/en\/wp-json\/wp\/v2\/product\/5064"}],"collection":[{"href":"https:\/\/bookhut.pt\/en\/wp-json\/wp\/v2\/product"}],"about":[{"href":"https:\/\/bookhut.pt\/en\/wp-json\/wp\/v2\/types\/product"}],"wp:featuredmedia":[{"embeddable":true,"href":"https:\/\/bookhut.pt\/en\/wp-json\/wp\/v2\/media\/5065"}],"wp:attachment":[{"href":"https:\/\/bookhut.pt\/en\/wp-json\/wp\/v2\/media?parent=5064"}],"curies":[{"name":"wp","href":"https:\/\/api.w.org\/{rel}","templated":true}]}}