{"id":4981,"date":"2022-07-05T18:35:43","date_gmt":"2022-07-05T18:35:43","guid":{"rendered":"https:\/\/bookhut.pt\/?post_type=product&#038;p=4981"},"modified":"2022-07-07T14:11:21","modified_gmt":"2022-07-07T14:11:21","slug":"a-tertulia-da-rua-do-comercio","status":"publish","type":"product","link":"https:\/\/bookhut.pt\/en\/produto\/a-tertulia-da-rua-do-comercio\/","title":{"rendered":"A Tert\u00falia da Rua do Com\u00e9rcio"},"content":{"rendered":"<p>[vc_row][vc_column][vc_column_text]<\/p>\n<p style=\"font-weight: 400;\">O com\u00e9rcio fez cidades.<br \/>\n\u00c9 central onde s\u00e3o vivas as intera\u00e7\u00f5es humanas.<br \/>\nAssim o veem e tamb\u00e9m eles fazem cidade os personagens de 10 contos ou cap\u00edtulos de uma hist\u00f3ria de final feliz que nos prop\u00f5em uma reflex\u00e3o sobre o que temos e o que queremos.<br \/>\nEm conversas ligeiras e bem-dispostas, o centro de cidades mais pequenas e o espa\u00e7o de vizinhan\u00e7a nascidades de todos os tamanhos s\u00e3o a alma deste livro. Nas suas p\u00e1ginas, o com\u00e9rcio, os servi\u00e7os de proximidade e as tradi\u00e7\u00f5es surgem ainda como construtores de diver- sidade e de complexidade. Construtores que, registe-se, souberam resistir \u2013 como puderam \u2013, completando a oferta dos centros comerciais, e se reinventam hoje, em tempos de massifica\u00e7\u00e3o da compra digital, mas tamb\u00e9m de valoriza\u00e7\u00e3o do que distingue o que \u00e9 diferentedo que existe em todo o lado.<\/p>\n<p style=\"font-weight: 400;\">\u201cA Tert\u00falia da Rua do Com\u00e9rcio\u201d fala-nos de uma rua com com\u00e9rcio (ou de com\u00e9rcio\u2026) em tempos demudan\u00e7a e de novos h\u00e1bitos de consumo.<br \/>\nJo\u00e3o Barreta constr\u00f3i uma narrativa inspirada, inteligente, ir\u00f3nica, onde coabitam os \u201ctertulianos\u201d de d\u00e9cadas e os \u201cfranchisados\u201d de marcas mais recentes.<br \/>\n<span style=\"font-weight: 400;\">Um olhar estimulante sobre a import\u00e2ncia do com\u00e9rcio de proximidade, da diversidade comercial, do com\u00e9rcio tradicional,marcado por uma saborosa nostalgia, mas tamb\u00e9m pela capacidade permanente de se reinventar, de valorizar a diferen\u00e7a e de enriquecer os centros urbanos. Oportuno \u00e9 obrigat\u00f3rio.<\/span><\/p>\n<p>[\/vc_column_text][\/vc_column][\/vc_row]<\/p>\n","protected":false},"excerpt":{"rendered":"<p style=\"font-weight: 400;\">O com\u00e9rcio fez cidades.<br \/>\n\u00c9 central onde s\u00e3o vivas as intera\u00e7\u00f5es humanas.<br \/>\nAssim o veem e tamb\u00e9m eles fazem cidade os personagens de 10 contos ou cap\u00edtulos de uma hist\u00f3ria de final feliz que nos prop\u00f5em uma reflex\u00e3o sobre o que temos e o que queremos.<br \/>\nEm conversas ligeiras e bem-dispostas, o centro de cidades mais pequenas e o espa\u00e7o de vizinhan\u00e7a nascidades de todos os tamanhos s\u00e3o a alma deste livro. Nas suas p\u00e1ginas, o com\u00e9rcio, os servi\u00e7os de proximidade e as tradi\u00e7\u00f5es surgem ainda como construtores de diver- sidade e de complexidade. Construtores que, registe-se, souberam resistir \u2013 como puderam \u2013, completando a oferta dos centros comerciais, e se reinventam hoje, em tempos de massifica\u00e7\u00e3o da compra digital, mas tamb\u00e9m de valoriza\u00e7\u00e3o do que distingue o que \u00e9 diferentedo que existe em todo o lado.<\/p>\n<p style=\"font-weight: 400;\">\u201cA Tert\u00falia da Rua do Com\u00e9rcio\u201d fala-nos de uma rua com com\u00e9rcio (ou de com\u00e9rcio\u2026) em tempos demudan\u00e7a e de novos h\u00e1bitos de consumo.<br \/>\nJo\u00e3o Barreta constr\u00f3i uma narrativa inspirada, inteligente, ir\u00f3nica, onde coabitam os \u201ctertulianos\u201d de d\u00e9cadas e os \u201cfranchisados\u201d de marcas mais recentes.<br \/>\n<span style=\"font-weight: 400;\">Um olhar estimulante sobre a import\u00e2ncia do com\u00e9rcio de proximidade, da diversidade comercial, do com\u00e9rcio tradicional,marcado por uma saborosa nostalgia, mas tamb\u00e9m pela capacidade permanente de se reinventar, de valorizar a diferen\u00e7a e de enriquecer os centros urbanos. Oportuno \u00e9 obrigat\u00f3rio.<\/span><\/p>\n","protected":false},"featured_media":4971,"template":"","meta":[],"yoast_head":"<!-- This site is optimized with the Yoast SEO plugin v15.6 - https:\/\/yoast.com\/wordpress\/plugins\/seo\/ -->\n<title>A Tert\u00falia da Rua do Com\u00e9rcio - Book Hut Editores<\/title>\n<meta name=\"description\" content=\"O com\u00e9rcio fez cidades. \u00c9 central onde s\u00e3o vivas as intera\u00e7\u00f5es humanas.Assim o veem e tamb\u00e9m eles fazem cidade os personagens de 10 contos ou cap\u00edtulos de uma hist\u00f3ria de final feliz que nos prop\u00f5em uma reflex\u00e3o sobre o que temos e o que queremos. Em conversas ligeiras e bem-dispostas, o centro de cidades mais pequenas e o espa\u00e7o de vizinhan\u00e7a nascidades de todos os tamanhos s\u00e3o a alma deste livro. Nas suas p\u00e1ginas, o com\u00e9rcio, os servi\u00e7os de proximidade e as tradi\u00e7\u00f5es surgem ainda como construtores de diver- sidade e de complexidade. Construtores que, registe-se, souberam resistir \u2013 como puderam \u2013, completando a oferta dos centros comerciais, e se reinventam hoje, em tempos de massifica\u00e7\u00e3o da compra digital, mas tamb\u00e9m de valoriza\u00e7\u00e3o do que distingue o que \u00e9 diferentedo que existe em todo o lado. \u201cA Tert\u00falia da Rua do Com\u00e9rcio\u201d fala-nos de uma rua com com\u00e9rcio (ou de com\u00e9rcio\u2026) em tempos demudan\u00e7a e de novos h\u00e1bitos de consumo.Jo\u00e3o Barreta constr\u00f3i uma narrativa inspirada, inteligente, ir\u00f3nica, onde coabitam os \u201ctertulianos\u201d de d\u00e9cadas e os \u201cfranchisados\u201d de marcas mais recentes.Um olhar estimulante sobre a import\u00e2ncia do com\u00e9rcio de proximidade, da diversidade comercial, do com\u00e9rcio tradicional,marcado por uma saborosa nostalgia, mas tamb\u00e9m pela capacidade permanente de se reinventar, de valorizar a diferen\u00e7a e de enriquecer os centros urbanos. Oportuno \u00e9 obrigat\u00f3rio.\" \/>\n<meta name=\"robots\" content=\"index, follow, max-snippet:-1, max-image-preview:large, max-video-preview:-1\" \/>\n<link rel=\"canonical\" href=\"https:\/\/bookhut.pt\/en\/produto\/a-tertulia-da-rua-do-comercio\/\" \/>\n<meta property=\"og:locale\" content=\"en_US\" \/>\n<meta property=\"og:type\" content=\"article\" \/>\n<meta property=\"og:title\" content=\"A Tert\u00falia da Rua do Com\u00e9rcio - Book Hut Editores\" \/>\n<meta property=\"og:description\" content=\"O com\u00e9rcio fez cidades. \u00c9 central onde s\u00e3o vivas as intera\u00e7\u00f5es humanas.Assim o veem e tamb\u00e9m eles fazem cidade os personagens de 10 contos ou cap\u00edtulos de uma hist\u00f3ria de final feliz que nos prop\u00f5em uma reflex\u00e3o sobre o que temos e o que queremos. Em conversas ligeiras e bem-dispostas, o centro de cidades mais pequenas e o espa\u00e7o de vizinhan\u00e7a nascidades de todos os tamanhos s\u00e3o a alma deste livro. Nas suas p\u00e1ginas, o com\u00e9rcio, os servi\u00e7os de proximidade e as tradi\u00e7\u00f5es surgem ainda como construtores de diver- sidade e de complexidade. Construtores que, registe-se, souberam resistir \u2013 como puderam \u2013, completando a oferta dos centros comerciais, e se reinventam hoje, em tempos de massifica\u00e7\u00e3o da compra digital, mas tamb\u00e9m de valoriza\u00e7\u00e3o do que distingue o que \u00e9 diferentedo que existe em todo o lado. \u201cA Tert\u00falia da Rua do Com\u00e9rcio\u201d fala-nos de uma rua com com\u00e9rcio (ou de com\u00e9rcio\u2026) em tempos demudan\u00e7a e de novos h\u00e1bitos de consumo.Jo\u00e3o Barreta constr\u00f3i uma narrativa inspirada, inteligente, ir\u00f3nica, onde coabitam os \u201ctertulianos\u201d de d\u00e9cadas e os \u201cfranchisados\u201d de marcas mais recentes.Um olhar estimulante sobre a import\u00e2ncia do com\u00e9rcio de proximidade, da diversidade comercial, do com\u00e9rcio tradicional,marcado por uma saborosa nostalgia, mas tamb\u00e9m pela capacidade permanente de se reinventar, de valorizar a diferen\u00e7a e de enriquecer os centros urbanos. Oportuno \u00e9 obrigat\u00f3rio.\" \/>\n<meta property=\"og:url\" content=\"https:\/\/bookhut.pt\/en\/produto\/a-tertulia-da-rua-do-comercio\/\" \/>\n<meta property=\"og:site_name\" content=\"Book Hut Editores\" \/>\n<meta property=\"article:publisher\" content=\"https:\/\/www.facebook.com\/thebookhuteditora\/\" \/>\n<meta property=\"article:modified_time\" content=\"2022-07-07T14:11:21+00:00\" \/>\n<meta property=\"og:image\" content=\"https:\/\/bookhut.pt\/wp-content\/uploads\/2021\/10\/Tertulia.003.jpeg\" \/>\n\t<meta property=\"og:image:width\" content=\"679\" \/>\n\t<meta property=\"og:image:height\" content=\"1090\" \/>\n<meta name=\"twitter:card\" content=\"summary_large_image\" \/>\n<meta name=\"twitter:site\" content=\"@bookhut_editora\" \/>\n<meta name=\"twitter:label1\" content=\"Est. reading time\">\n\t<meta name=\"twitter:data1\" content=\"1 minute\">\n<script type=\"application\/ld+json\" class=\"yoast-schema-graph\">{\"@context\":\"https:\/\/schema.org\",\"@graph\":[{\"@type\":\"WebSite\",\"@id\":\"https:\/\/bookhut.pt\/#website\",\"url\":\"https:\/\/bookhut.pt\/\",\"name\":\"Book Hut Editores\",\"description\":\"\",\"potentialAction\":[{\"@type\":\"SearchAction\",\"target\":\"https:\/\/bookhut.pt\/?s={search_term_string}\",\"query-input\":\"required name=search_term_string\"}],\"inLanguage\":\"en-US\"},{\"@type\":\"ImageObject\",\"@id\":\"https:\/\/bookhut.pt\/en\/produto\/a-tertulia-da-rua-do-comercio\/#primaryimage\",\"inLanguage\":\"en-US\",\"url\":\"https:\/\/bookhut.pt\/wp-content\/uploads\/2021\/10\/Tertulia.003.jpeg\",\"width\":679,\"height\":1090,\"caption\":\"A Tert\\u00falia da Rua do Com\\u00e9rcio\"},{\"@type\":\"WebPage\",\"@id\":\"https:\/\/bookhut.pt\/en\/produto\/a-tertulia-da-rua-do-comercio\/#webpage\",\"url\":\"https:\/\/bookhut.pt\/en\/produto\/a-tertulia-da-rua-do-comercio\/\",\"name\":\"A Tert\\u00falia da Rua do Com\\u00e9rcio - Book Hut Editores\",\"isPartOf\":{\"@id\":\"https:\/\/bookhut.pt\/#website\"},\"primaryImageOfPage\":{\"@id\":\"https:\/\/bookhut.pt\/en\/produto\/a-tertulia-da-rua-do-comercio\/#primaryimage\"},\"datePublished\":\"2022-07-05T18:35:43+00:00\",\"dateModified\":\"2022-07-07T14:11:21+00:00\",\"description\":\"O com\\u00e9rcio fez cidades. \\u00c9 central onde s\\u00e3o vivas as intera\\u00e7\\u00f5es humanas.Assim o veem e tamb\\u00e9m eles fazem cidade os personagens de 10 contos ou cap\\u00edtulos de uma hist\\u00f3ria de final feliz que nos prop\\u00f5em uma reflex\\u00e3o sobre o que temos e o que queremos. Em conversas ligeiras e bem-dispostas, o centro de cidades mais pequenas e o espa\\u00e7o de vizinhan\\u00e7a nascidades de todos os tamanhos s\\u00e3o a alma deste livro. Nas suas p\\u00e1ginas, o com\\u00e9rcio, os servi\\u00e7os de proximidade e as tradi\\u00e7\\u00f5es surgem ainda como construtores de diver- sidade e de complexidade. Construtores que, registe-se, souberam resistir \\u2013 como puderam \\u2013, completando a oferta dos centros comerciais, e se reinventam hoje, em tempos de massifica\\u00e7\\u00e3o da compra digital, mas tamb\\u00e9m de valoriza\\u00e7\\u00e3o do que distingue o que \\u00e9 diferentedo que existe em todo o lado. \\u201cA Tert\\u00falia da Rua do Com\\u00e9rcio\\u201d fala-nos de uma rua com com\\u00e9rcio (ou de com\\u00e9rcio\\u2026) em tempos demudan\\u00e7a e de novos h\\u00e1bitos de consumo.Jo\\u00e3o Barreta constr\\u00f3i uma narrativa inspirada, inteligente, ir\\u00f3nica, onde coabitam os \\u201ctertulianos\\u201d de d\\u00e9cadas e os \\u201cfranchisados\\u201d de marcas mais recentes.Um olhar estimulante sobre a import\\u00e2ncia do com\\u00e9rcio de proximidade, da diversidade comercial, do com\\u00e9rcio tradicional,marcado por uma saborosa nostalgia, mas tamb\\u00e9m pela capacidade permanente de se reinventar, de valorizar a diferen\\u00e7a e de enriquecer os centros urbanos. Oportuno \\u00e9 obrigat\\u00f3rio.\",\"inLanguage\":\"en-US\",\"potentialAction\":[{\"@type\":\"ReadAction\",\"target\":[\"https:\/\/bookhut.pt\/en\/produto\/a-tertulia-da-rua-do-comercio\/\"]}]}]}<\/script>\n<!-- \/ Yoast SEO plugin. -->","_links":{"self":[{"href":"https:\/\/bookhut.pt\/en\/wp-json\/wp\/v2\/product\/4981"}],"collection":[{"href":"https:\/\/bookhut.pt\/en\/wp-json\/wp\/v2\/product"}],"about":[{"href":"https:\/\/bookhut.pt\/en\/wp-json\/wp\/v2\/types\/product"}],"wp:featuredmedia":[{"embeddable":true,"href":"https:\/\/bookhut.pt\/en\/wp-json\/wp\/v2\/media\/4971"}],"wp:attachment":[{"href":"https:\/\/bookhut.pt\/en\/wp-json\/wp\/v2\/media?parent=4981"}],"curies":[{"name":"wp","href":"https:\/\/api.w.org\/{rel}","templated":true}]}}