{"id":4980,"date":"2022-07-05T18:22:03","date_gmt":"2022-07-05T18:22:03","guid":{"rendered":"https:\/\/bookhut.pt\/?post_type=product&#038;p=4980"},"modified":"2022-07-07T14:13:18","modified_gmt":"2022-07-07T14:13:18","slug":"a-intemperie","status":"publish","type":"product","link":"https:\/\/bookhut.pt\/en\/produto\/a-intemperie\/","title":{"rendered":"A Intemp\u00e9rie"},"content":{"rendered":"<p>[vc_row][vc_column][vc_column_text]<b><span class=\"Apple-converted-space\">\u00a0<\/span><\/b><b>Jo\u00e3o<span class=\"Apple-converted-space\"><br \/>\n<\/span><\/b>Gostei de ti, como se gosta da pr\u00f3pria vida. Agora \u00e9 tarde. J\u00e1 n\u00e3o te amo. \u00c9 tarde. Estou morto.<span class=\"Apple-converted-space\"><br \/>\n<\/span>\u00c9 tarde porque te bati. \u00c9 tarde porque te empurrei contra um arm\u00e1rio. \u00c9 tarde porque te agarrei pelo pesco\u00e7o. \u00c9 tarde porque encostei a tua cabe\u00e7a \u00e0 parede. \u00c9 tarde porque depois disso tudo, j\u00e1 n\u00e3o se pode falar de amor. Jamais.<span class=\"Apple-converted-space\">\u00a0<\/span><\/p>\n<p><b>L\u00eddia<span class=\"Apple-converted-space\"><br \/>\n<\/span><\/b>A porta que se abre. O medo que regressa. A incerteza que me atormenta. Sonho que tudo n\u00e3o passou de obra maliciosa do vento, a intemp\u00e9rie que obrigou a porta a gemer. O ranger da porta deixa-me em estado de alerta como o soldado \u00e0 espera do tiro fatal.<span class=\"Apple-converted-space\"><br \/>\n<\/span>Se pudesse rogaria a Deus \u2013 se Deus me ouvisse! &#8211; Se Deus se manifestasse! &#8211; Se Deus existisse! &#8211; para que fosse qualquer pessoa exceto tu.<span class=\"Apple-converted-space\">\u00a0<\/span>[\/vc_column_text][\/vc_column][\/vc_row]<\/p>\n","protected":false},"excerpt":{"rendered":"<p><b><span class=\"Apple-converted-space\">\u00a0<\/span><\/b><b>Jo\u00e3o<span class=\"Apple-converted-space\">\u00a0<\/span><\/b><\/p>\n<p>Gostei de ti, como se gosta da pr\u00f3pria vida. Agora \u00e9 tarde. J\u00e1 n\u00e3o te amo. \u00c9 tarde. Estou morto.<span class=\"Apple-converted-space\">\u00a0<\/span><\/p>\n<p>\u00c9 tarde porque te bati. \u00c9 tarde porque te empurrei contra um arm\u00e1rio. \u00c9 tarde porque te agarrei pelo pesco\u00e7o. \u00c9 tarde porque encostei a tua cabe\u00e7a \u00e0 parede. \u00c9 tarde porque depois disso tudo, j\u00e1 n\u00e3o se pode falar de amor. Jamais.<span class=\"Apple-converted-space\">\u00a0<\/span><\/p>\n<p><b>L\u00eddia<span class=\"Apple-converted-space\">\u00a0<\/span><\/b><\/p>\n<p>A porta que se abre. O medo que regressa. A incerteza que me atormenta. Sonho que tudo n\u00e3o passou de obra maliciosa do vento, a intemp\u00e9rie que obrigou a porta a gemer. O ranger da porta deixa-me em estado de alerta como o soldado \u00e0 espera do tiro fatal.<span class=\"Apple-converted-space\">\u00a0<\/span><\/p>\n<p>Se pudesse rogaria a Deus \u2013 se Deus me ouvisse! &#8211; Se Deus se manifestasse! &#8211; Se Deus existisse! &#8211; para que fosse qualquer pessoa exceto tu.<span class=\"Apple-converted-space\">\u00a0<\/span><\/p>\n","protected":false},"featured_media":4963,"template":"","meta":[],"yoast_head":"<!-- This site is optimized with the Yoast SEO plugin v15.6 - https:\/\/yoast.com\/wordpress\/plugins\/seo\/ -->\n<title>A Intemp\u00e9rie - Book Hut Editores<\/title>\n<meta name=\"description\" content=\"JO\u00c3O Gostei de ti, como se gosta da pr\u00f3pria vida.Agora \u00e9 tarde. J\u00e1 n\u00e3o te amo. \u00c9 tarde. Estoumorto.\u00c9 tarde porque te bati. \u00c9 tarde porquete empurrei contra um arm\u00e1rio. \u00c9 tardeporquete agarrei pelo pesco\u00e7o. \u00c9 tardeporque encosteia tua cabe\u00e7a \u00e0 parede. \u00c9tarde porquedepois dissotudo, j\u00e1 n\u00e3o sepode falar de amor. Jamais. L\u00cdDIA A porta que se abre. O medo que regressa.A incerteza que me atormenta. Sonho quetudo n\u00e3o passou de obra maliciosa dovento,a intemp\u00e9rie que obrigou a portaa gemer. O ranger da porta deixa-me emestadode alerta como o soldado \u00e0 esperado tiro fatal.Se pudesse rogaria a Deus \u2013 se Deus meouvisse! - Se Deus se manifestasse! - SeDeus existisse! - para que fosse qualquerpessoa exceto tu.\" \/>\n<meta name=\"robots\" content=\"index, follow, max-snippet:-1, max-image-preview:large, max-video-preview:-1\" \/>\n<link rel=\"canonical\" href=\"https:\/\/bookhut.pt\/en\/produto\/a-intemperie\/\" \/>\n<meta property=\"og:locale\" content=\"en_US\" \/>\n<meta property=\"og:type\" content=\"article\" \/>\n<meta property=\"og:title\" content=\"A Intemp\u00e9rie - Book Hut Editores\" \/>\n<meta property=\"og:description\" content=\"JO\u00c3O Gostei de ti, como se gosta da pr\u00f3pria vida.Agora \u00e9 tarde. J\u00e1 n\u00e3o te amo. \u00c9 tarde. Estoumorto.\u00c9 tarde porque te bati. \u00c9 tarde porquete empurrei contra um arm\u00e1rio. \u00c9 tardeporquete agarrei pelo pesco\u00e7o. \u00c9 tardeporque encosteia tua cabe\u00e7a \u00e0 parede. \u00c9tarde porquedepois dissotudo, j\u00e1 n\u00e3o sepode falar de amor. Jamais. L\u00cdDIA A porta que se abre. O medo que regressa.A incerteza que me atormenta. Sonho quetudo n\u00e3o passou de obra maliciosa dovento,a intemp\u00e9rie que obrigou a portaa gemer. O ranger da porta deixa-me emestadode alerta como o soldado \u00e0 esperado tiro fatal.Se pudesse rogaria a Deus \u2013 se Deus meouvisse! - Se Deus se manifestasse! - SeDeus existisse! - para que fosse qualquerpessoa exceto tu.\" \/>\n<meta property=\"og:url\" content=\"https:\/\/bookhut.pt\/en\/produto\/a-intemperie\/\" \/>\n<meta property=\"og:site_name\" content=\"Book Hut Editores\" \/>\n<meta property=\"article:publisher\" content=\"https:\/\/www.facebook.com\/thebookhuteditora\/\" \/>\n<meta property=\"article:modified_time\" content=\"2022-07-07T14:13:18+00:00\" \/>\n<meta property=\"og:image\" content=\"https:\/\/bookhut.pt\/wp-content\/uploads\/2021\/10\/Intemperie.004.jpeg\" \/>\n\t<meta property=\"og:image:width\" content=\"679\" \/>\n\t<meta property=\"og:image:height\" content=\"1090\" \/>\n<meta name=\"twitter:card\" content=\"summary_large_image\" \/>\n<meta name=\"twitter:site\" content=\"@bookhut_editora\" \/>\n<meta name=\"twitter:label1\" content=\"Est. reading time\">\n\t<meta name=\"twitter:data1\" content=\"1 minute\">\n<script type=\"application\/ld+json\" class=\"yoast-schema-graph\">{\"@context\":\"https:\/\/schema.org\",\"@graph\":[{\"@type\":\"WebSite\",\"@id\":\"https:\/\/bookhut.pt\/#website\",\"url\":\"https:\/\/bookhut.pt\/\",\"name\":\"Book Hut Editores\",\"description\":\"\",\"potentialAction\":[{\"@type\":\"SearchAction\",\"target\":\"https:\/\/bookhut.pt\/?s={search_term_string}\",\"query-input\":\"required name=search_term_string\"}],\"inLanguage\":\"en-US\"},{\"@type\":\"ImageObject\",\"@id\":\"https:\/\/bookhut.pt\/en\/produto\/a-intemperie\/#primaryimage\",\"inLanguage\":\"en-US\",\"url\":\"https:\/\/bookhut.pt\/wp-content\/uploads\/2021\/10\/Intemperie.004.jpeg\",\"width\":679,\"height\":1090,\"caption\":\"A Intemp\\u00e9rie\"},{\"@type\":\"WebPage\",\"@id\":\"https:\/\/bookhut.pt\/en\/produto\/a-intemperie\/#webpage\",\"url\":\"https:\/\/bookhut.pt\/en\/produto\/a-intemperie\/\",\"name\":\"A Intemp\\u00e9rie - Book Hut Editores\",\"isPartOf\":{\"@id\":\"https:\/\/bookhut.pt\/#website\"},\"primaryImageOfPage\":{\"@id\":\"https:\/\/bookhut.pt\/en\/produto\/a-intemperie\/#primaryimage\"},\"datePublished\":\"2022-07-05T18:22:03+00:00\",\"dateModified\":\"2022-07-07T14:13:18+00:00\",\"description\":\"JO\\u00c3O Gostei de ti, como se gosta da pr\\u00f3pria vida.Agora \\u00e9 tarde. J\\u00e1 n\\u00e3o te amo. \\u00c9 tarde. Estoumorto.\\u00c9 tarde porque te bati. \\u00c9 tarde porquete empurrei contra um arm\\u00e1rio. \\u00c9 tardeporquete agarrei pelo pesco\\u00e7o. \\u00c9 tardeporque encosteia tua cabe\\u00e7a \\u00e0 parede. \\u00c9tarde porquedepois dissotudo, j\\u00e1 n\\u00e3o sepode falar de amor. Jamais. L\\u00cdDIA A porta que se abre. O medo que regressa.A incerteza que me atormenta. Sonho quetudo n\\u00e3o passou de obra maliciosa dovento,a intemp\\u00e9rie que obrigou a portaa gemer. O ranger da porta deixa-me emestadode alerta como o soldado \\u00e0 esperado tiro fatal.Se pudesse rogaria a Deus \\u2013 se Deus meouvisse! - Se Deus se manifestasse! - SeDeus existisse! - para que fosse qualquerpessoa exceto tu.\",\"inLanguage\":\"en-US\",\"potentialAction\":[{\"@type\":\"ReadAction\",\"target\":[\"https:\/\/bookhut.pt\/en\/produto\/a-intemperie\/\"]}]}]}<\/script>\n<!-- \/ Yoast SEO plugin. -->","_links":{"self":[{"href":"https:\/\/bookhut.pt\/en\/wp-json\/wp\/v2\/product\/4980"}],"collection":[{"href":"https:\/\/bookhut.pt\/en\/wp-json\/wp\/v2\/product"}],"about":[{"href":"https:\/\/bookhut.pt\/en\/wp-json\/wp\/v2\/types\/product"}],"wp:featuredmedia":[{"embeddable":true,"href":"https:\/\/bookhut.pt\/en\/wp-json\/wp\/v2\/media\/4963"}],"wp:attachment":[{"href":"https:\/\/bookhut.pt\/en\/wp-json\/wp\/v2\/media?parent=4980"}],"curies":[{"name":"wp","href":"https:\/\/api.w.org\/{rel}","templated":true}]}}