{"id":4693,"date":"2019-12-03T10:58:36","date_gmt":"2019-12-03T10:58:36","guid":{"rendered":"https:\/\/bookhut.pt\/produto\/watercolour-in-portuguese-art\/"},"modified":"2021-01-08T11:41:39","modified_gmt":"2021-01-08T11:41:39","slug":"watercolour-in-portuguese-art","status":"publish","type":"product","link":"https:\/\/bookhut.pt\/en\/produto\/watercolour-in-portuguese-art\/","title":{"rendered":"Watercolour in Portuguese Art"},"content":{"rendered":"<p>[vc_row][vc_column][vc_column_text]The book &#8220;Watercolour in Portuguese Art&#8221; aims to trace the course of the pictorial process of watercolour with a chronological scope that goes from the 16th century to the middle of the 20th century. This topic is studied in two complementary ways: the period called &#8220;watercolour background&#8221; (between the 16th and late 18th century) and the period of &#8220;artistic watercolour&#8221; (since the beginning of the 19th century). It is on this line that the reader is asked to learn about different circumstances, going through different areas. The focus of the topic is based on research involving historical and artistic contexts. A study is carried out on the life and work of some of the artists &#8211; who used this technique &#8211; born in the 19th century and whose works contributed to the prestige achieved by watercolour: Ricardo Hogan, D. Carlos de Bragan\u00e7a, Alfredo Roque Gameiro, Alfredo Janu\u00e1rio de Morais, Jo\u00e3o Alves de S\u00e1, Alberto de Sousa, Raquel Roque Gameiro, Helena Roque Game.[\/vc_column_text][\/vc_column][\/vc_row]<\/p>\n","protected":false},"excerpt":{"rendered":"<p>The book &#8220;Watercolour in Portuguese Art&#8221; aims to trace the course of the pictorial process of watercolour with a chronological scope that goes from the 16th century to the middle of the 20th century. This topic is studied in two complementary ways: the period called &#8220;watercolour background&#8221; (between the 16th and late 18th century) and the period of &#8220;artistic watercolour&#8221; (since the beginning of the 19th century). It is on this line that the reader is asked to learn about different circumstances, going through different areas. The focus of the topic is based on research involving historical and artistic contexts. A study is carried out on the life and work of some of the artists &#8211; who used this technique &#8211; born in the 19th century and whose works contributed to the prestige achieved by watercolour: Ricardo Hogan, D. Carlos de Bragan\u00e7a, Alfredo Roque Gameiro, Alfredo Janu\u00e1rio de Morais, Jo\u00e3o Alves de S\u00e1, Alberto de Sousa, Raquel Roque Gameiro, Helena Roque Game.<\/p>\n","protected":false},"featured_media":2155,"template":"","meta":[],"yoast_head":"<!-- This site is optimized with the Yoast SEO plugin v15.6 - https:\/\/yoast.com\/wordpress\/plugins\/seo\/ -->\n<title>Watercolour in Portuguese Art - Book Hut Editores<\/title>\n<meta name=\"robots\" content=\"index, follow, max-snippet:-1, max-image-preview:large, max-video-preview:-1\" \/>\n<link rel=\"canonical\" href=\"https:\/\/bookhut.pt\/en\/produto\/watercolour-in-portuguese-art\/\" \/>\n<meta property=\"og:locale\" content=\"en_US\" \/>\n<meta property=\"og:type\" content=\"article\" \/>\n<meta property=\"og:title\" content=\"Watercolour in Portuguese Art - Book Hut Editores\" \/>\n<meta property=\"og:description\" content=\"The book &quot;Watercolour in Portuguese Art&quot; aims to trace the course of the pictorial process of watercolour with a chronological scope that goes from the 16th century to the middle of the 20th century. This topic is studied in two complementary ways: the period called &quot;watercolour background&quot; (between the 16th and late 18th century) and the period of &quot;artistic watercolour&quot; (since the beginning of the 19th century). It is on this line that the reader is asked to learn about different circumstances, going through different areas. The focus of the topic is based on research involving historical and artistic contexts. A study is carried out on the life and work of some of the artists - who used this technique - born in the 19th century and whose works contributed to the prestige achieved by watercolour: Ricardo Hogan, D. Carlos de Bragan\u00e7a, Alfredo Roque Gameiro, Alfredo Janu\u00e1rio de Morais, Jo\u00e3o Alves de S\u00e1, Alberto de Sousa, Raquel Roque Gameiro, Helena Roque Game.\" \/>\n<meta property=\"og:url\" content=\"https:\/\/bookhut.pt\/en\/produto\/watercolour-in-portuguese-art\/\" \/>\n<meta property=\"og:site_name\" content=\"Book Hut Editores\" \/>\n<meta property=\"article:publisher\" content=\"https:\/\/www.facebook.com\/thebookhuteditora\/\" \/>\n<meta property=\"article:modified_time\" content=\"2021-01-08T11:41:39+00:00\" \/>\n<meta property=\"og:image\" content=\"https:\/\/bookhut.pt\/wp-content\/uploads\/2019\/12\/2008-Capa-AGUARELA-NA-ARTE-PORT.jpg\" \/>\n\t<meta property=\"og:image:width\" content=\"2833\" \/>\n\t<meta property=\"og:image:height\" content=\"3542\" \/>\n<meta name=\"twitter:card\" content=\"summary_large_image\" \/>\n<meta name=\"twitter:site\" content=\"@bookhut_editora\" \/>\n<script type=\"application\/ld+json\" class=\"yoast-schema-graph\">{\"@context\":\"https:\/\/schema.org\",\"@graph\":[{\"@type\":\"WebSite\",\"@id\":\"https:\/\/bookhut.pt\/#website\",\"url\":\"https:\/\/bookhut.pt\/\",\"name\":\"Book Hut Editores\",\"description\":\"\",\"potentialAction\":[{\"@type\":\"SearchAction\",\"target\":\"https:\/\/bookhut.pt\/?s={search_term_string}\",\"query-input\":\"required name=search_term_string\"}],\"inLanguage\":\"en-US\"},{\"@type\":\"ImageObject\",\"@id\":\"https:\/\/bookhut.pt\/en\/produto\/watercolour-in-portuguese-art\/#primaryimage\",\"inLanguage\":\"en-US\",\"url\":\"https:\/\/bookhut.pt\/wp-content\/uploads\/2019\/12\/2008-Capa-AGUARELA-NA-ARTE-PORT.jpg\",\"width\":2833,\"height\":3542},{\"@type\":\"WebPage\",\"@id\":\"https:\/\/bookhut.pt\/en\/produto\/watercolour-in-portuguese-art\/#webpage\",\"url\":\"https:\/\/bookhut.pt\/en\/produto\/watercolour-in-portuguese-art\/\",\"name\":\"Watercolour in Portuguese Art - Book Hut Editores\",\"isPartOf\":{\"@id\":\"https:\/\/bookhut.pt\/#website\"},\"primaryImageOfPage\":{\"@id\":\"https:\/\/bookhut.pt\/en\/produto\/watercolour-in-portuguese-art\/#primaryimage\"},\"datePublished\":\"2019-12-03T10:58:36+00:00\",\"dateModified\":\"2021-01-08T11:41:39+00:00\",\"inLanguage\":\"en-US\",\"potentialAction\":[{\"@type\":\"ReadAction\",\"target\":[\"https:\/\/bookhut.pt\/en\/produto\/watercolour-in-portuguese-art\/\"]}]}]}<\/script>\n<!-- \/ Yoast SEO plugin. -->","_links":{"self":[{"href":"https:\/\/bookhut.pt\/en\/wp-json\/wp\/v2\/product\/4693"}],"collection":[{"href":"https:\/\/bookhut.pt\/en\/wp-json\/wp\/v2\/product"}],"about":[{"href":"https:\/\/bookhut.pt\/en\/wp-json\/wp\/v2\/types\/product"}],"wp:featuredmedia":[{"embeddable":true,"href":"https:\/\/bookhut.pt\/en\/wp-json\/wp\/v2\/media\/2155"}],"wp:attachment":[{"href":"https:\/\/bookhut.pt\/en\/wp-json\/wp\/v2\/media?parent=4693"}],"curies":[{"name":"wp","href":"https:\/\/api.w.org\/{rel}","templated":true}]}}