{"id":4691,"date":"2019-12-03T10:51:41","date_gmt":"2019-12-03T10:51:41","guid":{"rendered":"https:\/\/bookhut.pt\/produto\/medieval-burial-mounds-abbey-of-alcobaca\/"},"modified":"2021-01-08T11:34:14","modified_gmt":"2021-01-08T11:34:14","slug":"medieval-burial-mounds-abbey-of-alcobaca","status":"publish","type":"product","link":"https:\/\/bookhut.pt\/en\/produto\/medieval-burial-mounds-abbey-of-alcobaca\/","title":{"rendered":"Medieval Burial Mounds &#8211; Abbey of Alcoba\u00e7a"},"content":{"rendered":"<p>[vc_row][vc_column][vc_column_text]The medieval burial mounds in Alcoba\u00e7a Convent studied by one of the greatest specialists in the monument. The tombs of Pedro and In\u00eas, curiosities and much more about the burial mound in this Portuguese convent.[\/vc_column_text][\/vc_column][\/vc_row]<\/p>\n","protected":false},"excerpt":{"rendered":"<p>The medieval burial mounds in Alcoba\u00e7a Convent studied by one of the greatest specialists in the monument. The tombs of Pedro and In\u00eas, curiosities and much more about the burial mound in this Portuguese convent.<\/p>\n","protected":false},"featured_media":1817,"template":"","meta":[],"yoast_head":"<!-- This site is optimized with the Yoast SEO plugin v15.6 - https:\/\/yoast.com\/wordpress\/plugins\/seo\/ -->\n<title>Medieval Burial Mounds - Abbey of Alcoba\u00e7a - Book Hut Editores<\/title>\n<meta name=\"robots\" content=\"index, follow, max-snippet:-1, max-image-preview:large, max-video-preview:-1\" \/>\n<link rel=\"canonical\" href=\"https:\/\/bookhut.pt\/en\/produto\/medieval-burial-mounds-abbey-of-alcobaca\/\" \/>\n<meta property=\"og:locale\" content=\"en_US\" \/>\n<meta property=\"og:type\" content=\"article\" \/>\n<meta property=\"og:title\" content=\"Medieval Burial Mounds - Abbey of Alcoba\u00e7a - Book Hut Editores\" \/>\n<meta property=\"og:description\" content=\"The medieval burial mounds in Alcoba\u00e7a Convent studied by one of the greatest specialists in the monument. The tombs of Pedro and In\u00eas, curiosities and much more about the burial mound in this Portuguese convent.\" \/>\n<meta property=\"og:url\" content=\"https:\/\/bookhut.pt\/en\/produto\/medieval-burial-mounds-abbey-of-alcobaca\/\" \/>\n<meta property=\"og:site_name\" content=\"Book Hut Editores\" \/>\n<meta property=\"article:publisher\" content=\"https:\/\/www.facebook.com\/thebookhuteditora\/\" \/>\n<meta property=\"article:modified_time\" content=\"2021-01-08T11:34:14+00:00\" \/>\n<meta property=\"og:image\" content=\"https:\/\/bookhut.pt\/wp-content\/uploads\/2019\/12\/CAPA_Tumularia-1.jpg\" \/>\n\t<meta property=\"og:image:width\" content=\"945\" \/>\n\t<meta property=\"og:image:height\" content=\"1307\" \/>\n<meta name=\"twitter:card\" content=\"summary_large_image\" \/>\n<meta name=\"twitter:site\" content=\"@bookhut_editora\" \/>\n<script type=\"application\/ld+json\" class=\"yoast-schema-graph\">{\"@context\":\"https:\/\/schema.org\",\"@graph\":[{\"@type\":\"WebSite\",\"@id\":\"https:\/\/bookhut.pt\/#website\",\"url\":\"https:\/\/bookhut.pt\/\",\"name\":\"Book Hut Editores\",\"description\":\"\",\"potentialAction\":[{\"@type\":\"SearchAction\",\"target\":\"https:\/\/bookhut.pt\/?s={search_term_string}\",\"query-input\":\"required name=search_term_string\"}],\"inLanguage\":\"en-US\"},{\"@type\":\"ImageObject\",\"@id\":\"https:\/\/bookhut.pt\/en\/produto\/medieval-burial-mounds-abbey-of-alcobaca\/#primaryimage\",\"inLanguage\":\"en-US\",\"url\":\"https:\/\/bookhut.pt\/wp-content\/uploads\/2019\/12\/CAPA_Tumularia-1.jpg\",\"width\":945,\"height\":1307},{\"@type\":\"WebPage\",\"@id\":\"https:\/\/bookhut.pt\/en\/produto\/medieval-burial-mounds-abbey-of-alcobaca\/#webpage\",\"url\":\"https:\/\/bookhut.pt\/en\/produto\/medieval-burial-mounds-abbey-of-alcobaca\/\",\"name\":\"Medieval Burial Mounds - Abbey of Alcoba\\u00e7a - Book Hut Editores\",\"isPartOf\":{\"@id\":\"https:\/\/bookhut.pt\/#website\"},\"primaryImageOfPage\":{\"@id\":\"https:\/\/bookhut.pt\/en\/produto\/medieval-burial-mounds-abbey-of-alcobaca\/#primaryimage\"},\"datePublished\":\"2019-12-03T10:51:41+00:00\",\"dateModified\":\"2021-01-08T11:34:14+00:00\",\"inLanguage\":\"en-US\",\"potentialAction\":[{\"@type\":\"ReadAction\",\"target\":[\"https:\/\/bookhut.pt\/en\/produto\/medieval-burial-mounds-abbey-of-alcobaca\/\"]}]}]}<\/script>\n<!-- \/ Yoast SEO plugin. -->","_links":{"self":[{"href":"https:\/\/bookhut.pt\/en\/wp-json\/wp\/v2\/product\/4691"}],"collection":[{"href":"https:\/\/bookhut.pt\/en\/wp-json\/wp\/v2\/product"}],"about":[{"href":"https:\/\/bookhut.pt\/en\/wp-json\/wp\/v2\/types\/product"}],"wp:featuredmedia":[{"embeddable":true,"href":"https:\/\/bookhut.pt\/en\/wp-json\/wp\/v2\/media\/1817"}],"wp:attachment":[{"href":"https:\/\/bookhut.pt\/en\/wp-json\/wp\/v2\/media?parent=4691"}],"curies":[{"name":"wp","href":"https:\/\/api.w.org\/{rel}","templated":true}]}}