{"id":4689,"date":"2019-12-03T10:47:52","date_gmt":"2019-12-03T10:47:52","guid":{"rendered":"https:\/\/bookhut.pt\/produto\/portuguese-crockery-18th-and-19th-centuries\/"},"modified":"2021-01-08T11:31:11","modified_gmt":"2021-01-08T11:31:11","slug":"portuguese-crockery-18th-and-19th-centuries","status":"publish","type":"product","link":"https:\/\/bookhut.pt\/en\/produto\/portuguese-crockery-18th-and-19th-centuries\/","title":{"rendered":"Portuguese Crockery &#8211; 18th and 19th Centuries"},"content":{"rendered":"<p>[vc_row][vc_column][vc_column_text]The Portuguese crockery of the 18th and 19th centuries is a study of what was best produced in crockery in Portugal. Some of the main factories that emerged from the Pombaline Reforms are here widely represented, with special emphasis we can name Real F\u00e1brica do Juncal, Real F\u00e1brica do Cavaquinho of Porto and the production of Domingos Vandelli in Coimbra. According to art historian Vitor Serr\u00e3o, the importance of this book lies in the meaning it has for local heritage, for national culture and for investment in scientific studies related to ceramics.|The author Jorge Pereira de Sampaio is also an art historian and author of the first doctoral thesis in the field of Portuguese ceramic history defended in any Portuguese-speaking country.|Some of this field leading researchers write in this book: Rafael Salinas Calado, Alexandre Nobre Pais, Jo\u00e3o Pedro Monteiro, Margarida Rebelo Correia, Cristina Horta and Jorge Pereira de Sampaio.|The book presents testimonials from three collectors with great knowledge about the collection: Isabel Silveira Godinho (director of the National Palace of Ajuda), ambassador Jos\u00e9 Bouza Serrano (head of State Protocols) and Ana Maria Botelho, in addition to Jos\u00e9 Gon\u00e7alves Sapinho, mayor of Alcoba\u00e7a.|This publication demonstrates the interest that ACD Edi\u00e7\u00f5es has in the dissemination of national heritage and in the decorative arts in particular.[\/vc_column_text][\/vc_column][\/vc_row]<\/p>\n","protected":false},"excerpt":{"rendered":"<p>The Portuguese crockery of the 18th and 19th centuries is a study of what was best produced in crockery in Portugal. Some of the main factories that emerged from the Pombaline Reforms are here widely represented, with special emphasis we can name Real F\u00e1brica do Juncal, Real F\u00e1brica do Cavaquinho of Porto and the production of Domingos Vandelli in Coimbra. According to art historian Vitor Serr\u00e3o, the importance of this book lies in the meaning it has for local heritage, for national culture and for investment in scientific studies related to ceramics.|The author Jorge Pereira de Sampaio is also an art historian and author of the first doctoral thesis in the field of Portuguese ceramic history defended in any Portuguese-speaking country.|Some of this field leading researchers write in this book: Rafael Salinas Calado, Alexandre Nobre Pais, Jo\u00e3o Pedro Monteiro, Margarida Rebelo Correia, Cristina Horta and Jorge Pereira de Sampaio.|The book presents testimonials from three collectors with great knowledge about the collection: Isabel Silveira Godinho (director of the National Palace of Ajuda), ambassador Jos\u00e9 Bouza Serrano (head of State Protocols) and Ana Maria Botelho, in addition to Jos\u00e9 Gon\u00e7alves Sapinho, mayor of Alcoba\u00e7a.|This publication demonstrates the interest that ACD Edi\u00e7\u00f5es has in the dissemination of national heritage and in the decorative arts in particular.<\/p>\n","protected":false},"featured_media":2199,"template":"","meta":[],"yoast_head":"<!-- This site is optimized with the Yoast SEO plugin v15.6 - https:\/\/yoast.com\/wordpress\/plugins\/seo\/ -->\n<title>Portuguese Crockery - 18th and 19th Centuries - Book Hut Editores<\/title>\n<meta name=\"robots\" content=\"index, follow, max-snippet:-1, max-image-preview:large, max-video-preview:-1\" \/>\n<link rel=\"canonical\" href=\"https:\/\/bookhut.pt\/en\/produto\/portuguese-crockery-18th-and-19th-centuries\/\" \/>\n<meta property=\"og:locale\" content=\"en_US\" \/>\n<meta property=\"og:type\" content=\"article\" \/>\n<meta property=\"og:title\" content=\"Portuguese Crockery - 18th and 19th Centuries - Book Hut Editores\" \/>\n<meta property=\"og:description\" content=\"The Portuguese crockery of the 18th and 19th centuries is a study of what was best produced in crockery in Portugal. Some of the main factories that emerged from the Pombaline Reforms are here widely represented, with special emphasis we can name Real F\u00e1brica do Juncal, Real F\u00e1brica do Cavaquinho of Porto and the production of Domingos Vandelli in Coimbra. According to art historian Vitor Serr\u00e3o, the importance of this book lies in the meaning it has for local heritage, for national culture and for investment in scientific studies related to ceramics.|The author Jorge Pereira de Sampaio is also an art historian and author of the first doctoral thesis in the field of Portuguese ceramic history defended in any Portuguese-speaking country.|Some of this field leading researchers write in this book: Rafael Salinas Calado, Alexandre Nobre Pais, Jo\u00e3o Pedro Monteiro, Margarida Rebelo Correia, Cristina Horta and Jorge Pereira de Sampaio.|The book presents testimonials from three collectors with great knowledge about the collection: Isabel Silveira Godinho (director of the National Palace of Ajuda), ambassador Jos\u00e9 Bouza Serrano (head of State Protocols) and Ana Maria Botelho, in addition to Jos\u00e9 Gon\u00e7alves Sapinho, mayor of Alcoba\u00e7a.|This publication demonstrates the interest that ACD Edi\u00e7\u00f5es has in the dissemination of national heritage and in the decorative arts in particular.\" \/>\n<meta property=\"og:url\" content=\"https:\/\/bookhut.pt\/en\/produto\/portuguese-crockery-18th-and-19th-centuries\/\" \/>\n<meta property=\"og:site_name\" content=\"Book Hut Editores\" \/>\n<meta property=\"article:publisher\" content=\"https:\/\/www.facebook.com\/thebookhuteditora\/\" \/>\n<meta property=\"article:modified_time\" content=\"2021-01-08T11:31:11+00:00\" \/>\n<meta property=\"og:image\" content=\"https:\/\/bookhut.pt\/wp-content\/uploads\/2019\/12\/2009-Capa-Faian\u00e7a-Portuguesa.jpg\" \/>\n\t<meta property=\"og:image:width\" content=\"1969\" \/>\n\t<meta property=\"og:image:height\" content=\"2441\" \/>\n<meta name=\"twitter:card\" content=\"summary_large_image\" \/>\n<meta name=\"twitter:site\" content=\"@bookhut_editora\" \/>\n<script type=\"application\/ld+json\" class=\"yoast-schema-graph\">{\"@context\":\"https:\/\/schema.org\",\"@graph\":[{\"@type\":\"WebSite\",\"@id\":\"https:\/\/bookhut.pt\/#website\",\"url\":\"https:\/\/bookhut.pt\/\",\"name\":\"Book Hut Editores\",\"description\":\"\",\"potentialAction\":[{\"@type\":\"SearchAction\",\"target\":\"https:\/\/bookhut.pt\/?s={search_term_string}\",\"query-input\":\"required name=search_term_string\"}],\"inLanguage\":\"en-US\"},{\"@type\":\"ImageObject\",\"@id\":\"https:\/\/bookhut.pt\/en\/produto\/portuguese-crockery-18th-and-19th-centuries\/#primaryimage\",\"inLanguage\":\"en-US\",\"url\":\"https:\/\/bookhut.pt\/wp-content\/uploads\/2019\/12\/2009-Capa-Faian\\u00e7a-Portuguesa.jpg\",\"width\":1969,\"height\":2441},{\"@type\":\"WebPage\",\"@id\":\"https:\/\/bookhut.pt\/en\/produto\/portuguese-crockery-18th-and-19th-centuries\/#webpage\",\"url\":\"https:\/\/bookhut.pt\/en\/produto\/portuguese-crockery-18th-and-19th-centuries\/\",\"name\":\"Portuguese Crockery - 18th and 19th Centuries - Book Hut Editores\",\"isPartOf\":{\"@id\":\"https:\/\/bookhut.pt\/#website\"},\"primaryImageOfPage\":{\"@id\":\"https:\/\/bookhut.pt\/en\/produto\/portuguese-crockery-18th-and-19th-centuries\/#primaryimage\"},\"datePublished\":\"2019-12-03T10:47:52+00:00\",\"dateModified\":\"2021-01-08T11:31:11+00:00\",\"inLanguage\":\"en-US\",\"potentialAction\":[{\"@type\":\"ReadAction\",\"target\":[\"https:\/\/bookhut.pt\/en\/produto\/portuguese-crockery-18th-and-19th-centuries\/\"]}]}]}<\/script>\n<!-- \/ Yoast SEO plugin. -->","_links":{"self":[{"href":"https:\/\/bookhut.pt\/en\/wp-json\/wp\/v2\/product\/4689"}],"collection":[{"href":"https:\/\/bookhut.pt\/en\/wp-json\/wp\/v2\/product"}],"about":[{"href":"https:\/\/bookhut.pt\/en\/wp-json\/wp\/v2\/types\/product"}],"wp:featuredmedia":[{"embeddable":true,"href":"https:\/\/bookhut.pt\/en\/wp-json\/wp\/v2\/media\/2199"}],"wp:attachment":[{"href":"https:\/\/bookhut.pt\/en\/wp-json\/wp\/v2\/media?parent=4689"}],"curies":[{"name":"wp","href":"https:\/\/api.w.org\/{rel}","templated":true}]}}