{"id":4687,"date":"2019-12-03T10:45:35","date_gmt":"2019-12-03T10:45:35","guid":{"rendered":"https:\/\/bookhut.pt\/produto\/santa-maria-de-alcobaca-light-and-stone\/"},"modified":"2021-01-08T11:28:03","modified_gmt":"2021-01-08T11:28:03","slug":"santa-maria-de-alcobaca-light-and-stone","status":"publish","type":"product","link":"https:\/\/bookhut.pt\/en\/produto\/santa-maria-de-alcobaca-light-and-stone\/","title":{"rendered":"Santa Maria de Alcoba\u00e7a &#8211; Light and Stone"},"content":{"rendered":"<p>[vc_row][vc_column][vc_column_text]This book brings together a selection of photos of the artistic work of the author Jo\u00e3o Daniel, revealing to the reader various details, through images, which are part of the Abbey of Santa Mar\u00eda de Alcoba\u00e7a, thus allowing to be visible its beauty and history. The book is the result of the author&#8217;s photographic passion and dedication: for 35 years (1975 to 2010) he captured images of the rare beauty of the convent, unique moments portrayed in the beautiful images which are part of this work. The Abbey of Santa Mar\u00eda de Alcoba\u00e7a is part of the Cistercian work embodied in the construction of more than three hundred convents in Europe and this book, now published, will continue to be an identity example of this great Cistercian work.[\/vc_column_text][\/vc_column][\/vc_row]<\/p>\n","protected":false},"excerpt":{"rendered":"<p>This book brings together a selection of photos of the artistic work of the author Jo\u00e3o Daniel, revealing to the reader various details, through images, which are part of the Abbey of Santa Mar\u00eda de Alcoba\u00e7a, thus allowing to be visible its beauty and history. The book is the result of the author&#8217;s photographic passion and dedication: for 35 years (1975 to 2010) he captured images of the rare beauty of the convent, unique moments portrayed in the beautiful images which are part of this work. The Abbey of Santa Mar\u00eda de Alcoba\u00e7a is part of the Cistercian work embodied in the construction of more than three hundred convents in Europe and this book, now published, will continue to be an identity example of this great Cistercian work.<\/p>\n","protected":false},"featured_media":2503,"template":"","meta":[],"yoast_head":"<!-- This site is optimized with the Yoast SEO plugin v15.6 - https:\/\/yoast.com\/wordpress\/plugins\/seo\/ -->\n<title>Santa Maria de Alcoba\u00e7a - Light and Stone - Book Hut Editores<\/title>\n<meta name=\"robots\" content=\"index, follow, max-snippet:-1, max-image-preview:large, max-video-preview:-1\" \/>\n<link rel=\"canonical\" href=\"https:\/\/bookhut.pt\/en\/produto\/santa-maria-de-alcobaca-light-and-stone\/\" \/>\n<meta property=\"og:locale\" content=\"en_US\" \/>\n<meta property=\"og:type\" content=\"article\" \/>\n<meta property=\"og:title\" content=\"Santa Maria de Alcoba\u00e7a - Light and Stone - Book Hut Editores\" \/>\n<meta property=\"og:description\" content=\"This book brings together a selection of photos of the artistic work of the author Jo\u00e3o Daniel, revealing to the reader various details, through images, which are part of the Abbey of Santa Mar\u00eda de Alcoba\u00e7a, thus allowing to be visible its beauty and history. The book is the result of the author&#039;s photographic passion and dedication: for 35 years (1975 to 2010) he captured images of the rare beauty of the convent, unique moments portrayed in the beautiful images which are part of this work. The Abbey of Santa Mar\u00eda de Alcoba\u00e7a is part of the Cistercian work embodied in the construction of more than three hundred convents in Europe and this book, now published, will continue to be an identity example of this great Cistercian work.\" \/>\n<meta property=\"og:url\" content=\"https:\/\/bookhut.pt\/en\/produto\/santa-maria-de-alcobaca-light-and-stone\/\" \/>\n<meta property=\"og:site_name\" content=\"Book Hut Editores\" \/>\n<meta property=\"article:publisher\" content=\"https:\/\/www.facebook.com\/thebookhuteditora\/\" \/>\n<meta property=\"article:modified_time\" content=\"2021-01-08T11:28:03+00:00\" \/>\n<meta property=\"og:image\" content=\"https:\/\/bookhut.pt\/wp-content\/uploads\/2019\/12\/image_35_1024x1024-1.jpg\" \/>\n\t<meta property=\"og:image:width\" content=\"400\" \/>\n\t<meta property=\"og:image:height\" content=\"508\" \/>\n<meta name=\"twitter:card\" content=\"summary_large_image\" \/>\n<meta name=\"twitter:site\" content=\"@bookhut_editora\" \/>\n<script type=\"application\/ld+json\" class=\"yoast-schema-graph\">{\"@context\":\"https:\/\/schema.org\",\"@graph\":[{\"@type\":\"WebSite\",\"@id\":\"https:\/\/bookhut.pt\/#website\",\"url\":\"https:\/\/bookhut.pt\/\",\"name\":\"Book Hut Editores\",\"description\":\"\",\"potentialAction\":[{\"@type\":\"SearchAction\",\"target\":\"https:\/\/bookhut.pt\/?s={search_term_string}\",\"query-input\":\"required name=search_term_string\"}],\"inLanguage\":\"en-US\"},{\"@type\":\"ImageObject\",\"@id\":\"https:\/\/bookhut.pt\/en\/produto\/santa-maria-de-alcobaca-light-and-stone\/#primaryimage\",\"inLanguage\":\"en-US\",\"url\":\"https:\/\/bookhut.pt\/wp-content\/uploads\/2019\/12\/image_35_1024x1024-1.jpg\",\"width\":400,\"height\":508},{\"@type\":\"WebPage\",\"@id\":\"https:\/\/bookhut.pt\/en\/produto\/santa-maria-de-alcobaca-light-and-stone\/#webpage\",\"url\":\"https:\/\/bookhut.pt\/en\/produto\/santa-maria-de-alcobaca-light-and-stone\/\",\"name\":\"Santa Maria de Alcoba\\u00e7a - Light and Stone - Book Hut Editores\",\"isPartOf\":{\"@id\":\"https:\/\/bookhut.pt\/#website\"},\"primaryImageOfPage\":{\"@id\":\"https:\/\/bookhut.pt\/en\/produto\/santa-maria-de-alcobaca-light-and-stone\/#primaryimage\"},\"datePublished\":\"2019-12-03T10:45:35+00:00\",\"dateModified\":\"2021-01-08T11:28:03+00:00\",\"inLanguage\":\"en-US\",\"potentialAction\":[{\"@type\":\"ReadAction\",\"target\":[\"https:\/\/bookhut.pt\/en\/produto\/santa-maria-de-alcobaca-light-and-stone\/\"]}]}]}<\/script>\n<!-- \/ Yoast SEO plugin. -->","_links":{"self":[{"href":"https:\/\/bookhut.pt\/en\/wp-json\/wp\/v2\/product\/4687"}],"collection":[{"href":"https:\/\/bookhut.pt\/en\/wp-json\/wp\/v2\/product"}],"about":[{"href":"https:\/\/bookhut.pt\/en\/wp-json\/wp\/v2\/types\/product"}],"wp:featuredmedia":[{"embeddable":true,"href":"https:\/\/bookhut.pt\/en\/wp-json\/wp\/v2\/media\/2503"}],"wp:attachment":[{"href":"https:\/\/bookhut.pt\/en\/wp-json\/wp\/v2\/media?parent=4687"}],"curies":[{"name":"wp","href":"https:\/\/api.w.org\/{rel}","templated":true}]}}