{"id":4683,"date":"2019-12-03T10:39:24","date_gmt":"2019-12-03T10:39:24","guid":{"rendered":"https:\/\/bookhut.pt\/produto\/resende-paint-on-paper-1952-2002\/"},"modified":"2021-01-08T11:01:04","modified_gmt":"2021-01-08T11:01:04","slug":"resende-paint-on-paper-1952-2002","status":"publish","type":"product","link":"https:\/\/bookhut.pt\/en\/produto\/resende-paint-on-paper-1952-2002\/","title":{"rendered":"Resende &#8211; Paint on Paper | 1952 &#8211; 2002"},"content":{"rendered":"<p>[vc_row][vc_column][vc_column_text]With texts by J\u00falio Pomar, J\u00falio Resende, Rocha de Sousa and Sommer Ribeiro presenting the diverse work created by J\u00falio Resende between 1952 and 2002.[\/vc_column_text][\/vc_column][\/vc_row]<\/p>\n","protected":false},"excerpt":{"rendered":"<p>With texts by J\u00falio Pomar, J\u00falio Resende, Rocha de Sousa and Sommer Ribeiro presenting the diverse work created by J\u00falio Resende between 1952 and 2002.<\/p>\n","protected":false},"featured_media":2063,"template":"","meta":[],"yoast_head":"<!-- This site is optimized with the Yoast SEO plugin v15.6 - https:\/\/yoast.com\/wordpress\/plugins\/seo\/ -->\n<title>Resende - Paint on Paper | 1952 - 2002 - Book Hut Editores<\/title>\n<meta name=\"robots\" content=\"index, follow, max-snippet:-1, max-image-preview:large, max-video-preview:-1\" \/>\n<link rel=\"canonical\" href=\"https:\/\/bookhut.pt\/en\/produto\/resende-paint-on-paper-1952-2002\/\" \/>\n<meta property=\"og:locale\" content=\"en_US\" \/>\n<meta property=\"og:type\" content=\"article\" \/>\n<meta property=\"og:title\" content=\"Resende - Paint on Paper | 1952 - 2002 - Book Hut Editores\" \/>\n<meta property=\"og:description\" content=\"With texts by J\u00falio Pomar, J\u00falio Resende, Rocha de Sousa and Sommer Ribeiro presenting the diverse work created by J\u00falio Resende between 1952 and 2002.\" \/>\n<meta property=\"og:url\" content=\"https:\/\/bookhut.pt\/en\/produto\/resende-paint-on-paper-1952-2002\/\" \/>\n<meta property=\"og:site_name\" content=\"Book Hut Editores\" \/>\n<meta property=\"article:publisher\" content=\"https:\/\/www.facebook.com\/thebookhuteditora\/\" \/>\n<meta property=\"article:modified_time\" content=\"2021-01-08T11:01:04+00:00\" \/>\n<meta property=\"og:image\" content=\"https:\/\/bookhut.pt\/wp-content\/uploads\/2019\/12\/2004-Capa-RESENDE.jpg\" \/>\n\t<meta property=\"og:image:width\" content=\"595\" \/>\n\t<meta property=\"og:image:height\" content=\"839\" \/>\n<meta name=\"twitter:card\" content=\"summary_large_image\" \/>\n<meta name=\"twitter:site\" content=\"@bookhut_editora\" \/>\n<script type=\"application\/ld+json\" class=\"yoast-schema-graph\">{\"@context\":\"https:\/\/schema.org\",\"@graph\":[{\"@type\":\"WebSite\",\"@id\":\"https:\/\/bookhut.pt\/#website\",\"url\":\"https:\/\/bookhut.pt\/\",\"name\":\"Book Hut Editores\",\"description\":\"\",\"potentialAction\":[{\"@type\":\"SearchAction\",\"target\":\"https:\/\/bookhut.pt\/?s={search_term_string}\",\"query-input\":\"required name=search_term_string\"}],\"inLanguage\":\"en-US\"},{\"@type\":\"ImageObject\",\"@id\":\"https:\/\/bookhut.pt\/en\/produto\/resende-paint-on-paper-1952-2002\/#primaryimage\",\"inLanguage\":\"en-US\",\"url\":\"https:\/\/bookhut.pt\/wp-content\/uploads\/2019\/12\/2004-Capa-RESENDE.jpg\",\"width\":595,\"height\":839},{\"@type\":\"WebPage\",\"@id\":\"https:\/\/bookhut.pt\/en\/produto\/resende-paint-on-paper-1952-2002\/#webpage\",\"url\":\"https:\/\/bookhut.pt\/en\/produto\/resende-paint-on-paper-1952-2002\/\",\"name\":\"Resende - Paint on Paper | 1952 - 2002 - Book Hut Editores\",\"isPartOf\":{\"@id\":\"https:\/\/bookhut.pt\/#website\"},\"primaryImageOfPage\":{\"@id\":\"https:\/\/bookhut.pt\/en\/produto\/resende-paint-on-paper-1952-2002\/#primaryimage\"},\"datePublished\":\"2019-12-03T10:39:24+00:00\",\"dateModified\":\"2021-01-08T11:01:04+00:00\",\"inLanguage\":\"en-US\",\"potentialAction\":[{\"@type\":\"ReadAction\",\"target\":[\"https:\/\/bookhut.pt\/en\/produto\/resende-paint-on-paper-1952-2002\/\"]}]}]}<\/script>\n<!-- \/ Yoast SEO plugin. -->","_links":{"self":[{"href":"https:\/\/bookhut.pt\/en\/wp-json\/wp\/v2\/product\/4683"}],"collection":[{"href":"https:\/\/bookhut.pt\/en\/wp-json\/wp\/v2\/product"}],"about":[{"href":"https:\/\/bookhut.pt\/en\/wp-json\/wp\/v2\/types\/product"}],"wp:featuredmedia":[{"embeddable":true,"href":"https:\/\/bookhut.pt\/en\/wp-json\/wp\/v2\/media\/2063"}],"wp:attachment":[{"href":"https:\/\/bookhut.pt\/en\/wp-json\/wp\/v2\/media?parent=4683"}],"curies":[{"name":"wp","href":"https:\/\/api.w.org\/{rel}","templated":true}]}}