{"id":4631,"date":"2019-12-02T17:06:09","date_gmt":"2019-12-02T17:06:09","guid":{"rendered":"https:\/\/bookhut.pt\/produto\/notes-on-alcobaca\/"},"modified":"2021-01-07T20:04:50","modified_gmt":"2021-01-07T20:04:50","slug":"notes-on-alcobaca","status":"publish","type":"product","link":"https:\/\/bookhut.pt\/en\/produto\/notes-on-alcobaca\/","title":{"rendered":"Notes on Alcoba\u00e7a"},"content":{"rendered":"<p>[vc_row][vc_column][vc_column_text]Notes on Alcoba\u00e7a is a book that has a set of articles related to different events in the history of Alcoba\u00e7a. Taken as a whole, these articles are important to understand the history of the recent past, since it explains the chain of facts and their consequences in the present.<br \/>\nWith the subtitle &#8220;Heritage, Architecture, Culture and Music&#8221;, the book transports us to the memory of people, their experiences and stories that define identity, to which we cannot remain indifferent.<br \/>\nThe book also emphasizes the importance of the organizational dimension of the Cistercian order that was born from the powerful Abbey of Santa Mar\u00eda de Alcoba\u00e7a.[\/vc_column_text][\/vc_column][\/vc_row]<\/p>\n","protected":false},"excerpt":{"rendered":"<p>Notes on Alcoba\u00e7a is a book that has a set of articles related to different events in the history of Alcoba\u00e7a. Taken as a whole, these articles are important to understand the history of the recent past, since it explains the chain of facts and their consequences in the present.<\/p>\n<p>With the subtitle &#8220;Heritage, Architecture, Culture and Music&#8221;, the book transports us to the memory of people, their experiences and stories that define identity, to which we cannot remain indifferent.<\/p>\n<p>The book also emphasizes the importance of the organizational dimension of the Cistercian order that was born from the powerful Abbey of Santa Mar\u00eda de Alcoba\u00e7a.<\/p>\n","protected":false},"featured_media":4940,"template":"","meta":[],"yoast_head":"<!-- This site is optimized with the Yoast SEO plugin v15.6 - https:\/\/yoast.com\/wordpress\/plugins\/seo\/ -->\n<title>Notes on Alcoba\u00e7a - Book Hut Editores<\/title>\n<meta name=\"robots\" content=\"index, follow, max-snippet:-1, max-image-preview:large, max-video-preview:-1\" \/>\n<link rel=\"canonical\" href=\"https:\/\/bookhut.pt\/en\/produto\/notes-on-alcobaca\/\" \/>\n<meta property=\"og:locale\" content=\"en_US\" \/>\n<meta property=\"og:type\" content=\"article\" \/>\n<meta property=\"og:title\" content=\"Notes on Alcoba\u00e7a - Book Hut Editores\" \/>\n<meta property=\"og:description\" content=\"Notes on Alcoba\u00e7a is a book that has a set of articles related to different events in the history of Alcoba\u00e7a. Taken as a whole, these articles are important to understand the history of the recent past, since it explains the chain of facts and their consequences in the present.  With the subtitle &quot;Heritage, Architecture, Culture and Music&quot;, the book transports us to the memory of people, their experiences and stories that define identity, to which we cannot remain indifferent.  The book also emphasizes the importance of the organizational dimension of the Cistercian order that was born from the powerful Abbey of Santa Mar\u00eda de Alcoba\u00e7a.\" \/>\n<meta property=\"og:url\" content=\"https:\/\/bookhut.pt\/en\/produto\/notes-on-alcobaca\/\" \/>\n<meta property=\"og:site_name\" content=\"Book Hut Editores\" \/>\n<meta property=\"article:publisher\" content=\"https:\/\/www.facebook.com\/thebookhuteditora\/\" \/>\n<meta property=\"article:modified_time\" content=\"2021-01-07T20:04:50+00:00\" \/>\n<meta property=\"og:image\" content=\"https:\/\/bookhut.pt\/wp-content\/uploads\/2019\/12\/CapaCarlosHargreaves-1-1.jpg\" \/>\n\t<meta property=\"og:image:width\" content=\"663\" \/>\n\t<meta property=\"og:image:height\" content=\"964\" \/>\n<meta name=\"twitter:card\" content=\"summary_large_image\" \/>\n<meta name=\"twitter:site\" content=\"@bookhut_editora\" \/>\n<script type=\"application\/ld+json\" class=\"yoast-schema-graph\">{\"@context\":\"https:\/\/schema.org\",\"@graph\":[{\"@type\":\"WebSite\",\"@id\":\"https:\/\/bookhut.pt\/#website\",\"url\":\"https:\/\/bookhut.pt\/\",\"name\":\"Book Hut Editores\",\"description\":\"\",\"potentialAction\":[{\"@type\":\"SearchAction\",\"target\":\"https:\/\/bookhut.pt\/?s={search_term_string}\",\"query-input\":\"required name=search_term_string\"}],\"inLanguage\":\"en-US\"},{\"@type\":\"ImageObject\",\"@id\":\"https:\/\/bookhut.pt\/en\/produto\/notes-on-alcobaca\/#primaryimage\",\"inLanguage\":\"en-US\",\"url\":\"https:\/\/bookhut.pt\/wp-content\/uploads\/2019\/12\/CAPA_Apontamentos-sobre-Alcobaca.jpg\",\"width\":2497,\"height\":2552},{\"@type\":\"WebPage\",\"@id\":\"https:\/\/bookhut.pt\/en\/produto\/notes-on-alcobaca\/#webpage\",\"url\":\"https:\/\/bookhut.pt\/en\/produto\/notes-on-alcobaca\/\",\"name\":\"Notes on Alcoba\\u00e7a - Book Hut Editores\",\"isPartOf\":{\"@id\":\"https:\/\/bookhut.pt\/#website\"},\"primaryImageOfPage\":{\"@id\":\"https:\/\/bookhut.pt\/en\/produto\/notes-on-alcobaca\/#primaryimage\"},\"datePublished\":\"2019-12-02T17:06:09+00:00\",\"dateModified\":\"2021-01-07T20:04:50+00:00\",\"inLanguage\":\"en-US\",\"potentialAction\":[{\"@type\":\"ReadAction\",\"target\":[\"https:\/\/bookhut.pt\/en\/produto\/notes-on-alcobaca\/\"]}]}]}<\/script>\n<!-- \/ Yoast SEO plugin. -->","_links":{"self":[{"href":"https:\/\/bookhut.pt\/en\/wp-json\/wp\/v2\/product\/4631"}],"collection":[{"href":"https:\/\/bookhut.pt\/en\/wp-json\/wp\/v2\/product"}],"about":[{"href":"https:\/\/bookhut.pt\/en\/wp-json\/wp\/v2\/types\/product"}],"wp:featuredmedia":[{"embeddable":true,"href":"https:\/\/bookhut.pt\/en\/wp-json\/wp\/v2\/media\/4940"}],"wp:attachment":[{"href":"https:\/\/bookhut.pt\/en\/wp-json\/wp\/v2\/media?parent=4631"}],"curies":[{"name":"wp","href":"https:\/\/api.w.org\/{rel}","templated":true}]}}