{"id":3413,"date":"2019-12-03T09:41:13","date_gmt":"2019-12-03T09:41:13","guid":{"rendered":"https:\/\/bookhut.pt\/produto\/the-sovereign-military-order-of-malta-and-portugal-spirituality-assistance-and-heritage\/"},"modified":"2020-03-09T10:52:36","modified_gmt":"2020-03-09T10:52:36","slug":"the-sovereign-military-order-of-malta-and-portugal-spirituality-assistance-and-heritage","status":"publish","type":"product","link":"https:\/\/bookhut.pt\/en\/produto\/the-sovereign-military-order-of-malta-and-portugal-spirituality-assistance-and-heritage\/","title":{"rendered":"The Sovereign Military Order of Malta and Portugal &#8211; Spirituality, Assistance and Heritage"},"content":{"rendered":"<p>[vc_row][vc_column][vc_column_text]A Soberana ordem de Malta \u00e9 uma ordem com um passado glorioso que se adaptou aos tempos atuais. Neste livro faz-se a hist\u00f3ria da ordem at\u00e9 aos nossos dias, refletindo a import\u00e2ncia que tem na sociedade atual.[\/vc_column_text][\/vc_column][\/vc_row]<\/p>\n","protected":false},"excerpt":{"rendered":"<p>The Sovereign Order of Malta is an order with a glorious past that has adapted to current times. In this book, the history of the order comes to this day, which reflects the importance it has in society nowadays.<\/p>\n","protected":false},"featured_media":2123,"template":"","meta":[],"yoast_head":"<!-- This site is optimized with the Yoast SEO plugin v15.6 - https:\/\/yoast.com\/wordpress\/plugins\/seo\/ -->\n<title>The Sovereign Military Order of Malta and Portugal - Spirituality, Assistance and Heritage - Book Hut Editores<\/title>\n<meta name=\"robots\" content=\"index, follow, max-snippet:-1, max-image-preview:large, max-video-preview:-1\" \/>\n<link rel=\"canonical\" href=\"https:\/\/bookhut.pt\/en\/produto\/the-sovereign-military-order-of-malta-and-portugal-spirituality-assistance-and-heritage\/\" \/>\n<meta property=\"og:locale\" content=\"en_US\" \/>\n<meta property=\"og:type\" content=\"article\" \/>\n<meta property=\"og:title\" content=\"The Sovereign Military Order of Malta and Portugal - Spirituality, Assistance and Heritage - Book Hut Editores\" \/>\n<meta property=\"og:description\" content=\"The Sovereign Order of Malta is an order with a glorious past that has adapted to current times. In this book, the history of the order comes to this day, which reflects the importance it has in society nowadays.\" \/>\n<meta property=\"og:url\" content=\"https:\/\/bookhut.pt\/en\/produto\/the-sovereign-military-order-of-malta-and-portugal-spirituality-assistance-and-heritage\/\" \/>\n<meta property=\"og:site_name\" content=\"Book Hut Editores\" \/>\n<meta property=\"article:publisher\" content=\"https:\/\/www.facebook.com\/thebookhuteditora\/\" \/>\n<meta property=\"article:modified_time\" content=\"2020-03-09T10:52:36+00:00\" \/>\n<meta property=\"og:image\" content=\"https:\/\/bookhut.pt\/wp-content\/uploads\/2019\/12\/2006-Capa-Ordem-de-Malta-1.jpg\" \/>\n\t<meta property=\"og:image:width\" content=\"734\" \/>\n\t<meta property=\"og:image:height\" content=\"1020\" \/>\n<meta name=\"twitter:card\" content=\"summary_large_image\" \/>\n<meta name=\"twitter:site\" content=\"@bookhut_editora\" \/>\n<script type=\"application\/ld+json\" class=\"yoast-schema-graph\">{\"@context\":\"https:\/\/schema.org\",\"@graph\":[{\"@type\":\"WebSite\",\"@id\":\"https:\/\/bookhut.pt\/#website\",\"url\":\"https:\/\/bookhut.pt\/\",\"name\":\"Book Hut Editores\",\"description\":\"\",\"potentialAction\":[{\"@type\":\"SearchAction\",\"target\":\"https:\/\/bookhut.pt\/?s={search_term_string}\",\"query-input\":\"required name=search_term_string\"}],\"inLanguage\":\"en-US\"},{\"@type\":\"ImageObject\",\"@id\":\"https:\/\/bookhut.pt\/en\/produto\/the-sovereign-military-order-of-malta-and-portugal-spirituality-assistance-and-heritage\/#primaryimage\",\"inLanguage\":\"en-US\",\"url\":\"https:\/\/bookhut.pt\/wp-content\/uploads\/2019\/12\/2006-Capa-Ordem-de-Malta-1.jpg\",\"width\":734,\"height\":1020},{\"@type\":\"WebPage\",\"@id\":\"https:\/\/bookhut.pt\/en\/produto\/the-sovereign-military-order-of-malta-and-portugal-spirituality-assistance-and-heritage\/#webpage\",\"url\":\"https:\/\/bookhut.pt\/en\/produto\/the-sovereign-military-order-of-malta-and-portugal-spirituality-assistance-and-heritage\/\",\"name\":\"The Sovereign Military Order of Malta and Portugal - Spirituality, Assistance and Heritage - Book Hut Editores\",\"isPartOf\":{\"@id\":\"https:\/\/bookhut.pt\/#website\"},\"primaryImageOfPage\":{\"@id\":\"https:\/\/bookhut.pt\/en\/produto\/the-sovereign-military-order-of-malta-and-portugal-spirituality-assistance-and-heritage\/#primaryimage\"},\"datePublished\":\"2019-12-03T09:41:13+00:00\",\"dateModified\":\"2020-03-09T10:52:36+00:00\",\"inLanguage\":\"en-US\",\"potentialAction\":[{\"@type\":\"ReadAction\",\"target\":[\"https:\/\/bookhut.pt\/en\/produto\/the-sovereign-military-order-of-malta-and-portugal-spirituality-assistance-and-heritage\/\"]}]}]}<\/script>\n<!-- \/ Yoast SEO plugin. -->","_links":{"self":[{"href":"https:\/\/bookhut.pt\/en\/wp-json\/wp\/v2\/product\/3413"}],"collection":[{"href":"https:\/\/bookhut.pt\/en\/wp-json\/wp\/v2\/product"}],"about":[{"href":"https:\/\/bookhut.pt\/en\/wp-json\/wp\/v2\/types\/product"}],"wp:featuredmedia":[{"embeddable":true,"href":"https:\/\/bookhut.pt\/en\/wp-json\/wp\/v2\/media\/2123"}],"wp:attachment":[{"href":"https:\/\/bookhut.pt\/en\/wp-json\/wp\/v2\/media?parent=3413"}],"curies":[{"name":"wp","href":"https:\/\/api.w.org\/{rel}","templated":true}]}}