{"id":3356,"date":"2019-12-03T09:01:50","date_gmt":"2019-12-03T09:01:50","guid":{"rendered":"https:\/\/bookhut.pt\/produto\/tribute-to-justin-mendes-de-almeida\/"},"modified":"2020-03-06T17:21:05","modified_gmt":"2020-03-06T17:21:05","slug":"tribute-to-justin-mendes-de-almeida","status":"publish","type":"product","link":"https:\/\/bookhut.pt\/en\/produto\/tribute-to-justin-mendes-de-almeida\/","title":{"rendered":"Tribute to Justin Mendes de Almeida"},"content":{"rendered":"<p>[vc_row][vc_column][vc_column_text]Tribute to Justino Mendes de Almeida is a volume of tribute to a great Portuguese humanist, a true man of letters, with a path that left his mark on the history of Portuguese education.<br \/>\nThis book dedicated to the Rector Emeritus of the Universidade Aut\u00f3noma de Lisboa, in addition to personal testimonies, is composed by chapters on Archaeology and epigraphy, medieval, modern and business history, book history, art history and, also, a miscellaneous section.<br \/>\nContributions are signed by an eclectic cast of the most diverse academic backgrounds: Agostinho Ara\u00fajo, Aline Gallash-Hall de Beauvink, Ant\u00f3nio de Lencastre Bernardo, Ant\u00f3nio Pedro A. Ferreira, Armando Lu\u00eds de Carvalho Homem, Diogo Leite de Campos, Eduardo Costa, Isabel Pestana Moser, Jo\u00e3o Pancada Correia, Jo\u00e3o Silva de Sousa, Jos\u00e9 Amado da Silva, Jos\u00e9 Amado Mendes, Jos\u00e9 d\u2019Encarna\u00e7\u00e3o, Madalena Rom\u00e3o Mira, Margarida Leme, Maria Isabel Mingu\u00e9ns, Miguel Figueira de Faria, Reginaldo Rodrigues de Almeida and Ricardo Gaid\u00e3o.<br \/>\nProfusion and diversity of knowledge reflects one of the characteristics of the honouree, as a citizen and researcher of Portuguese culture.[\/vc_column_text][\/vc_column][\/vc_row]<\/p>\n","protected":false},"excerpt":{"rendered":"<p>Tribute to Justino Mendes de Almeida is a volume of tribute to a great Portuguese humanist, a true man of letters, with a path that left his mark on the history of Portuguese education.<br \/>\nThis book dedicated to the Rector Emeritus of the Universidade Aut\u00f3noma de Lisboa, in addition to personal testimonies, is composed by chapters on Archaeology and epigraphy, medieval, modern and business history, book history, art history and, also, a miscellaneous section.<br \/>\nContributions are signed by an eclectic cast of the most diverse academic backgrounds: Agostinho Ara\u00fajo, Aline Gallash-Hall de Beauvink, Ant\u00f3nio de Lencastre Bernardo, Ant\u00f3nio Pedro A. Ferreira, Armando Lu\u00eds de Carvalho Homem, Diogo Leite de Campos, Eduardo Costa, Isabel Pestana Moser, Jo\u00e3o Pancada Correia, Jo\u00e3o Silva de Sousa, Jos\u00e9 Amado da Silva, Jos\u00e9 Amado Mendes, Jos\u00e9 d\u2019Encarna\u00e7\u00e3o, Madalena Rom\u00e3o Mira, Margarida Leme, Maria Isabel Mingu\u00e9ns, Miguel Figueira de Faria, Reginaldo Rodrigues de Almeida and Ricardo Gaid\u00e3o.<br \/>\nProfusion and diversity of knowledge reflects one of the characteristics of the honouree, as a citizen and researcher of Portuguese culture.<\/p>\n","protected":false},"featured_media":4916,"template":"","meta":[],"yoast_head":"<!-- This site is optimized with the Yoast SEO plugin v15.6 - https:\/\/yoast.com\/wordpress\/plugins\/seo\/ -->\n<title>Tribute to Justin Mendes de Almeida - Book Hut Editores<\/title>\n<meta name=\"robots\" content=\"index, follow, max-snippet:-1, max-image-preview:large, max-video-preview:-1\" \/>\n<link rel=\"canonical\" href=\"https:\/\/bookhut.pt\/en\/produto\/tribute-to-justin-mendes-de-almeida\/\" \/>\n<meta property=\"og:locale\" content=\"en_US\" \/>\n<meta property=\"og:type\" content=\"article\" \/>\n<meta property=\"og:title\" content=\"Tribute to Justin Mendes de Almeida - Book Hut Editores\" \/>\n<meta property=\"og:description\" content=\"Tribute to Justino Mendes de Almeida is a volume of tribute to a great Portuguese humanist, a true man of letters, with a path that left his mark on the history of Portuguese education. This book dedicated to the Rector Emeritus of the Universidade Aut\u00f3noma de Lisboa, in addition to personal testimonies, is composed by chapters on Archaeology and epigraphy, medieval, modern and business history, book history, art history and, also, a miscellaneous section. Contributions are signed by an eclectic cast of the most diverse academic backgrounds: Agostinho Ara\u00fajo, Aline Gallash-Hall de Beauvink, Ant\u00f3nio de Lencastre Bernardo, Ant\u00f3nio Pedro A. Ferreira, Armando Lu\u00eds de Carvalho Homem, Diogo Leite de Campos, Eduardo Costa, Isabel Pestana Moser, Jo\u00e3o Pancada Correia, Jo\u00e3o Silva de Sousa, Jos\u00e9 Amado da Silva, Jos\u00e9 Amado Mendes, Jos\u00e9 d\u2019Encarna\u00e7\u00e3o, Madalena Rom\u00e3o Mira, Margarida Leme, Maria Isabel Mingu\u00e9ns, Miguel Figueira de Faria, Reginaldo Rodrigues de Almeida and Ricardo Gaid\u00e3o. Profusion and diversity of knowledge reflects one of the characteristics of the honouree, as a citizen and researcher of Portuguese culture.\" \/>\n<meta property=\"og:url\" content=\"https:\/\/bookhut.pt\/en\/produto\/tribute-to-justin-mendes-de-almeida\/\" \/>\n<meta property=\"og:site_name\" content=\"Book Hut Editores\" \/>\n<meta property=\"article:publisher\" content=\"https:\/\/www.facebook.com\/thebookhuteditora\/\" \/>\n<meta property=\"article:modified_time\" content=\"2020-03-06T17:21:05+00:00\" \/>\n<meta name=\"twitter:card\" content=\"summary_large_image\" \/>\n<meta name=\"twitter:site\" content=\"@bookhut_editora\" \/>\n<script type=\"application\/ld+json\" class=\"yoast-schema-graph\">{\"@context\":\"https:\/\/schema.org\",\"@graph\":[{\"@type\":\"WebSite\",\"@id\":\"https:\/\/bookhut.pt\/#website\",\"url\":\"https:\/\/bookhut.pt\/\",\"name\":\"Book Hut Editores\",\"description\":\"\",\"potentialAction\":[{\"@type\":\"SearchAction\",\"target\":\"https:\/\/bookhut.pt\/?s={search_term_string}\",\"query-input\":\"required name=search_term_string\"}],\"inLanguage\":\"en-US\"},{\"@type\":\"ImageObject\",\"@id\":\"https:\/\/bookhut.pt\/en\/produto\/tribute-to-justin-mendes-de-almeida\/#primaryimage\",\"inLanguage\":\"en-US\",\"url\":\"https:\/\/bookhut.pt\/wp-content\/uploads\/2019\/12\/Capa_Homenagem-a-Justino-Mendes-de-Almeida.jpg\",\"width\":654,\"height\":930},{\"@type\":\"WebPage\",\"@id\":\"https:\/\/bookhut.pt\/en\/produto\/tribute-to-justin-mendes-de-almeida\/#webpage\",\"url\":\"https:\/\/bookhut.pt\/en\/produto\/tribute-to-justin-mendes-de-almeida\/\",\"name\":\"Tribute to Justin Mendes de Almeida - Book Hut Editores\",\"isPartOf\":{\"@id\":\"https:\/\/bookhut.pt\/#website\"},\"primaryImageOfPage\":{\"@id\":\"https:\/\/bookhut.pt\/en\/produto\/tribute-to-justin-mendes-de-almeida\/#primaryimage\"},\"datePublished\":\"2019-12-03T09:01:50+00:00\",\"dateModified\":\"2020-03-06T17:21:05+00:00\",\"inLanguage\":\"en-US\",\"potentialAction\":[{\"@type\":\"ReadAction\",\"target\":[\"https:\/\/bookhut.pt\/en\/produto\/tribute-to-justin-mendes-de-almeida\/\"]}]}]}<\/script>\n<!-- \/ Yoast SEO plugin. -->","_links":{"self":[{"href":"https:\/\/bookhut.pt\/en\/wp-json\/wp\/v2\/product\/3356"}],"collection":[{"href":"https:\/\/bookhut.pt\/en\/wp-json\/wp\/v2\/product"}],"about":[{"href":"https:\/\/bookhut.pt\/en\/wp-json\/wp\/v2\/types\/product"}],"wp:featuredmedia":[{"embeddable":true,"href":"https:\/\/bookhut.pt\/en\/wp-json\/wp\/v2\/media\/4916"}],"wp:attachment":[{"href":"https:\/\/bookhut.pt\/en\/wp-json\/wp\/v2\/media?parent=3356"}],"curies":[{"name":"wp","href":"https:\/\/api.w.org\/{rel}","templated":true}]}}