{"id":3343,"date":"2019-12-02T17:34:09","date_gmt":"2019-12-02T17:34:09","guid":{"rendered":"https:\/\/bookhut.pt\/produto\/fado-marialva\/"},"modified":"2023-07-15T14:33:42","modified_gmt":"2023-07-15T14:33:42","slug":"fado-marialva","status":"publish","type":"product","link":"https:\/\/bookhut.pt\/en\/produto\/fado-marialva\/","title":{"rendered":"Fado Marialva"},"content":{"rendered":"<p>[vc_row][vc_column][vc_column_text]In 2009, the year of Fado&#8217;s candidacy as a world heritage, the book Fado Marialva was published; it is a work that represents an ode to Fado and Festa Brava. It consists of about 500 pages with four hundred unpublished documents in 4 colours, illustrating the history of each of the Fados described. All of them have a story that indicates the poets, composers, performers, editors and figures of the Festa Brava that inspired them. It is possible to find in this book many important people&#8217;s names connected with Fado, such as Severa, Conde Vimioso, Alfredo Marceneiro, Carlos Ramos, Am\u00e1lia Rodrigues, Herm\u00ednia Silva and many others. Among the poets, D. Maria Manuel Cid, D. Teresa Grave or Carlos Conde are some of the most remarkable ones. Ribatejo and Campino, the bull and the horse, are the basis of the entire book, with the author&#8217;s concern to place them in Portuguese culture and traditions, where composers such as Frederico Val\u00e9rio, Jo\u00e3o Nobre, Jaime Santos, Jos\u00e9 Fontes Rocha, Armandino, Jos\u00e9 Marques do Amaral, Ricardo Rocha or Cust\u00f3dio Castelo, Miguel Ramos or Martinho D\u00b4Assun\u00e7\u00e3o J\u00fanior, play an important role in the history of Fado, whether they were bullfighters or not. Cities like Lisbon, Santar\u00e9m, Vila Franca de Xira or Alcochete are cited as a source of inspiration for poets, singing and celebrating them as no one else has. The book Fado Marialva is an unprecedented work that corresponds to almost three hundred Fados whose theme is the Festa Brava.[\/vc_column_text][\/vc_column][\/vc_row]<\/p>\n","protected":false},"excerpt":{"rendered":"<p>In 2009, the year of Fado&#8217;s candidacy as a world heritage, the book Fado Marialva was published; it is a work that represents an ode to Fado and Festa Brava. It consists of about 500 pages with four hundred unpublished documents in 4 colours, illustrating the history of each of the Fados described. All of them have a story that indicates the poets, composers, performers, editors and figures of the Festa Brava that inspired them. It is possible to find in this book many important people&#8217;s names connected with Fado, such as Severa, Conde Vimioso, Alfredo Marceneiro, Carlos Ramos, Am\u00e1lia Rodrigues, Herm\u00ednia Silva and many others. Among the poets, D. Maria Manuel Cid, D. Teresa Grave or Carlos Conde are some of the most remarkable ones. Ribatejo and Campino, the bull and the horse, are the basis of the entire book, with the author&#8217;s concern to place them in Portuguese culture and traditions, where composers such as Frederico Val\u00e9rio, Jo\u00e3o Nobre, Jaime Santos, Jos\u00e9 Fontes Rocha, Armandino, Jos\u00e9 Marques do Amaral, Ricardo Rocha or Cust\u00f3dio Castelo, Miguel Ramos or Martinho D\u00b4Assun\u00e7\u00e3o J\u00fanior, play an important role in the history of Fado, whether they were bullfighters or not. Cities like Lisbon, Santar\u00e9m, Vila Franca de Xira or Alcochete are cited as a source of inspiration for poets, singing and celebrating them as no one else has. The book Fado Marialva is an unprecedented work that corresponds to almost three hundred Fados whose theme is the Festa Brava.<\/p>\n","protected":false},"featured_media":2195,"template":"","meta":[],"yoast_head":"<!-- This site is optimized with the Yoast SEO plugin v15.6 - https:\/\/yoast.com\/wordpress\/plugins\/seo\/ -->\n<title>Fado Marialva - Book Hut Editores<\/title>\n<meta name=\"robots\" content=\"index, follow, max-snippet:-1, max-image-preview:large, max-video-preview:-1\" \/>\n<link rel=\"canonical\" href=\"https:\/\/bookhut.pt\/en\/produto\/fado-marialva\/\" \/>\n<meta property=\"og:locale\" content=\"en_US\" \/>\n<meta property=\"og:type\" content=\"article\" \/>\n<meta property=\"og:title\" content=\"Fado Marialva - Book Hut Editores\" \/>\n<meta property=\"og:description\" content=\"In 2009, the year of Fado&#039;s candidacy as a world heritage, the book Fado Marialva was published; it is a work that represents an ode to Fado and Festa Brava. It consists of about 500 pages with four hundred unpublished documents in 4 colours, illustrating the history of each of the Fados described. All of them have a story that indicates the poets, composers, performers, editors and figures of the Festa Brava that inspired them. It is possible to find in this book many important people&#039;s names connected with Fado, such as Severa, Conde Vimioso, Alfredo Marceneiro, Carlos Ramos, Am\u00e1lia Rodrigues, Herm\u00ednia Silva and many others. Among the poets, D. Maria Manuel Cid, D. Teresa Grave or Carlos Conde are some of the most remarkable ones. Ribatejo and Campino, the bull and the horse, are the basis of the entire book, with the author&#039;s concern to place them in Portuguese culture and traditions, where composers such as Frederico Val\u00e9rio, Jo\u00e3o Nobre, Jaime Santos, Jos\u00e9 Fontes Rocha, Armandino, Jos\u00e9 Marques do Amaral, Ricardo Rocha or Cust\u00f3dio Castelo, Miguel Ramos or Martinho D\u00b4Assun\u00e7\u00e3o J\u00fanior, play an important role in the history of Fado, whether they were bullfighters or not. Cities like Lisbon, Santar\u00e9m, Vila Franca de Xira or Alcochete are cited as a source of inspiration for poets, singing and celebrating them as no one else has. The book Fado Marialva is an unprecedented work that corresponds to almost three hundred Fados whose theme is the Festa Brava.\" \/>\n<meta property=\"og:url\" content=\"https:\/\/bookhut.pt\/en\/produto\/fado-marialva\/\" \/>\n<meta property=\"og:site_name\" content=\"Book Hut Editores\" \/>\n<meta property=\"article:publisher\" content=\"https:\/\/www.facebook.com\/thebookhuteditora\/\" \/>\n<meta property=\"article:modified_time\" content=\"2023-07-15T14:33:42+00:00\" \/>\n<meta property=\"og:image\" content=\"https:\/\/bookhut.pt\/wp-content\/uploads\/2019\/12\/2009-Capa-FADO-MARIALVA.jpg\" \/>\n\t<meta property=\"og:image:width\" content=\"2379\" \/>\n\t<meta property=\"og:image:height\" content=\"2742\" \/>\n<meta name=\"twitter:card\" content=\"summary_large_image\" \/>\n<meta name=\"twitter:site\" content=\"@bookhut_editora\" \/>\n<script type=\"application\/ld+json\" class=\"yoast-schema-graph\">{\"@context\":\"https:\/\/schema.org\",\"@graph\":[{\"@type\":\"WebSite\",\"@id\":\"https:\/\/bookhut.pt\/#website\",\"url\":\"https:\/\/bookhut.pt\/\",\"name\":\"Book Hut Editores\",\"description\":\"\",\"potentialAction\":[{\"@type\":\"SearchAction\",\"target\":\"https:\/\/bookhut.pt\/?s={search_term_string}\",\"query-input\":\"required name=search_term_string\"}],\"inLanguage\":\"en-US\"},{\"@type\":\"ImageObject\",\"@id\":\"https:\/\/bookhut.pt\/en\/produto\/fado-marialva\/#primaryimage\",\"inLanguage\":\"en-US\",\"url\":\"https:\/\/bookhut.pt\/wp-content\/uploads\/2019\/12\/2009-Capa-FADO-MARIALVA.jpg\",\"width\":2379,\"height\":2742},{\"@type\":\"WebPage\",\"@id\":\"https:\/\/bookhut.pt\/en\/produto\/fado-marialva\/#webpage\",\"url\":\"https:\/\/bookhut.pt\/en\/produto\/fado-marialva\/\",\"name\":\"Fado Marialva - Book Hut Editores\",\"isPartOf\":{\"@id\":\"https:\/\/bookhut.pt\/#website\"},\"primaryImageOfPage\":{\"@id\":\"https:\/\/bookhut.pt\/en\/produto\/fado-marialva\/#primaryimage\"},\"datePublished\":\"2019-12-02T17:34:09+00:00\",\"dateModified\":\"2023-07-15T14:33:42+00:00\",\"inLanguage\":\"en-US\",\"potentialAction\":[{\"@type\":\"ReadAction\",\"target\":[\"https:\/\/bookhut.pt\/en\/produto\/fado-marialva\/\"]}]}]}<\/script>\n<!-- \/ Yoast SEO plugin. -->","_links":{"self":[{"href":"https:\/\/bookhut.pt\/en\/wp-json\/wp\/v2\/product\/3343"}],"collection":[{"href":"https:\/\/bookhut.pt\/en\/wp-json\/wp\/v2\/product"}],"about":[{"href":"https:\/\/bookhut.pt\/en\/wp-json\/wp\/v2\/types\/product"}],"wp:featuredmedia":[{"embeddable":true,"href":"https:\/\/bookhut.pt\/en\/wp-json\/wp\/v2\/media\/2195"}],"wp:attachment":[{"href":"https:\/\/bookhut.pt\/en\/wp-json\/wp\/v2\/media?parent=3343"}],"curies":[{"name":"wp","href":"https:\/\/api.w.org\/{rel}","templated":true}]}}