{"id":3335,"date":"2019-12-02T16:36:57","date_gmt":"2019-12-02T16:36:57","guid":{"rendered":"https:\/\/bookhut.pt\/produto\/d-nuno-de-santa-maria-the-saint\/"},"modified":"2021-01-07T19:47:49","modified_gmt":"2021-01-07T19:47:49","slug":"d-nuno-de-santa-maria-the-saint","status":"publish","type":"product","link":"https:\/\/bookhut.pt\/en\/produto\/d-nuno-de-santa-maria-the-saint\/","title":{"rendered":"D. Nuno de Santa Maria &#8211; The Saint"},"content":{"rendered":"<p>[vc_row][vc_column][vc_column_text]A book previous to the canonization of S. Nuno de Santa Mar\u00eda, attributed to Nuno \u00c1lvares Pereira in 2009. A book that alludes to the popularly known as Santo Condest\u00e1vel as a model of mercy and generosity, announces the cult that it generates, the tributes and parties in its honour, revealing in 2005 the canonical process that would lead to his beatification.[\/vc_column_text][\/vc_column][\/vc_row]<\/p>\n","protected":false},"excerpt":{"rendered":"<p>A book previous to the canonization of S. Nuno de Santa Mar\u00eda, attributed to Nuno \u00c1lvares Pereira in 2009. A book that alludes to the popularly known as Santo Condest\u00e1vel as a model of mercy and generosity, announces the cult that it generates, the tributes and parties in its honour, revealing in 2005 the canonical process that would lead to his beatification.<\/p>\n","protected":false},"featured_media":2079,"template":"","meta":[],"yoast_head":"<!-- This site is optimized with the Yoast SEO plugin v15.6 - https:\/\/yoast.com\/wordpress\/plugins\/seo\/ -->\n<title>D. Nuno de Santa Maria - The Saint - Book Hut Editores<\/title>\n<meta name=\"robots\" content=\"index, follow, max-snippet:-1, max-image-preview:large, max-video-preview:-1\" \/>\n<link rel=\"canonical\" href=\"https:\/\/bookhut.pt\/en\/produto\/d-nuno-de-santa-maria-the-saint\/\" \/>\n<meta property=\"og:locale\" content=\"en_US\" \/>\n<meta property=\"og:type\" content=\"article\" \/>\n<meta property=\"og:title\" content=\"D. Nuno de Santa Maria - The Saint - Book Hut Editores\" \/>\n<meta property=\"og:description\" content=\"A book previous to the canonization of S. Nuno de Santa Mar\u00eda, attributed to Nuno \u00c1lvares Pereira in 2009. A book that alludes to the popularly known as Santo Condest\u00e1vel as a model of mercy and generosity, announces the cult that it generates, the tributes and parties in its honour, revealing in 2005 the canonical process that would lead to his beatification.\" \/>\n<meta property=\"og:url\" content=\"https:\/\/bookhut.pt\/en\/produto\/d-nuno-de-santa-maria-the-saint\/\" \/>\n<meta property=\"og:site_name\" content=\"Book Hut Editores\" \/>\n<meta property=\"article:publisher\" content=\"https:\/\/www.facebook.com\/thebookhuteditora\/\" \/>\n<meta property=\"article:modified_time\" content=\"2021-01-07T19:47:49+00:00\" \/>\n<meta property=\"og:image\" content=\"https:\/\/bookhut.pt\/wp-content\/uploads\/2019\/12\/2005-Capa-D-NUNO-DE-SANTA-M.jpg\" \/>\n\t<meta property=\"og:image:width\" content=\"496\" \/>\n\t<meta property=\"og:image:height\" content=\"703\" \/>\n<meta name=\"twitter:card\" content=\"summary_large_image\" \/>\n<meta name=\"twitter:site\" content=\"@bookhut_editora\" \/>\n<script type=\"application\/ld+json\" class=\"yoast-schema-graph\">{\"@context\":\"https:\/\/schema.org\",\"@graph\":[{\"@type\":\"WebSite\",\"@id\":\"https:\/\/bookhut.pt\/#website\",\"url\":\"https:\/\/bookhut.pt\/\",\"name\":\"Book Hut Editores\",\"description\":\"\",\"potentialAction\":[{\"@type\":\"SearchAction\",\"target\":\"https:\/\/bookhut.pt\/?s={search_term_string}\",\"query-input\":\"required name=search_term_string\"}],\"inLanguage\":\"en-US\"},{\"@type\":\"ImageObject\",\"@id\":\"https:\/\/bookhut.pt\/en\/produto\/d-nuno-de-santa-maria-the-saint\/#primaryimage\",\"inLanguage\":\"en-US\",\"url\":\"https:\/\/bookhut.pt\/wp-content\/uploads\/2019\/12\/2005-Capa-D-NUNO-DE-SANTA-M.jpg\",\"width\":496,\"height\":703},{\"@type\":\"WebPage\",\"@id\":\"https:\/\/bookhut.pt\/en\/produto\/d-nuno-de-santa-maria-the-saint\/#webpage\",\"url\":\"https:\/\/bookhut.pt\/en\/produto\/d-nuno-de-santa-maria-the-saint\/\",\"name\":\"D. Nuno de Santa Maria - The Saint - Book Hut Editores\",\"isPartOf\":{\"@id\":\"https:\/\/bookhut.pt\/#website\"},\"primaryImageOfPage\":{\"@id\":\"https:\/\/bookhut.pt\/en\/produto\/d-nuno-de-santa-maria-the-saint\/#primaryimage\"},\"datePublished\":\"2019-12-02T16:36:57+00:00\",\"dateModified\":\"2021-01-07T19:47:49+00:00\",\"inLanguage\":\"en-US\",\"potentialAction\":[{\"@type\":\"ReadAction\",\"target\":[\"https:\/\/bookhut.pt\/en\/produto\/d-nuno-de-santa-maria-the-saint\/\"]}]}]}<\/script>\n<!-- \/ Yoast SEO plugin. -->","_links":{"self":[{"href":"https:\/\/bookhut.pt\/en\/wp-json\/wp\/v2\/product\/3335"}],"collection":[{"href":"https:\/\/bookhut.pt\/en\/wp-json\/wp\/v2\/product"}],"about":[{"href":"https:\/\/bookhut.pt\/en\/wp-json\/wp\/v2\/types\/product"}],"wp:featuredmedia":[{"embeddable":true,"href":"https:\/\/bookhut.pt\/en\/wp-json\/wp\/v2\/media\/2079"}],"wp:attachment":[{"href":"https:\/\/bookhut.pt\/en\/wp-json\/wp\/v2\/media?parent=3335"}],"curies":[{"name":"wp","href":"https:\/\/api.w.org\/{rel}","templated":true}]}}