{"id":1759,"date":"2019-12-02T17:28:59","date_gmt":"2019-12-02T17:28:59","guid":{"rendered":"https:\/\/bookhut.pt\/?post_type=product&#038;p=1759"},"modified":"2024-05-28T20:02:05","modified_gmt":"2024-05-28T20:02:05","slug":"por-esses-espacos-alem-nas-asas-da-teimosia-comandante-antonio-de-sousa-faria-e-mello-e-as-suas-voltas-ao-mundo","status":"publish","type":"product","link":"https:\/\/bookhut.pt\/en\/produto\/por-esses-espacos-alem-nas-asas-da-teimosia-comandante-antonio-de-sousa-faria-e-mello-e-as-suas-voltas-ao-mundo\/","title":{"rendered":"Por Esses Espa\u00e7os Al\u00e9m&#8230; nas Asas da Teimosia &#8211; Comandante Ant\u00f3nio de Sousa Faria e Mello e as suas voltas ao mundo"},"content":{"rendered":"<p>[vc_row][vc_column][vc_column_text]O Comdt. Antonio Faria e Mello escreveu um livro, que n\u00e3o chegou a ser editado em vida, a que chamou Por Esses Espa\u00e7os Al\u00e9m&#8230; onde est\u00e1 inclu\u00eddo, entre outros, o relato da sua primeira volta ao Mundo.|Foi decidido agora, ao editar o livro, respeitando o t\u00edtulo e o texto original de Faria e Mello, incluir tamb\u00e9m os escritos de sua autoria relativos \u00e0 segunda Volta ao Mundo e, como anexo, tr\u00eas textos seus contendo recorda\u00e7\u00f5es da DETA.| Tamb\u00e9m foi decidido, com a devida autoriza\u00e7\u00e3o e consequente identifica\u00e7\u00e3o, incluir textos da autoria do Dr. Delfim Costa, piloto do avi\u00e3o Cessna CS-AOD no qual levou a cabo a sua primeira volta ao Mundo, acompanhando o Alice 19 na segunda, por contribuir, completando e enriquecendo com a sua descri\u00e7\u00e3o, na posi\u00e7\u00e3o previligiada de actor e de espectador, a vis\u00e3o do leitor sobre a viagem.[\/vc_column_text][\/vc_column][\/vc_row]<\/p>\n","protected":false},"excerpt":{"rendered":"<p>O Comdt. Antonio Faria e Mello escreveu um livro, que n\u00e3o chegou a ser editado em vida, a que chamou Por Esses Espa\u00e7os Al\u00e9m&#8230; onde est\u00e1 inclu\u00eddo, entre outros, o relato da sua primeira volta ao Mundo.|Foi decidido agora, ao editar o livro, respeitando o t\u00edtulo e o texto original de Faria e Mello, incluir tamb\u00e9m os escritos de sua autoria relativos \u00e0 segunda Volta ao Mundo e, como anexo, tr\u00eas textos seus contendo recorda\u00e7\u00f5es da DETA.| Tamb\u00e9m foi decidido, com a devida autoriza\u00e7\u00e3o e consequente identifica\u00e7\u00e3o, incluir textos da autoria do Dr. Delfim Costa, piloto do avi\u00e3o Cessna CS-AOD no qual levou a cabo a sua primeira volta ao Mundo, acompanhando o Alice 19 na segunda, por contribuir, completando e enriquecendo com a sua descri\u00e7\u00e3o, na posi\u00e7\u00e3o previligiada de actor e de espectador, a vis\u00e3o do leitor sobre a viagem.<\/p>\n","protected":false},"featured_media":2166,"template":"","meta":[],"yoast_head":"<!-- This site is optimized with the Yoast SEO plugin v15.6 - https:\/\/yoast.com\/wordpress\/plugins\/seo\/ -->\n<title>Por Esses Espa\u00e7os Al\u00e9m... nas Asas da Teimosia - Comandante Ant\u00f3nio de Sousa Faria e Mello e as suas voltas ao mundo - Book Hut Editores<\/title>\n<meta name=\"robots\" content=\"index, follow, max-snippet:-1, max-image-preview:large, max-video-preview:-1\" \/>\n<link rel=\"canonical\" href=\"https:\/\/bookhut.pt\/en\/produto\/por-esses-espacos-alem-nas-asas-da-teimosia-comandante-antonio-de-sousa-faria-e-mello-e-as-suas-voltas-ao-mundo\/\" \/>\n<meta property=\"og:locale\" content=\"en_US\" \/>\n<meta property=\"og:type\" content=\"article\" \/>\n<meta property=\"og:title\" content=\"Por Esses Espa\u00e7os Al\u00e9m... nas Asas da Teimosia - Comandante Ant\u00f3nio de Sousa Faria e Mello e as suas voltas ao mundo - Book Hut Editores\" \/>\n<meta property=\"og:description\" content=\"O Comdt. Antonio Faria e Mello escreveu um livro, que n\u00e3o chegou a ser editado em vida, a que chamou Por Esses Espa\u00e7os Al\u00e9m... onde est\u00e1 inclu\u00eddo, entre outros, o relato da sua primeira volta ao Mundo.|Foi decidido agora, ao editar o livro, respeitando o t\u00edtulo e o texto original de Faria e Mello, incluir tamb\u00e9m os escritos de sua autoria relativos \u00e0 segunda Volta ao Mundo e, como anexo, tr\u00eas textos seus contendo recorda\u00e7\u00f5es da DETA.| Tamb\u00e9m foi decidido, com a devida autoriza\u00e7\u00e3o e consequente identifica\u00e7\u00e3o, incluir textos da autoria do Dr. Delfim Costa, piloto do avi\u00e3o Cessna CS-AOD no qual levou a cabo a sua primeira volta ao Mundo, acompanhando o Alice 19 na segunda, por contribuir, completando e enriquecendo com a sua descri\u00e7\u00e3o, na posi\u00e7\u00e3o previligiada de actor e de espectador, a vis\u00e3o do leitor sobre a viagem.\" \/>\n<meta property=\"og:url\" content=\"https:\/\/bookhut.pt\/en\/produto\/por-esses-espacos-alem-nas-asas-da-teimosia-comandante-antonio-de-sousa-faria-e-mello-e-as-suas-voltas-ao-mundo\/\" \/>\n<meta property=\"og:site_name\" content=\"Book Hut Editores\" \/>\n<meta property=\"article:publisher\" content=\"https:\/\/www.facebook.com\/thebookhuteditora\/\" \/>\n<meta property=\"article:modified_time\" content=\"2024-05-28T20:02:05+00:00\" \/>\n<meta property=\"og:image\" content=\"https:\/\/bookhut.pt\/wp-content\/uploads\/2019\/12\/2008-Capa-Faria-e-Mello.jpg\" \/>\n\t<meta property=\"og:image:width\" content=\"1888\" \/>\n\t<meta property=\"og:image:height\" content=\"2714\" \/>\n<meta name=\"twitter:card\" content=\"summary_large_image\" \/>\n<meta name=\"twitter:site\" content=\"@bookhut_editora\" \/>\n<script type=\"application\/ld+json\" class=\"yoast-schema-graph\">{\"@context\":\"https:\/\/schema.org\",\"@graph\":[{\"@type\":\"WebSite\",\"@id\":\"https:\/\/bookhut.pt\/#website\",\"url\":\"https:\/\/bookhut.pt\/\",\"name\":\"Book Hut Editores\",\"description\":\"\",\"potentialAction\":[{\"@type\":\"SearchAction\",\"target\":\"https:\/\/bookhut.pt\/?s={search_term_string}\",\"query-input\":\"required name=search_term_string\"}],\"inLanguage\":\"en-US\"},{\"@type\":\"ImageObject\",\"@id\":\"https:\/\/bookhut.pt\/en\/produto\/por-esses-espacos-alem-nas-asas-da-teimosia-comandante-antonio-de-sousa-faria-e-mello-e-as-suas-voltas-ao-mundo\/#primaryimage\",\"inLanguage\":\"en-US\",\"url\":\"https:\/\/bookhut.pt\/wp-content\/uploads\/2019\/12\/2008-Capa-Faria-e-Mello.jpg\",\"width\":1888,\"height\":2714},{\"@type\":\"WebPage\",\"@id\":\"https:\/\/bookhut.pt\/en\/produto\/por-esses-espacos-alem-nas-asas-da-teimosia-comandante-antonio-de-sousa-faria-e-mello-e-as-suas-voltas-ao-mundo\/#webpage\",\"url\":\"https:\/\/bookhut.pt\/en\/produto\/por-esses-espacos-alem-nas-asas-da-teimosia-comandante-antonio-de-sousa-faria-e-mello-e-as-suas-voltas-ao-mundo\/\",\"name\":\"Por Esses Espa\\u00e7os Al\\u00e9m... nas Asas da Teimosia - Comandante Ant\\u00f3nio de Sousa Faria e Mello e as suas voltas ao mundo - Book Hut Editores\",\"isPartOf\":{\"@id\":\"https:\/\/bookhut.pt\/#website\"},\"primaryImageOfPage\":{\"@id\":\"https:\/\/bookhut.pt\/en\/produto\/por-esses-espacos-alem-nas-asas-da-teimosia-comandante-antonio-de-sousa-faria-e-mello-e-as-suas-voltas-ao-mundo\/#primaryimage\"},\"datePublished\":\"2019-12-02T17:28:59+00:00\",\"dateModified\":\"2024-05-28T20:02:05+00:00\",\"inLanguage\":\"en-US\",\"potentialAction\":[{\"@type\":\"ReadAction\",\"target\":[\"https:\/\/bookhut.pt\/en\/produto\/por-esses-espacos-alem-nas-asas-da-teimosia-comandante-antonio-de-sousa-faria-e-mello-e-as-suas-voltas-ao-mundo\/\"]}]}]}<\/script>\n<!-- \/ Yoast SEO plugin. -->","_links":{"self":[{"href":"https:\/\/bookhut.pt\/en\/wp-json\/wp\/v2\/product\/1759"}],"collection":[{"href":"https:\/\/bookhut.pt\/en\/wp-json\/wp\/v2\/product"}],"about":[{"href":"https:\/\/bookhut.pt\/en\/wp-json\/wp\/v2\/types\/product"}],"wp:featuredmedia":[{"embeddable":true,"href":"https:\/\/bookhut.pt\/en\/wp-json\/wp\/v2\/media\/2166"}],"wp:attachment":[{"href":"https:\/\/bookhut.pt\/en\/wp-json\/wp\/v2\/media?parent=1759"}],"curies":[{"name":"wp","href":"https:\/\/api.w.org\/{rel}","templated":true}]}}